{"id":108,"date":"2015-06-28T14:00:15","date_gmt":"2015-06-28T12:00:15","guid":{"rendered":"http:\/\/www.sts-flottbek.de\/?page_id=108"},"modified":"2023-10-13T09:49:37","modified_gmt":"2023-10-13T07:49:37","slug":"speisplan","status":"publish","type":"page","link":"https:\/\/www.sts-flottbek.de\/?page_id=108","title":{"rendered":"Speiseplan"},"content":{"rendered":"<div id=\"pl-108\"  class=\"panel-layout\" ><div id=\"pg-108-0\"  class=\"panel-grid panel-no-style\" ><div id=\"pgc-108-0-0\"  class=\"panel-grid-cell\" ><div id=\"panel-108-0-0-0\" class=\"so-panel widget widget_sow-editor panel-first-child panel-last-child\" data-index=\"0\" ><div\n\t\t\t\n\t\t\tclass=\"so-widget-sow-editor so-widget-sow-editor-base\"\n\t\t\t\n\t\t>\n<div class=\"siteorigin-widget-tinymce textwidget\">\n\t<p><img loading=\"lazy\" decoding=\"async\" class=\"wp-image-5731 alignright\" src=\"https:\/\/www.sts-flottbek.de\/wp-content\/uploads\/2022\/07\/Alsterfood-300x109.jpg\" alt=\"\" width=\"325\" height=\"118\" \/><\/p>\n<p>AlsterFood \u2013 das bedeutet Spa\u00df am Kochen, Freude am Genuss und jahrelange Erfahrung darin, viele Menschen nicht nur satt, sondern auch gl\u00fccklich zu machen. Als Hamburger Betrieb versorgen wir unter anderem Schulkinder, Krankenh\u00e4user sowie Firmen und wissen, dass jede Gruppe ein individuelles Verpflegungskonzept braucht, das wir mit unseren Kunden gemeinsam ausarbeiten.<\/p>\n<p>Wir freuen uns, nun auch hier den aktuellen Speiseplan anbieten zu k\u00f6nnen.<\/p>\n<p><a href=\"http:\/\/sts-flottbek.sams-on.de?action=foodplan&amp;week=thisWeek&amp;scroll=true\" target=\"_blank\" rel=\"noopener\">--&gt; Hier geht's zum aktuellen Speiseplan Alsterfood<\/a><\/p>\n<p>Die Bestellung und Verwaltung des Essens wird \u00fcber das Online-Bestellsystem durchgef\u00fchrt. Detaillierte Informationen entnehmen Sie bitte <a href=\"https:\/\/www.sts-flottbek.de\/?page_id=4626\">HIER.<\/a><\/p>\n<p>&nbsp;<\/p>\n<p>&nbsp;<\/p>\n<\/div>\n<\/div><\/div><\/div><\/div><\/div>","protected":false},"excerpt":{"rendered":"<p>AlsterFood \u2013 das bedeutet Spa\u00df am Kochen, Freude am Genuss und jahrelange Erfahrung darin, viele Menschen nicht nur satt, sondern auch gl\u00fccklich zu machen. Als Hamburger Betrieb versorgen wir unter&hellip;&nbsp;<a href=\"https:\/\/www.sts-flottbek.de\/?page_id=108\" class=\"more-link\">&#8230; mehr<\/a><\/p>\n","protected":false},"author":1,"featured_media":0,"parent":916,"menu_order":0,"comment_status":"closed","ping_status":"closed","template":"","meta":{"footnotes":""},"class_list":["post-108","page","type-page","status-publish","hentry"],"_links":{"self":[{"href":"https:\/\/www.sts-flottbek.de\/index.php?rest_route=\/wp\/v2\/pages\/108","targetHints":{"allow":["GET"]}}],"collection":[{"href":"https:\/\/www.sts-flottbek.de\/index.php?rest_route=\/wp\/v2\/pages"}],"about":[{"href":"https:\/\/www.sts-flottbek.de\/index.php?rest_route=\/wp\/v2\/types\/page"}],"author":[{"embeddable":true,"href":"https:\/\/www.sts-flottbek.de\/index.php?rest_route=\/wp\/v2\/users\/1"}],"replies":[{"embeddable":true,"href":"https:\/\/www.sts-flottbek.de\/index.php?rest_route=%2Fwp%2Fv2%2Fcomments&post=108"}],"version-history":[{"count":167,"href":"https:\/\/www.sts-flottbek.de\/index.php?rest_route=\/wp\/v2\/pages\/108\/revisions"}],"predecessor-version":[{"id":7166,"href":"https:\/\/www.sts-flottbek.de\/index.php?rest_route=\/wp\/v2\/pages\/108\/revisions\/7166"}],"up":[{"embeddable":true,"href":"https:\/\/www.sts-flottbek.de\/index.php?rest_route=\/wp\/v2\/pages\/916"}],"wp:attachment":[{"href":"https:\/\/www.sts-flottbek.de\/index.php?rest_route=%2Fwp%2Fv2%2Fmedia&parent=108"}],"curies":[{"name":"wp","href":"https:\/\/api.w.org\/{rel}","templated":true}]}}