{"id":1087,"date":"2018-05-20T16:45:49","date_gmt":"2018-05-20T14:45:49","guid":{"rendered":"http:\/\/www.sts-flottbek.de\/?page_id=1087"},"modified":"2021-03-22T11:53:58","modified_gmt":"2021-03-22T10:53:58","slug":"mathematik","status":"publish","type":"page","link":"https:\/\/www.sts-flottbek.de\/?page_id=1087","title":{"rendered":"Mathematik"},"content":{"rendered":"<p>Das Schulfach Mathematik sollte jede Sch\u00fclerin und jeden Sch\u00fcler mit dem Handwerkszeug f\u00fcrs t\u00e4gliche Leben ausstatten.<em> Im Mathematikunterricht lernen die Sch\u00fclerinnen und Sch\u00fcler Begriffe und Methoden, um ihre Umwelt mathematisch zu durchdringen, sich in ihr zu orientieren und Probleme mit mathematischen Mitteln zu l\u00f6sen. <\/em>(Bildungsplan Stadtteilschule 5-11 Mathematik 2011)<\/p>\n<p>&nbsp;<\/p>\n<p>Wie ist der Mathematikunterricht an der StS Flottbek angelegt, dass die Sch\u00fcler*innen mathematische Kompetenzen erwerben?<\/p>\n<ul>\n<li>Ab dem Schuljahr 2018\/19 sind zwei zus\u00e4tzliche Mathematikstunden vorgesehen. Die eine Stunde wird zuk\u00fcnftig in Klasse 6 erteilt, um Basiskompetenzen zu st\u00e4rken. Die zweite Mathematikstunde ist im Jahrgang 9 zum \u00dcben und Vertiefen vorgesehen.<\/li>\n<li>Der Mathematikunterricht an der StS Flottbek ist kompetenz- und praxisorientiert und f\u00f6rdert das selbstst\u00e4ndige Arbeiten. \u2192<\/li>\n<\/ul>\n<p>Die inhaltsbezogenen <a href=\"http:\/\/www.sts-flottbek.de\/wp-content\/uploads\/2018\/05\/Mathematik-Kompetenzen-und-Leitideen.pdf\" target=\"_blank\" rel=\"noopener\">mathematischen Kompetenzen<\/a> orientieren sich an den Leitideen <em>Zahl und Messen, Raum und Form, Funktionaler Zusammenhang und Daten und Zufall \u2192<\/em><\/p>\n<ul>\n<li>Das selbstst\u00e4ndige Arbeiten mit Checklisten und die Differenzierung durch verschiedene Niveaus erm\u00f6glichen jeder Sch\u00fclerin und jedem Sch\u00fcler individuelle Lernwege.<\/li>\n<li>In den Jahrg\u00e4ngen 5-8 wird handlungsorientiertes Arbeiten mit dem Material aus der Mathewerkstatt verankert.<em> \u2192<\/em><\/li>\n<li>Sp\u00e4testens ab Klasse 8 wird die Differenzierung durch kleinere Lerngruppen unterst\u00fctzt, z.B. werden 3 Klassen auf 4 Mathematiklehrer aufgeteilt.<\/li>\n<li>In den Klassen 9 und 10 werden die Sch\u00fcler*innen durch eine gezielte Pr\u00fcfungsvorbereitung auf den ESA- und MSA-Abschluss vorbereitet.<\/li>\n<\/ul>\n<p>Unterst\u00fctzung finden Sch\u00fcler*innen durch eine additive F\u00f6rderung.<\/p>\n<ul>\n<li>Die SuS der StS Flottbek beteiligen sich regelm\u00e4\u00dfig am Wettbewerb\u00a0<a href=\"http:\/\/www.mathe-kaenguru.de\" target=\"_blank\" rel=\"noopener\">K\u00e4nguru der Mathematik<\/a><\/li>\n<\/ul>\n<p>Eine langj\u00e4hrige Mitarbeit der Mathematiklehrer bei Sinus und der regelm\u00e4\u00dfige Austausch in Aussch\u00fcssen und Fortbildungen tr\u00e4gt zu einer Verbesserung der Qualit\u00e4t unseres Mathematikunterrichts bei.<\/p>\n<p><a href=\"http:\/\/www.sts-flottbek.de\/wp-content\/uploads\/2018\/05\/Mathematik-Themen\u00fcbersicht.pdf\">Mathematik Themen\u00fcbersicht<\/a><\/p>\n","protected":false},"excerpt":{"rendered":"<p>Das Schulfach Mathematik sollte jede Sch\u00fclerin und jeden Sch\u00fcler mit dem Handwerkszeug f\u00fcrs t\u00e4gliche Leben ausstatten. Im Mathematikunterricht lernen die Sch\u00fclerinnen und Sch\u00fcler Begriffe und Methoden, um ihre Umwelt mathematisch&hellip;&nbsp;<a href=\"https:\/\/www.sts-flottbek.de\/?page_id=1087\" class=\"more-link\">&#8230; mehr<\/a><\/p>\n","protected":false},"author":5,"featured_media":0,"parent":4276,"menu_order":80,"comment_status":"closed","ping_status":"closed","template":"","meta":{"footnotes":""},"class_list":["post-1087","page","type-page","status-publish","hentry"],"_links":{"self":[{"href":"https:\/\/www.sts-flottbek.de\/index.php?rest_route=\/wp\/v2\/pages\/1087","targetHints":{"allow":["GET"]}}],"collection":[{"href":"https:\/\/www.sts-flottbek.de\/index.php?rest_route=\/wp\/v2\/pages"}],"about":[{"href":"https:\/\/www.sts-flottbek.de\/index.php?rest_route=\/wp\/v2\/types\/page"}],"author":[{"embeddable":true,"href":"https:\/\/www.sts-flottbek.de\/index.php?rest_route=\/wp\/v2\/users\/5"}],"replies":[{"embeddable":true,"href":"https:\/\/www.sts-flottbek.de\/index.php?rest_route=%2Fwp%2Fv2%2Fcomments&post=1087"}],"version-history":[{"count":1,"href":"https:\/\/www.sts-flottbek.de\/index.php?rest_route=\/wp\/v2\/pages\/1087\/revisions"}],"predecessor-version":[{"id":1090,"href":"https:\/\/www.sts-flottbek.de\/index.php?rest_route=\/wp\/v2\/pages\/1087\/revisions\/1090"}],"up":[{"embeddable":true,"href":"https:\/\/www.sts-flottbek.de\/index.php?rest_route=\/wp\/v2\/pages\/4276"}],"wp:attachment":[{"href":"https:\/\/www.sts-flottbek.de\/index.php?rest_route=%2Fwp%2Fv2%2Fmedia&parent=1087"}],"curies":[{"name":"wp","href":"https:\/\/api.w.org\/{rel}","templated":true}]}}