{"id":1095,"date":"2018-05-20T16:51:46","date_gmt":"2018-05-20T14:51:46","guid":{"rendered":"http:\/\/www.sts-flottbek.de\/?page_id=1095"},"modified":"2021-03-22T11:53:37","modified_gmt":"2021-03-22T10:53:37","slug":"gesellschaft","status":"publish","type":"page","link":"https:\/\/www.sts-flottbek.de\/?page_id=1095","title":{"rendered":"Gesellschaft"},"content":{"rendered":"<p>Der Lernbereich Gesellschaft beinhaltet Themen aus den F\u00e4chern Geschichte, Geographie, Politik\/Gesellschaft, Wirtschaft und Recht.<\/p>\n<p>Die Verbindung dieser verschiedenen Themenbereiche ist gekennzeichnet durch Lernen in Zusammenh\u00e4ngen. Beleuchtet werden die vielschichtigen Lebensbedingungen von Menschen in der Vergangenheit, der Gegenwart und der Zukunft.<\/p>\n<p>Die Sch\u00fcler*innen erforschen dieses Zusammenleben unter den Aspekten der politischen, gesellschaftlichen und wirtschaftlichen Gestaltung und setzen sich mit r\u00e4umlichen, zeitlichen und rechtlichen Bedingungen auseinander.<\/p>\n<p>Angestrebt wird eine umfassende gesellschaftspolitische Bildung, die zur M\u00fcndigkeit des Einzelnen und damit zu einer selbstverantwortlichen Urteilsf\u00e4higkeit f\u00fchrt.<\/p>\n<p><em>\u201eZiel des Unterrichts im Lernbereich Gesellschaftswissenschaften ist M\u00fcndigkeit, hier verstanden als die F\u00e4higkeit, Fertigkeit und Bereitschaft, Verantwortung f\u00fcr das eigene Leben zu \u00fcbernehmen und verantwortlich und reflektiert am gesellschaftlichen und politischen Leben teilzunehmen.\u201c<\/em>(Bildungsplan Stadtteilschule, Jahrgangsstufen 5 bis 11, Lernbereich Gesellschaftswissenschaften)<\/p>\n<p>Im Gesellschaftsunterricht werden die jeweils spezifischen Kompetenzen zu den F\u00e4chern Geschichte, Geographie und Politik\/Gesellschaft erworben, um die Anschlussm\u00f6glichkeiten in der gymnasialen Oberstufe zu sichern.<\/p>\n<p>&nbsp;<\/p>\n<p><em>Diese Kompetenzen gliedern sich in folgende Kompetenzbereiche:<\/em><\/p>\n<ul>\n<li><em> Perspektiv- und Konfliktf\u00e4higkeit,<\/em><\/li>\n<li><em> Analysef\u00e4higkeit,<\/em><\/li>\n<li><em> Urteilsf\u00e4higkeit und<\/em><\/li>\n<li><em> Partizipationsf\u00e4higkeit.<\/em><\/li>\n<\/ul>\n<p><em>Erg\u00e4nzend kommen die fachspezifischen Kompetenzbereiche hinzu:<\/em><\/p>\n<ul>\n<li><em> Orientierung im Raum und<\/em><\/li>\n<li><em> Orientierung in der Zeit.<\/em><\/li>\n<\/ul>\n<p>(Bildungsplan Stadtteilschule)<\/p>\n<p>&nbsp;<\/p>\n<p>Der Unterricht im Lernbereich Gesellschaft f\u00fchrt damit zu einem differenzierten Weltverst\u00e4ndnis, in dem Werte und Normen erfahrbar werden, unterschiedliche Sichtweisen und Konflikte diskutiert und demokratische Verhaltensweisen einge\u00fcbt werden.<\/p>\n","protected":false},"excerpt":{"rendered":"<p>Der Lernbereich Gesellschaft beinhaltet Themen aus den F\u00e4chern Geschichte, Geographie, Politik\/Gesellschaft, Wirtschaft und Recht. Die Verbindung dieser verschiedenen Themenbereiche ist gekennzeichnet durch Lernen in Zusammenh\u00e4ngen. Beleuchtet werden die vielschichtigen Lebensbedingungen&hellip;&nbsp;<a href=\"https:\/\/www.sts-flottbek.de\/?page_id=1095\" class=\"more-link\">&#8230; mehr<\/a><\/p>\n","protected":false},"author":5,"featured_media":0,"parent":4276,"menu_order":77,"comment_status":"closed","ping_status":"closed","template":"","meta":{"footnotes":""},"class_list":["post-1095","page","type-page","status-publish","hentry"],"_links":{"self":[{"href":"https:\/\/www.sts-flottbek.de\/index.php?rest_route=\/wp\/v2\/pages\/1095","targetHints":{"allow":["GET"]}}],"collection":[{"href":"https:\/\/www.sts-flottbek.de\/index.php?rest_route=\/wp\/v2\/pages"}],"about":[{"href":"https:\/\/www.sts-flottbek.de\/index.php?rest_route=\/wp\/v2\/types\/page"}],"author":[{"embeddable":true,"href":"https:\/\/www.sts-flottbek.de\/index.php?rest_route=\/wp\/v2\/users\/5"}],"replies":[{"embeddable":true,"href":"https:\/\/www.sts-flottbek.de\/index.php?rest_route=%2Fwp%2Fv2%2Fcomments&post=1095"}],"version-history":[{"count":1,"href":"https:\/\/www.sts-flottbek.de\/index.php?rest_route=\/wp\/v2\/pages\/1095\/revisions"}],"predecessor-version":[{"id":1096,"href":"https:\/\/www.sts-flottbek.de\/index.php?rest_route=\/wp\/v2\/pages\/1095\/revisions\/1096"}],"up":[{"embeddable":true,"href":"https:\/\/www.sts-flottbek.de\/index.php?rest_route=\/wp\/v2\/pages\/4276"}],"wp:attachment":[{"href":"https:\/\/www.sts-flottbek.de\/index.php?rest_route=%2Fwp%2Fv2%2Fmedia&parent=1095"}],"curies":[{"name":"wp","href":"https:\/\/api.w.org\/{rel}","templated":true}]}}