{"id":1108,"date":"2018-05-20T17:11:05","date_gmt":"2018-05-20T15:11:05","guid":{"rendered":"http:\/\/www.sts-flottbek.de\/?page_id=1108"},"modified":"2021-03-22T11:53:21","modified_gmt":"2021-03-22T10:53:21","slug":"sport-2","status":"publish","type":"page","link":"https:\/\/www.sts-flottbek.de\/?page_id=1108","title":{"rendered":"Physik"},"content":{"rendered":"<p>Das Fach Physik wird in der 8., 9., und 10. Klasse in halben Gruppen unterrichtet. Gleichzeitig hat der andere Teil der Lerngruppe das Fach Chemie. Im Halbjahr eines jeden Schuljahres wird das Fach getauscht, so dass jede Sch\u00fclerin und jeder Sch\u00fcler ein halbes Jahr Physik und ein halbes Jahr Chemie haben.<\/p>\n<p>Die Teilung der Klassen erm\u00f6glicht es uns im Unterricht auch praktische Schwer-punkte zu setzen, welche vom Ph\u00e4nomen ausgehend, Verallgemeinerungen erm\u00f6g-lichen und nicht zuletzt auch Gesetzm\u00e4\u00dfigkeiten erkennen lassen.<\/p>\n<p>Nat\u00fcrlich baut unser Physikunterricht auch auf den Vorerfahrungen und Kenntnissen der Sch\u00fcler*innen auf und mit einem gewissen Ma\u00df an Differenzierung m\u00f6chten wir m\u00f6glichst allen Sch\u00fcler*innen gerecht werden.<\/p>\n<p>Der Physikunterricht an unserer Schule orientiert sich selbstverst\u00e4ndlich am Rahmenplan f\u00fcr die Stadtteilschule. Die Themenschwerpunkte an unserer Schule sind: <strong>(Auswahl)<\/strong><\/p>\n<ul>\n<li>Mechanik und Elektrizit\u00e4tslehre<\/li>\n<li>Thermodynamik<\/li>\n<li>Arbeit und Energie<\/li>\n<li>Optik und Struktur der Materie<\/li>\n<\/ul>\n<p>&nbsp;<\/p>\n<p>Diese Themen werden \u2013 sofern dieses gegebenenfalls m\u00f6glich ist \u2013 in Kontexte eingebettet, die f\u00fcr die Sch\u00fcler*innen auch im Alltag von Nutzen sind.<\/p>\n<p>&nbsp;<\/p>\n<p style=\"text-align: center;\"><em>Treffen sich zwei Atome, sagt das eine: &#8222;Ich habe mein Elektron verloren.\u201c<\/em><\/p>\n<p><em>Darauf das Andere: \u201eSieh es einfach positiv!\u201c<\/em><\/p>\n","protected":false},"excerpt":{"rendered":"<p>Das Fach Physik wird in der 8., 9., und 10. Klasse in halben Gruppen unterrichtet. Gleichzeitig hat der andere Teil der Lerngruppe das Fach Chemie. Im Halbjahr eines jeden Schuljahres&hellip;&nbsp;<a href=\"https:\/\/www.sts-flottbek.de\/?page_id=1108\" class=\"more-link\">&#8230; mehr<\/a><\/p>\n","protected":false},"author":5,"featured_media":0,"parent":4276,"menu_order":70,"comment_status":"closed","ping_status":"closed","template":"","meta":{"footnotes":""},"class_list":["post-1108","page","type-page","status-publish","hentry"],"_links":{"self":[{"href":"https:\/\/www.sts-flottbek.de\/index.php?rest_route=\/wp\/v2\/pages\/1108","targetHints":{"allow":["GET"]}}],"collection":[{"href":"https:\/\/www.sts-flottbek.de\/index.php?rest_route=\/wp\/v2\/pages"}],"about":[{"href":"https:\/\/www.sts-flottbek.de\/index.php?rest_route=\/wp\/v2\/types\/page"}],"author":[{"embeddable":true,"href":"https:\/\/www.sts-flottbek.de\/index.php?rest_route=\/wp\/v2\/users\/5"}],"replies":[{"embeddable":true,"href":"https:\/\/www.sts-flottbek.de\/index.php?rest_route=%2Fwp%2Fv2%2Fcomments&post=1108"}],"version-history":[{"count":2,"href":"https:\/\/www.sts-flottbek.de\/index.php?rest_route=\/wp\/v2\/pages\/1108\/revisions"}],"predecessor-version":[{"id":1111,"href":"https:\/\/www.sts-flottbek.de\/index.php?rest_route=\/wp\/v2\/pages\/1108\/revisions\/1111"}],"up":[{"embeddable":true,"href":"https:\/\/www.sts-flottbek.de\/index.php?rest_route=\/wp\/v2\/pages\/4276"}],"wp:attachment":[{"href":"https:\/\/www.sts-flottbek.de\/index.php?rest_route=%2Fwp%2Fv2%2Fmedia&parent=1108"}],"curies":[{"name":"wp","href":"https:\/\/api.w.org\/{rel}","templated":true}]}}