{"id":1137,"date":"2018-05-22T22:11:40","date_gmt":"2018-05-22T20:11:40","guid":{"rendered":"http:\/\/www.sts-flottbek.de\/?page_id=1137"},"modified":"2021-03-22T11:53:13","modified_gmt":"2021-03-22T10:53:13","slug":"englisch","status":"publish","type":"page","link":"https:\/\/www.sts-flottbek.de\/?page_id=1137","title":{"rendered":"Englisch"},"content":{"rendered":"<p><strong>Kommunikation in der englischen Sprache steht in unserem Englischunterricht im Vordergrund.<\/strong><\/p>\n<p>Die Sch\u00fclerinnen und Sch\u00fcler sollen in der Lage sein, sich auf Englisch zu\u00a0 ihnen vertrauten Themen zu verst\u00e4ndigen, englische Texte zu verstehen, eigene Texte auf Englisch zu verfassen und aus Geh\u00f6rtem\u00a0 Informationen zu entnehmen.<\/p>\n<p>Der Unterricht ist sch\u00fclerzentriert, orientiert sich an Themen, die f\u00fcr die Sch\u00fcler einen Lebensweltbezug haben und findet \u00fcberwiegend einsprachig\u00a0 in der Zielsprache statt.<\/p>\n<p>In der 5. Klasse bauen wir zun\u00e4chst auf den Vorkenntnissen\u00a0 der Sch\u00fcler auf, die sie aus der Grundschule mitbringen. Diese werden in den folgenden Schuljahren erweitert und vertieft.<\/p>\n<p>Alle Leistungen, die im Unterricht erbracht werden, dienen \u00a0zu 60% der Leistungsmessung. Daf\u00fcr haben wir Kriterien f\u00fcr die laufende Mitarbeit erstellt:<\/p>\n<ul>\n<li>Ich erscheine p\u00fcnktlich zum Unterricht<\/li>\n<li>Ich habe mein Arbeitsmaterial bereit<\/li>\n<li>Ich erledige meine Hausaufgaben regelm\u00e4\u00dfig<\/li>\n<li>Ich halte mich an Gespr\u00e4chsregeln<\/li>\n<li>Ich bem\u00fche mich in der englischen Sprache zu sprechen<\/li>\n<li>Ich spreche bei Partnerinterviews, surveys o.\u00e4. mit meinen Mitsch\u00fclern Englisch<\/li>\n<li>Ich lege bei Arbeitsauftr\u00e4gen z\u00fcgig und zielorientiert los<\/li>\n<li>Ich erledige schriftliche Aufgaben sorgf\u00e4ltig<\/li>\n<li>Ich beteilige mich regelm\u00e4\u00dfig am Unterricht<\/li>\n<li>Ich bereite mich auf Vokabeltests vor<\/li>\n<li>Ich kann mich in umfangreichen\/komplexen S\u00e4tzen in der englischen Sprache ausdr\u00fccken<\/li>\n<\/ul>\n<p>Pro Halbjahr werden 2 schriftliche Arbeiten klassen\u00fcbergreifend \u00a0geschrieben, die zusammen 40% der Gesamtbewertung ausmachen.<\/p>\n<p>Jedes Schuljahr wird eine Lekt\u00fcre gelesen. Die Sch\u00fcler fertigen hierzu ein <em>reading log<\/em> an, in dem sie unterschiedliche Aufgaben kreativ und individuell bearbeiten.<\/p>\n<p>Einmal im Jahr findet eine Projektfahrt mit Sch\u00fclern der Jahrg\u00e4nge 8-10 nach Eastbourne in England statt. Die Sch\u00fcler haben in ihren Gastfamilien und dem t\u00e4glichen Leben die M\u00f6glichkeit hier ihre Sprachkenntnisse vor Ort anzuwenden , auszuprobieren und zu vertiefen.<\/p>\n<p>Unter folgendem Link ist der Blog \u00fcber die Reise finden: <span style=\"color: #0000ff;\"><a style=\"color: #0000ff;\" href=\"https:\/\/klassenbloghmueller.wordpress.com\/\">Schulfahrt Eastbourne<\/a><\/span><\/p>\n<p>Das Passwort lautet: schulfahrt2018<\/p>\n","protected":false},"excerpt":{"rendered":"<p>Kommunikation in der englischen Sprache steht in unserem Englischunterricht im Vordergrund. Die Sch\u00fclerinnen und Sch\u00fcler sollen in der Lage sein, sich auf Englisch zu\u00a0 ihnen vertrauten Themen zu verst\u00e4ndigen, englische&hellip;&nbsp;<a href=\"https:\/\/www.sts-flottbek.de\/?page_id=1137\" class=\"more-link\">&#8230; mehr<\/a><\/p>\n","protected":false},"author":5,"featured_media":0,"parent":4276,"menu_order":70,"comment_status":"closed","ping_status":"closed","template":"","meta":{"footnotes":""},"class_list":["post-1137","page","type-page","status-publish","hentry"],"_links":{"self":[{"href":"https:\/\/www.sts-flottbek.de\/index.php?rest_route=\/wp\/v2\/pages\/1137","targetHints":{"allow":["GET"]}}],"collection":[{"href":"https:\/\/www.sts-flottbek.de\/index.php?rest_route=\/wp\/v2\/pages"}],"about":[{"href":"https:\/\/www.sts-flottbek.de\/index.php?rest_route=\/wp\/v2\/types\/page"}],"author":[{"embeddable":true,"href":"https:\/\/www.sts-flottbek.de\/index.php?rest_route=\/wp\/v2\/users\/5"}],"replies":[{"embeddable":true,"href":"https:\/\/www.sts-flottbek.de\/index.php?rest_route=%2Fwp%2Fv2%2Fcomments&post=1137"}],"version-history":[{"count":3,"href":"https:\/\/www.sts-flottbek.de\/index.php?rest_route=\/wp\/v2\/pages\/1137\/revisions"}],"predecessor-version":[{"id":1612,"href":"https:\/\/www.sts-flottbek.de\/index.php?rest_route=\/wp\/v2\/pages\/1137\/revisions\/1612"}],"up":[{"embeddable":true,"href":"https:\/\/www.sts-flottbek.de\/index.php?rest_route=\/wp\/v2\/pages\/4276"}],"wp:attachment":[{"href":"https:\/\/www.sts-flottbek.de\/index.php?rest_route=%2Fwp%2Fv2%2Fmedia&parent=1137"}],"curies":[{"name":"wp","href":"https:\/\/api.w.org\/{rel}","templated":true}]}}