{"id":12,"date":"2015-05-01T15:13:41","date_gmt":"2015-05-01T13:13:41","guid":{"rendered":"http:\/\/www.sts-flottbek.de\/?page_id=12"},"modified":"2023-10-13T09:22:54","modified_gmt":"2023-10-13T07:22:54","slug":"unterricht","status":"publish","type":"page","link":"https:\/\/www.sts-flottbek.de\/?page_id=12","title":{"rendered":"Unterricht"},"content":{"rendered":"<div id=\"pl-12\"  class=\"panel-layout\" ><div id=\"pg-12-0\"  class=\"panel-grid panel-no-style\" ><div id=\"pgc-12-0-0\"  class=\"panel-grid-cell\" ><div id=\"panel-12-0-0-0\" class=\"so-panel widget widget_sow-editor panel-first-child panel-last-child\" data-index=\"0\" ><div\n\t\t\t\n\t\t\tclass=\"so-widget-sow-editor so-widget-sow-editor-base\"\n\t\t\t\n\t\t>\n<div class=\"siteorigin-widget-tinymce textwidget\">\n\t<p>Unser Unterricht wird methodisch und inhaltlich vielf\u00e4ltig gestaltet. Unsere Sch\u00fcler*innen stehen im Mittelpunkt und werden in den F\u00e4chern und Lernbereichen in ihren Talenten, St\u00e4rken und Interessen eng von den Lehrer*innen begleitet.<\/p>\n<p>Intellektuell, kreativ und mit Herz unterrichten ist unser Prinzip! In Jahrgangsteams werden Vorhaben besprochen und gemeinsam umgesetzt. Selbst\u00e4ndiges und eigenverantwortliches Lernen wird gelehrt und gelernt. Ein Methodenlernen ist fest in der Stundentafel von Klasse 5-7 verankert. Sch\u00fcler*innen lernen Verantwortung f\u00fcr die Gemeinschaft zu \u00fcbernehmen!<\/p>\n<\/div>\n<\/div><\/div><\/div><\/div><\/div>","protected":false},"excerpt":{"rendered":"<p>Unser Unterricht wird methodisch und inhaltlich vielf\u00e4ltig gestaltet. Unsere Sch\u00fcler*innen stehen im Mittelpunkt und werden in den F\u00e4chern und Lernbereichen in ihren Talenten, St\u00e4rken und Interessen eng von den Lehrer*innen&hellip;&nbsp;<a href=\"https:\/\/www.sts-flottbek.de\/?page_id=12\" class=\"more-link\">&#8230; mehr<\/a><\/p>\n","protected":false},"author":1,"featured_media":0,"parent":0,"menu_order":50,"comment_status":"closed","ping_status":"closed","template":"","meta":{"footnotes":""},"class_list":["post-12","page","type-page","status-publish","hentry"],"_links":{"self":[{"href":"https:\/\/www.sts-flottbek.de\/index.php?rest_route=\/wp\/v2\/pages\/12","targetHints":{"allow":["GET"]}}],"collection":[{"href":"https:\/\/www.sts-flottbek.de\/index.php?rest_route=\/wp\/v2\/pages"}],"about":[{"href":"https:\/\/www.sts-flottbek.de\/index.php?rest_route=\/wp\/v2\/types\/page"}],"author":[{"embeddable":true,"href":"https:\/\/www.sts-flottbek.de\/index.php?rest_route=\/wp\/v2\/users\/1"}],"replies":[{"embeddable":true,"href":"https:\/\/www.sts-flottbek.de\/index.php?rest_route=%2Fwp%2Fv2%2Fcomments&post=12"}],"version-history":[{"count":12,"href":"https:\/\/www.sts-flottbek.de\/index.php?rest_route=\/wp\/v2\/pages\/12\/revisions"}],"predecessor-version":[{"id":7156,"href":"https:\/\/www.sts-flottbek.de\/index.php?rest_route=\/wp\/v2\/pages\/12\/revisions\/7156"}],"wp:attachment":[{"href":"https:\/\/www.sts-flottbek.de\/index.php?rest_route=%2Fwp%2Fv2%2Fmedia&parent=12"}],"curies":[{"name":"wp","href":"https:\/\/api.w.org\/{rel}","templated":true}]}}