{"id":1207,"date":"2018-06-01T22:04:53","date_gmt":"2018-06-01T20:04:53","guid":{"rendered":"http:\/\/www.sts-flottbek.de\/?page_id=1207"},"modified":"2022-09-21T08:58:41","modified_gmt":"2022-09-21T06:58:41","slug":"theater","status":"publish","type":"page","link":"https:\/\/www.sts-flottbek.de\/?page_id=1207","title":{"rendered":"Theater"},"content":{"rendered":"<p>Wesentliches\u2009Ziel\u2009des\u2009Theaterunterrichts\u2009ist\u2009es,\u2009sowohl\u2009Freude\u2009am\u2009Ausprobieren\u2009und\u2009Experimentieren zu entwickeln und zu f\u00f6rdern als auch die szenische und soziale Fantasie anzuregen. Die k\u00fcnstlerische Arbeit bietet den Sch\u00fcler*innen unmittelbare Ganzheitliche Erfahrungen und lustvolle Erlebnisse. Mit\u2009ihrem\u2009Spiel\u2009erzielen\u2009sie\u2009beim\u2009Zuschauer\u2009Wirkungen\u2009und erzeugen Gef\u00fchle. Diese Erfahrungen erm\u00f6glichen eine Erweiterung des eigenen Handlungsspielraums im schulischen, privaten und gesellschaftlichen Umfeld. Im Fach Theater wird den besonderen individuellen k\u00fcnstlerischen Begabungen, Anlagen und Talente der Sch\u00fcler*innen Raum zur Entfaltung gew\u00e4hrt und deren Weiterentwicklung gezielt gef\u00f6rdert und gesichert. Diese F\u00f6rderung bezieht sich insbesondere auf die K\u00f6rpersprache, auf das Training f\u00fcr ein lebendiges, selbstbewusstes und sicheres Auftreten, auf \u00dcbungen f\u00fcr die Bew\u00e4ltigung unterschiedlicher Sprechsituationen auf der B\u00fchne mit angemessenem Wortschatz und sprachlicher Ausdrucksf\u00e4higkeit.\u2009Dabei spielt die Arbeit in einer Gruppe eine unverzichtbare Rolle und st\u00e4rkt die Teamf\u00e4higkeit.<\/p>\n<p style=\"text-align: center;\"><a href=\"http:\/\/www.sts-flottbek.de\/wp-content\/uploads\/2018\/06\/20180419_102341.jpg\"><img loading=\"lazy\" decoding=\"async\" class=\"alignright wp-image-1208 size-medium\" title=\"Warm- up im Theaterunterricht\" src=\"https:\/\/www.sts-flottbek.de\/wp-content\/uploads\/2018\/06\/20180419_102341-300x225.jpg\" alt=\"\" width=\"300\" height=\"225\" srcset=\"https:\/\/www.sts-flottbek.de\/wp-content\/uploads\/2018\/06\/20180419_102341-300x225.jpg 300w, https:\/\/www.sts-flottbek.de\/wp-content\/uploads\/2018\/06\/20180419_102341-768x576.jpg 768w, https:\/\/www.sts-flottbek.de\/wp-content\/uploads\/2018\/06\/20180419_102341-1024x768.jpg 1024w, https:\/\/www.sts-flottbek.de\/wp-content\/uploads\/2018\/06\/20180419_102341-360x270.jpg 360w\" sizes=\"auto, (max-width: 300px) 100vw, 300px\" \/><\/a><\/p>\n<p>Neben den \u00fcberfachlichen Kompetenzen \u201eSelbstkompetenz\u201c, \u201eSozial-kommunikative Kompetenz\u201c und \u201eLernmethodische Kompetenz\u201c gliedert sich der Theaterunterricht in folgende fachliche Kompetenzen:<\/p>\n<ul>\n<li>Theater begreifen (Fachkompetenz)<\/li>\n<li>Theater spielen (Gestaltungskompetenz)<\/li>\n<li>Theater reflektieren (Kommunikationskompetenz)<\/li>\n<li>Am Theater teilhaben (Soziokulturelle Kompetenz)<\/li>\n<\/ul>\n<p>An der Stadtteilschule Flottbek hat jede 5. Klasse regul\u00e4r im Stundenplan eine Doppelstunde Theater. Diese Kurse sind auch verantwortlich f\u00fcr eine kleine Auff\u00fchrung bei der Einschulungsfeier der neuen 5. Klassen.<\/p>\n<p>Dar\u00fcber hinaus haben die Sch\u00fcler*innen in den Jahrg\u00e4ngen 7 bis 10 im Wahlpflichtbereich je nach Angebot die M\u00f6glichkeit, einen Theaterkurs zu belegen. Je nach Kurs und Wunsch der Sch\u00fcler*innen gestalten sie eine kleine Auff\u00fchrung f\u00fcr die Abschlussfeier des Abschlussjahrgangs.<\/p>\n<p>Neben dem eigentlichen Theaterspiel sind Theaterbesuche im Klassenverband, besonders in den j\u00fcngeren Jahrg\u00e4ngen, ein fester Bestandteil der Schulkultur.<\/p>\n","protected":false},"excerpt":{"rendered":"<p>Wesentliches\u2009Ziel\u2009des\u2009Theaterunterrichts\u2009ist\u2009es,\u2009sowohl\u2009Freude\u2009am\u2009Ausprobieren\u2009und\u2009Experimentieren zu entwickeln und zu f\u00f6rdern als auch die szenische und soziale Fantasie anzuregen. Die k\u00fcnstlerische Arbeit bietet den Sch\u00fcler*innen unmittelbare Ganzheitliche Erfahrungen und lustvolle Erlebnisse. Mit\u2009ihrem\u2009Spiel\u2009erzielen\u2009sie\u2009beim\u2009Zuschauer\u2009Wirkungen\u2009und erzeugen Gef\u00fchle. Diese&hellip;&nbsp;<a href=\"https:\/\/www.sts-flottbek.de\/?page_id=1207\" class=\"more-link\">&#8230; mehr<\/a><\/p>\n","protected":false},"author":5,"featured_media":0,"parent":4276,"menu_order":0,"comment_status":"closed","ping_status":"closed","template":"","meta":{"footnotes":""},"class_list":["post-1207","page","type-page","status-publish","hentry"],"_links":{"self":[{"href":"https:\/\/www.sts-flottbek.de\/index.php?rest_route=\/wp\/v2\/pages\/1207","targetHints":{"allow":["GET"]}}],"collection":[{"href":"https:\/\/www.sts-flottbek.de\/index.php?rest_route=\/wp\/v2\/pages"}],"about":[{"href":"https:\/\/www.sts-flottbek.de\/index.php?rest_route=\/wp\/v2\/types\/page"}],"author":[{"embeddable":true,"href":"https:\/\/www.sts-flottbek.de\/index.php?rest_route=\/wp\/v2\/users\/5"}],"replies":[{"embeddable":true,"href":"https:\/\/www.sts-flottbek.de\/index.php?rest_route=%2Fwp%2Fv2%2Fcomments&post=1207"}],"version-history":[{"count":3,"href":"https:\/\/www.sts-flottbek.de\/index.php?rest_route=\/wp\/v2\/pages\/1207\/revisions"}],"predecessor-version":[{"id":6099,"href":"https:\/\/www.sts-flottbek.de\/index.php?rest_route=\/wp\/v2\/pages\/1207\/revisions\/6099"}],"up":[{"embeddable":true,"href":"https:\/\/www.sts-flottbek.de\/index.php?rest_route=\/wp\/v2\/pages\/4276"}],"wp:attachment":[{"href":"https:\/\/www.sts-flottbek.de\/index.php?rest_route=%2Fwp%2Fv2%2Fmedia&parent=1207"}],"curies":[{"name":"wp","href":"https:\/\/api.w.org\/{rel}","templated":true}]}}