{"id":1225,"date":"2018-06-04T19:32:12","date_gmt":"2018-06-04T17:32:12","guid":{"rendered":"http:\/\/www.sts-flottbek.de\/?page_id=1225"},"modified":"2022-09-21T08:57:02","modified_gmt":"2022-09-21T06:57:02","slug":"sport-3","status":"publish","type":"page","link":"https:\/\/www.sts-flottbek.de\/?page_id=1225","title":{"rendered":"Sport"},"content":{"rendered":"<p>Im Sportunterricht findet aufbauend die Vermittlung der Grundlagen m\u00f6glichst vielf\u00e4ltiger Sportarten aus allen im Rahmenplan genannten Bewegungsfelder statt. Zu den Bewegungsfeldern geh\u00f6ren Leichtathletik, Gleiten\/Fahren\/Rollen, Ringen &amp; Raufen, Bewegungs- und Sportspiele, Turnen\/Gymnastik\/Klettern\/Bewegungsk\u00fcnste und Rhythmik &amp; Tanz. Der Bereich Schwimmen ist nur noch in der Grundschule vorgesehen.<\/p>\n<p>Neben dem Training der k\u00f6rperlichen Fertigkeiten dient der Sportunterricht insbesondere auch dazu, soziale und kommunikative F\u00e4higkeiten der Sch\u00fcler*innen zu schulen wie<br \/>\nTeamf\u00e4higkeit, Fairness, Hilfsbereitschaft, Verantwortung f\u00fcr Mitsch\u00fcler und Material, Umgang mit Regeln etc.<\/p>\n<p>Mit zunehmendem Alter werden nicht nur die sportlichen Fertigkeiten der Sch\u00fcler*innen vertieft, sondern sie erhalten auch nach und nach mehr Verantwortung f\u00fcr die Mitgestaltung einzelner Bereiche des Unterrichts. Im Laufe des Schuljahres nehmen einzelne Klassen regelm\u00e4\u00dfig an verschiedenen Turniere im Bezirk Altona teil wie dem Fu\u00dfballturnier der 5. Klassen, dem Fu\u00dfballturnier f\u00fcr die Jahrg\u00e4nge 8 und 9, Volleyball-Regionalmeisterschaften der 9. und 10. Klassen und Drachenbootsrennen auf der Alster.<\/p>\n<p>Im Sommerhalbjahr nimmt die ganze Schule an den Bundesjugendspielen Leichtathletik teil, bei denen sich einige Sch\u00fcler*innen f\u00fcr die Regionalmeisterschaften Leichtathletik und die<br \/>\nHamburger Meisterschaften qualifizieren k\u00f6nnen.<\/p>\n<p>In diesem Schuljahr wurde mit Hit`n`Run ein besonderer Wettkampf f\u00fcr die Sch\u00fcler*innen\u00a0veranstaltet, bei dem sie ihr Ballgef\u00fchl beim Korbwurf unter Beweis stellen konnten.<\/p>\n<p><a href=\"http:\/\/www.sts-flottbek.de\/wp-content\/uploads\/2018\/06\/IMG_0646.jpeg\"><br \/>\n<\/a><a href=\"http:\/\/www.sts-flottbek.de\/wp-content\/uploads\/2018\/06\/IMG_0646.jpeg\"><img loading=\"lazy\" decoding=\"async\" class=\"alignleft wp-image-1226 size-medium\" title=\"Hit 'n' run - Sch\u00fcler an der Startlinie\" src=\"http:\/\/www.sts-flottbek.de\/wp-content\/uploads\/2018\/06\/IMG_0646-300x225.jpeg\" alt=\"\" width=\"300\" height=\"225\" srcset=\"https:\/\/www.sts-flottbek.de\/wp-content\/uploads\/2018\/06\/IMG_0646-300x225.jpeg 300w, https:\/\/www.sts-flottbek.de\/wp-content\/uploads\/2018\/06\/IMG_0646-360x270.jpeg 360w, https:\/\/www.sts-flottbek.de\/wp-content\/uploads\/2018\/06\/IMG_0646.jpeg 640w\" sizes=\"auto, (max-width: 300px) 100vw, 300px\" \/><\/a> <a href=\"http:\/\/www.sts-flottbek.de\/wp-content\/uploads\/2018\/06\/IMG_0645.jpeg\"><img loading=\"lazy\" decoding=\"async\" class=\"alignleft wp-image-1227 size-medium\" title=\"Hit 'n' run. Sch\u00fcler werfen den Ball am Ende der Sprintlinie in den Korb.\" src=\"http:\/\/www.sts-flottbek.de\/wp-content\/uploads\/2018\/06\/IMG_0645-300x225.jpeg\" alt=\"\" width=\"300\" height=\"225\" srcset=\"https:\/\/www.sts-flottbek.de\/wp-content\/uploads\/2018\/06\/IMG_0645-300x225.jpeg 300w, https:\/\/www.sts-flottbek.de\/wp-content\/uploads\/2018\/06\/IMG_0645-360x270.jpeg 360w, https:\/\/www.sts-flottbek.de\/wp-content\/uploads\/2018\/06\/IMG_0645.jpeg 640w\" sizes=\"auto, (max-width: 300px) 100vw, 300px\" \/><\/a><\/p>\n","protected":false},"excerpt":{"rendered":"<p>Im Sportunterricht findet aufbauend die Vermittlung der Grundlagen m\u00f6glichst vielf\u00e4ltiger Sportarten aus allen im Rahmenplan genannten Bewegungsfelder statt. Zu den Bewegungsfeldern geh\u00f6ren Leichtathletik, Gleiten\/Fahren\/Rollen, Ringen &amp; Raufen, Bewegungs- und Sportspiele,&hellip;&nbsp;<a href=\"https:\/\/www.sts-flottbek.de\/?page_id=1225\" class=\"more-link\">&#8230; mehr<\/a><\/p>\n","protected":false},"author":5,"featured_media":0,"parent":4276,"menu_order":0,"comment_status":"closed","ping_status":"closed","template":"","meta":{"footnotes":""},"class_list":["post-1225","page","type-page","status-publish","hentry"],"_links":{"self":[{"href":"https:\/\/www.sts-flottbek.de\/index.php?rest_route=\/wp\/v2\/pages\/1225","targetHints":{"allow":["GET"]}}],"collection":[{"href":"https:\/\/www.sts-flottbek.de\/index.php?rest_route=\/wp\/v2\/pages"}],"about":[{"href":"https:\/\/www.sts-flottbek.de\/index.php?rest_route=\/wp\/v2\/types\/page"}],"author":[{"embeddable":true,"href":"https:\/\/www.sts-flottbek.de\/index.php?rest_route=\/wp\/v2\/users\/5"}],"replies":[{"embeddable":true,"href":"https:\/\/www.sts-flottbek.de\/index.php?rest_route=%2Fwp%2Fv2%2Fcomments&post=1225"}],"version-history":[{"count":3,"href":"https:\/\/www.sts-flottbek.de\/index.php?rest_route=\/wp\/v2\/pages\/1225\/revisions"}],"predecessor-version":[{"id":6097,"href":"https:\/\/www.sts-flottbek.de\/index.php?rest_route=\/wp\/v2\/pages\/1225\/revisions\/6097"}],"up":[{"embeddable":true,"href":"https:\/\/www.sts-flottbek.de\/index.php?rest_route=\/wp\/v2\/pages\/4276"}],"wp:attachment":[{"href":"https:\/\/www.sts-flottbek.de\/index.php?rest_route=%2Fwp%2Fv2%2Fmedia&parent=1225"}],"curies":[{"name":"wp","href":"https:\/\/api.w.org\/{rel}","templated":true}]}}