{"id":1231,"date":"2018-06-04T19:49:46","date_gmt":"2018-06-04T17:49:46","guid":{"rendered":"http:\/\/www.sts-flottbek.de\/?page_id=1231"},"modified":"2022-09-21T08:51:51","modified_gmt":"2022-09-21T06:51:51","slug":"musik","status":"publish","type":"page","link":"https:\/\/www.sts-flottbek.de\/?page_id=1231","title":{"rendered":"Musik"},"content":{"rendered":"<p>An der Stadtteilschule Flottbek wird in den Jahrg\u00e4ngen 5 und 6 zweist\u00fcndig Musik im Klassenverband unterrichtet. Im Rahmen des Musikunterrichts wird der Schwerpunkt auf die praktische Arbeit mit verschiedenen Instrumenten, auf das Musizieren in der gesamten Klasse und in Kleingruppen sowie auf das gemeinsame Singen gelegt. Die Schule verf\u00fcgt \u00fcber eine sehr gute und breit gef\u00e4cherte Ausstattung an Musikinstrumenten und technischem Equipment, das im Musikunterricht genutzt werden kann.<\/p>\n<p>Soweit es m\u00f6glich ist, wird der Unterricht projektartig gestaltet.<\/p>\n<p>Jahrgang 5 bereitet traditionell die Einschulungsfeier des neuen Jahrgangs 5 f\u00fcr das n\u00e4chste Schuljahr vor und gestaltet diese Feier musikalisch.<\/p>\n<p>In den h\u00f6heren Jahrg\u00e4ngen haben die Sch\u00fcler*innen die M\u00f6glichkeit, Musik im Wahlbereich zu w\u00e4hlen. Hier wird derzeit ein Trommelkurs angeboten, in dem die Sch\u00fcler*innen verschiedene Rhythmen und Musikst\u00fccke erarbeiten und diese zu unterschiedlichen Gelegenheiten wie Schulfesten oder Einschulungsfeiern auff\u00fchren. Link:\u00a0<a href=\"http:\/\/www.sts-flottbek.de\/wp-content\/uploads\/2018\/06\/Wahlpflichtkurs-Trommeln.pdf\">Wahlpflichtkurs Trommeln<\/a><\/p>\n<p>&nbsp;<\/p>\n<p><a href=\"http:\/\/www.sts-flottbek.de\/wp-content\/uploads\/2018\/05\/2018-04-25-18.23.50-1.jpg\"><img loading=\"lazy\" decoding=\"async\" class=\"alignnone size-medium wp-image-1039\" src=\"http:\/\/www.sts-flottbek.de\/wp-content\/uploads\/2018\/05\/2018-04-25-18.23.50-1-300x169.jpg\" alt=\"\" width=\"300\" height=\"169\" srcset=\"https:\/\/www.sts-flottbek.de\/wp-content\/uploads\/2018\/05\/2018-04-25-18.23.50-1-300x169.jpg 300w, https:\/\/www.sts-flottbek.de\/wp-content\/uploads\/2018\/05\/2018-04-25-18.23.50-1-768x432.jpg 768w, https:\/\/www.sts-flottbek.de\/wp-content\/uploads\/2018\/05\/2018-04-25-18.23.50-1-1024x576.jpg 1024w, https:\/\/www.sts-flottbek.de\/wp-content\/uploads\/2018\/05\/2018-04-25-18.23.50-1.jpg 1280w\" sizes=\"auto, (max-width: 300px) 100vw, 300px\" \/><\/a> <a href=\"http:\/\/www.sts-flottbek.de\/wp-content\/uploads\/2018\/05\/2018-04-25-18.23.49-6.jpg\"><img loading=\"lazy\" decoding=\"async\" class=\"alignnone size-medium wp-image-1040\" src=\"http:\/\/www.sts-flottbek.de\/wp-content\/uploads\/2018\/05\/2018-04-25-18.23.49-6-300x169.jpg\" alt=\"\" width=\"300\" height=\"169\" srcset=\"https:\/\/www.sts-flottbek.de\/wp-content\/uploads\/2018\/05\/2018-04-25-18.23.49-6-300x169.jpg 300w, https:\/\/www.sts-flottbek.de\/wp-content\/uploads\/2018\/05\/2018-04-25-18.23.49-6-768x432.jpg 768w, https:\/\/www.sts-flottbek.de\/wp-content\/uploads\/2018\/05\/2018-04-25-18.23.49-6-1024x576.jpg 1024w, https:\/\/www.sts-flottbek.de\/wp-content\/uploads\/2018\/05\/2018-04-25-18.23.49-6.jpg 1280w\" sizes=\"auto, (max-width: 300px) 100vw, 300px\" \/><\/a><\/p>\n","protected":false},"excerpt":{"rendered":"<p>An der Stadtteilschule Flottbek wird in den Jahrg\u00e4ngen 5 und 6 zweist\u00fcndig Musik im Klassenverband unterrichtet. Im Rahmen des Musikunterrichts wird der Schwerpunkt auf die praktische Arbeit mit verschiedenen Instrumenten,&hellip;&nbsp;<a href=\"https:\/\/www.sts-flottbek.de\/?page_id=1231\" class=\"more-link\">&#8230; mehr<\/a><\/p>\n","protected":false},"author":5,"featured_media":0,"parent":4276,"menu_order":0,"comment_status":"closed","ping_status":"closed","template":"","meta":{"footnotes":""},"class_list":["post-1231","page","type-page","status-publish","hentry"],"_links":{"self":[{"href":"https:\/\/www.sts-flottbek.de\/index.php?rest_route=\/wp\/v2\/pages\/1231","targetHints":{"allow":["GET"]}}],"collection":[{"href":"https:\/\/www.sts-flottbek.de\/index.php?rest_route=\/wp\/v2\/pages"}],"about":[{"href":"https:\/\/www.sts-flottbek.de\/index.php?rest_route=\/wp\/v2\/types\/page"}],"author":[{"embeddable":true,"href":"https:\/\/www.sts-flottbek.de\/index.php?rest_route=\/wp\/v2\/users\/5"}],"replies":[{"embeddable":true,"href":"https:\/\/www.sts-flottbek.de\/index.php?rest_route=%2Fwp%2Fv2%2Fcomments&post=1231"}],"version-history":[{"count":4,"href":"https:\/\/www.sts-flottbek.de\/index.php?rest_route=\/wp\/v2\/pages\/1231\/revisions"}],"predecessor-version":[{"id":6087,"href":"https:\/\/www.sts-flottbek.de\/index.php?rest_route=\/wp\/v2\/pages\/1231\/revisions\/6087"}],"up":[{"embeddable":true,"href":"https:\/\/www.sts-flottbek.de\/index.php?rest_route=\/wp\/v2\/pages\/4276"}],"wp:attachment":[{"href":"https:\/\/www.sts-flottbek.de\/index.php?rest_route=%2Fwp%2Fv2%2Fmedia&parent=1231"}],"curies":[{"name":"wp","href":"https:\/\/api.w.org\/{rel}","templated":true}]}}