{"id":1353,"date":"2018-06-13T20:22:52","date_gmt":"2018-06-13T18:22:52","guid":{"rendered":"http:\/\/www.sts-flottbek.de\/?page_id=1353"},"modified":"2022-09-21T08:47:07","modified_gmt":"2022-09-21T06:47:07","slug":"chemie","status":"publish","type":"page","link":"https:\/\/www.sts-flottbek.de\/?page_id=1353","title":{"rendered":"Chemie"},"content":{"rendered":"<p>Willkommen im Fachbereich Chemie.<\/p>\n<p>Die spannende Welt der Stoffe, ihren Eigenschaften und Ver\u00e4nderungen. Alles, was uns in der Natur und im Alltag begegnet, hat einen biologischen, physikalischen und\/oder einen chemischen Hintergrund. Diese Hintergr\u00fcnde gilt es zu erforschen, genauer zu betrachten und sichtbar zu machen.<\/p>\n<p>Das Fach Chemie wird bei uns ab der 8ten Klasse in halber Klassenst\u00e4rke unterrichtet (siehe auch Physik)! Durch die geringere Sch\u00fclerzahl ist es m\u00f6glich, in noch kleineren Gruppen mehr Verantwortung im Umgang mit Materialien, Stoffen und Laborger\u00e4ten zu \u00fcbernehmen und zu \u00fcben. Dabei arbeiten die Sch\u00fcler*innen mit Unterst\u00fctzung der Lehrkraft selbstst\u00e4ndig an Ph\u00e4nomenen des Alltags und k\u00f6nnen so eigene Schl\u00fcsse und Erkenntnisse an Experimenten \u00fcberpr\u00fcfen. Urteilsf\u00e4higkeit und R\u00fcckschl\u00fcsse auf die Umwelt werden dabei ge\u00fcbt und neu erworbene Kenntnisse angewendet.<\/p>\n<p>Nat\u00fcrlich knallt und stinkt es auch ab und zu \u2026<\/p>\n<p>Die individuellen F\u00e4higkeiten der Sch\u00fcler*innen werden durch die kleinen Gruppen gef\u00f6rdert, sodass alle Sch\u00fcler*innen fachliche und \u00fcberfachliche Kompetenzen erwerben k\u00f6nnen, die ihnen auf dem weiteren Weg in den Beruf n\u00fctzlich sein werden.<\/p>\n","protected":false},"excerpt":{"rendered":"<p>Willkommen im Fachbereich Chemie. Die spannende Welt der Stoffe, ihren Eigenschaften und Ver\u00e4nderungen. Alles, was uns in der Natur und im Alltag begegnet, hat einen biologischen, physikalischen und\/oder einen chemischen&hellip;&nbsp;<a href=\"https:\/\/www.sts-flottbek.de\/?page_id=1353\" class=\"more-link\">&#8230; mehr<\/a><\/p>\n","protected":false},"author":5,"featured_media":0,"parent":4276,"menu_order":0,"comment_status":"closed","ping_status":"closed","template":"","meta":{"footnotes":""},"class_list":["post-1353","page","type-page","status-publish","hentry"],"_links":{"self":[{"href":"https:\/\/www.sts-flottbek.de\/index.php?rest_route=\/wp\/v2\/pages\/1353","targetHints":{"allow":["GET"]}}],"collection":[{"href":"https:\/\/www.sts-flottbek.de\/index.php?rest_route=\/wp\/v2\/pages"}],"about":[{"href":"https:\/\/www.sts-flottbek.de\/index.php?rest_route=\/wp\/v2\/types\/page"}],"author":[{"embeddable":true,"href":"https:\/\/www.sts-flottbek.de\/index.php?rest_route=\/wp\/v2\/users\/5"}],"replies":[{"embeddable":true,"href":"https:\/\/www.sts-flottbek.de\/index.php?rest_route=%2Fwp%2Fv2%2Fcomments&post=1353"}],"version-history":[{"count":3,"href":"https:\/\/www.sts-flottbek.de\/index.php?rest_route=\/wp\/v2\/pages\/1353\/revisions"}],"predecessor-version":[{"id":6082,"href":"https:\/\/www.sts-flottbek.de\/index.php?rest_route=\/wp\/v2\/pages\/1353\/revisions\/6082"}],"up":[{"embeddable":true,"href":"https:\/\/www.sts-flottbek.de\/index.php?rest_route=\/wp\/v2\/pages\/4276"}],"wp:attachment":[{"href":"https:\/\/www.sts-flottbek.de\/index.php?rest_route=%2Fwp%2Fv2%2Fmedia&parent=1353"}],"curies":[{"name":"wp","href":"https:\/\/api.w.org\/{rel}","templated":true}]}}