{"id":1537,"date":"2018-08-28T21:25:27","date_gmt":"2018-08-28T19:25:27","guid":{"rendered":"http:\/\/www.sts-flottbek.de\/?page_id=1537"},"modified":"2022-09-21T08:48:49","modified_gmt":"2022-09-21T06:48:49","slug":"informatik-und-medienerziehung","status":"publish","type":"page","link":"https:\/\/www.sts-flottbek.de\/?page_id=1537","title":{"rendered":"Informatik und Medienerziehung"},"content":{"rendered":"<p>&nbsp;<\/p>\n<ul>\n<li>Umgang mit dem Computer, Umgang mit den Office-Programmen, Informationen im Netz recherchieren, kritischer Blick auf Informationen im Netz (im Rahmen NuT 5\/6)<\/li>\n<li>Professionell pr\u00e4sentieren, alternative Pr\u00e4sentationsformen wie PREZI anwenden, mit dem Computer zeichnen, Animationen mit Bildern erstellen \u2013 in diesem Zusammenhang das Modul \u201eUrheberrecht: Ich kenne meine Rechte!\u201c des Medienpasses \/vgl. <a href=\"http:\/\/li.hamburg.de\/medienpass\/\">http:\/\/li.hamburg.de\/medienpass\/\u00a0<\/a>Die Themen \u201eUrheberrecht\u201c und \u201ePr\u00e4sentationen\u201c (z.B. PowerPoint) werden f\u00e4cher\u00fcbergreifend unterrichtet (z.B. Gesellschaft\/Deutsch). Im Fach Arbeit und Beruf werden Lebenslauf und Bewerbung erstellt. (Informatik 7)<\/li>\n<\/ul>\n<ul>\n<li>Programmieren lernen, komplexe Animationen\/Spiele mit Scratch durchf\u00fchren &#8211; in diesem Zusammenhang das Modul \u201eComputerspiele: Ich beherrsche das Spiel!\u201c des Medienpasses \/vgl. <a href=\"http:\/\/li.hamburg.de\/medienpass\/\">http:\/\/li.hamburg.de\/medienpass\/<\/a> (Informatik 8)<br \/>\n<strong>Das Fach Informatik wird in Klasse 8 im halbj\u00e4hrlichen Wechsel mit Biologie unterrichtet. So stellen wir sicher, dass jede Sch\u00fcler*innen grundlegende Kenntnisse und Fachbegriffe der Informatik erlernt.<\/strong><\/li>\n<li>Robotik, Steuern und Regeln mit Sensoren, Auswirkungen des Robotereinsatzes, Pr\u00e4sentationsf\u00e4higkeiten verfeinern (Informatik 9)<a href=\"http:\/\/www.sts-flottbek.de\/wp-content\/uploads\/2018\/08\/coll.jpg\"><img loading=\"lazy\" decoding=\"async\" class=\"wp-image-1542 aligncenter\" src=\"http:\/\/www.sts-flottbek.de\/wp-content\/uploads\/2018\/08\/coll-300x240.jpg\" alt=\"\" width=\"309\" height=\"247\" srcset=\"https:\/\/www.sts-flottbek.de\/wp-content\/uploads\/2018\/08\/coll-300x240.jpg 300w, https:\/\/www.sts-flottbek.de\/wp-content\/uploads\/2018\/08\/coll-768x614.jpg 768w, https:\/\/www.sts-flottbek.de\/wp-content\/uploads\/2018\/08\/coll-1024x819.jpg 1024w, https:\/\/www.sts-flottbek.de\/wp-content\/uploads\/2018\/08\/coll-338x270.jpg 338w\" sizes=\"auto, (max-width: 309px) 100vw, 309px\" \/><\/a><\/li>\n<li>\u201eMeine Webpr\u00e4senz\u201c (Aufbau von Internetseiten analysieren, Seiten mit grundlegenden Formatierungen kodieren, Webpr\u00e4senz mit sinnvollen Inhalten f\u00fcllen, Verschl\u00fcsselungstechniken) &#8211; in diesem Zusammenhang das Modul \u201eDatenschutz: Selbst und bewusst\u201c des Medienpasses und Modul Urheberrechte (kurze Wiederholung) \/vgl. <a href=\"http:\/\/li.hamburg.de\/medienpass\/\">http:\/\/li.hamburg.de\/medienpass\/<\/a> (Informatik 10)<\/li>\n<li>App-Entwicklung (Programmieren verschiedener Apps, eigene Apps programmieren) &#8211; in diesem Zusammenhang das Modul \u201eSmartphone: Mit Sicherheit mobil\u201c des Medienpasses \/vgl. <a href=\"http:\/\/li.hamburg.de\/medienpass\/\">http:\/\/li.hamburg.de\/medienpass\/<\/a> (Informatik 10)<\/li>\n<li>Thema \u201eSchutz pers\u00f6nlicher Daten und Mobbing\/Cybermobbing\u201c wird in unterschiedlichen Klassenstufen nicht fachgebunden und ggf mit Unterst\u00fctzung von Sozialp\u00e4dagogen und\/oder Cop4You bearbeitet (KLU, Soziales Lernen usw.) \/ vgl. <a href=\"http:\/\/li.hamburg.de\/medienpass\/\">http:\/\/li.hamburg.de\/medienpass\/<\/a><\/li>\n<li>Seit 2014 ist die Schule im <strong>MedienScouts-Programm.<\/strong> MedienScouts sind Experten f\u00fcr digitale Medien. Ausgew\u00e4hlte Sch\u00fcler*innen ab der 8. Klasse erwerben ihr Wissen in einem mehrt\u00e4gigen Training und entwickeln mit Hilfe begleitender Lehrkr\u00e4fte Workshops, die sie in den Jahrg\u00e4ngen 5 und 6 an ihrer Schule durchf\u00fchren. \/ mehr Informationen zum Programm unter <a href=\"http:\/\/li.hamburg.de\/medienscouts\/\">http:\/\/li.hamburg.de\/medienscouts\/<\/a><\/li>\n<\/ul>\n","protected":false},"excerpt":{"rendered":"<p>&nbsp; Umgang mit dem Computer, Umgang mit den Office-Programmen, Informationen im Netz recherchieren, kritischer Blick auf Informationen im Netz (im Rahmen NuT 5\/6) Professionell pr\u00e4sentieren, alternative Pr\u00e4sentationsformen wie PREZI anwenden,&hellip;&nbsp;<a href=\"https:\/\/www.sts-flottbek.de\/?page_id=1537\" class=\"more-link\">&#8230; mehr<\/a><\/p>\n","protected":false},"author":5,"featured_media":0,"parent":4276,"menu_order":0,"comment_status":"closed","ping_status":"closed","template":"","meta":{"footnotes":""},"class_list":["post-1537","page","type-page","status-publish","hentry"],"_links":{"self":[{"href":"https:\/\/www.sts-flottbek.de\/index.php?rest_route=\/wp\/v2\/pages\/1537","targetHints":{"allow":["GET"]}}],"collection":[{"href":"https:\/\/www.sts-flottbek.de\/index.php?rest_route=\/wp\/v2\/pages"}],"about":[{"href":"https:\/\/www.sts-flottbek.de\/index.php?rest_route=\/wp\/v2\/types\/page"}],"author":[{"embeddable":true,"href":"https:\/\/www.sts-flottbek.de\/index.php?rest_route=\/wp\/v2\/users\/5"}],"replies":[{"embeddable":true,"href":"https:\/\/www.sts-flottbek.de\/index.php?rest_route=%2Fwp%2Fv2%2Fcomments&post=1537"}],"version-history":[{"count":3,"href":"https:\/\/www.sts-flottbek.de\/index.php?rest_route=\/wp\/v2\/pages\/1537\/revisions"}],"predecessor-version":[{"id":6084,"href":"https:\/\/www.sts-flottbek.de\/index.php?rest_route=\/wp\/v2\/pages\/1537\/revisions\/6084"}],"up":[{"embeddable":true,"href":"https:\/\/www.sts-flottbek.de\/index.php?rest_route=\/wp\/v2\/pages\/4276"}],"wp:attachment":[{"href":"https:\/\/www.sts-flottbek.de\/index.php?rest_route=%2Fwp%2Fv2%2Fmedia&parent=1537"}],"curies":[{"name":"wp","href":"https:\/\/api.w.org\/{rel}","templated":true}]}}