{"id":171,"date":"2015-11-16T13:18:46","date_gmt":"2015-11-16T12:18:46","guid":{"rendered":"http:\/\/www.sts-flottbek.de\/?page_id=171"},"modified":"2025-12-08T17:15:05","modified_gmt":"2025-12-08T16:15:05","slug":"jahrgang-5","status":"publish","type":"page","link":"https:\/\/www.sts-flottbek.de\/?page_id=171","title":{"rendered":"Jahrgang 5 &#8211; 7"},"content":{"rendered":"<div id=\"pl-171\"  class=\"panel-layout\" ><div id=\"pg-171-0\"  class=\"panel-grid panel-no-style\" ><div id=\"pgc-171-0-0\"  class=\"panel-grid-cell\" ><div id=\"panel-171-0-0-0\" class=\"so-panel widget widget_sow-editor panel-first-child panel-last-child\" data-index=\"0\" ><div\n\t\t\t\n\t\t\tclass=\"so-widget-sow-editor so-widget-sow-editor-base\"\n\t\t\t\n\t\t><h3 class=\"widget-title\">Jahrgang 5: Informationen zum Anmeldeverfahren<\/h3>\n<div class=\"siteorigin-widget-tinymce textwidget\">\n\t<p>wir freuen uns, dass Sie sich f\u00fcr eine Anmeldung Ihres Kindes an der Stadtteilschule Flottbek entschieden haben.<\/p>\n<p>Bitte geben Sie die vollst\u00e4ndig ausgef\u00fcllten Anmelde-Unterlagen in der Anmeldewoche zeitgerecht im Schulb\u00fcro ab oder senden Sie diese per Post oder werfen Sie diese in unseren Briefkasten am Eingang Ohlenkamp 15a. Das B\u00fcro wird die Unterlagen zun\u00e4chst lediglich auf Vollst\u00e4ndigkeit pr\u00fcfen. Bitte sorgen Sie dabei selbst f\u00fcr die notwendigen Kopien. Die Unterlagen, die wir ben\u00f6tigen, stehen als Download auf der Homepage zur Verf\u00fcgung. F\u00fcr offene Fragen oder eine individuelle Beratung steht Ihnen unsere Unterstufenleitung Herr Stru\u00df und das Sekretariat w\u00e4hrend des Anmeldezeitraums zur Verf\u00fcgung. E-Mail: joachim.struss1(at)bsb.hamburg.de .<\/p>\n<p>In der 5. Klasse ist f\u00fcr die Sch\u00fcler*innen vieles neu. Der \u00dcbergang von der Grundschule an eine weiterf\u00fchrende Schule ist ein bedeutender Schritt, der Schulwechsel, die neuen Menschen, das neue Gel\u00e4nde und wieder geh\u00f6ren die Kinder zu den J\u00fcngsten. Diesen Wechsel mit all seinen Ver\u00e4nderungen sinnvoll zu gestalten, ist unsere Aufgabe. Eine neue Klassengemeinschaft mit Chancen f\u00fcr jedes einzelne Kind bildet den Start in das gl\u00fcckliche und erfolgreiche Schulleben an der Stadtteilschule Flottbek.<\/p>\n<ul>\n<li>Daf\u00fcr stehen den Sch\u00fcler*innen <strong>engagierte und verl\u00e4ssliche Bezugspersonen<\/strong> zur Seite, die sie den Alltag auf unserer Schule meistern lassen. Wir arbeiten in multiprofessionellen Teams. Jeder Jahrgang hat feste Sozialp\u00e4dagog*innen, die das Team der Klassenlehrer*innen erg\u00e4nzen.<\/li>\n<li>Um ein <strong>beh\u00fctetes Umfeld<\/strong> zu gestalten nehmen alle Sch\u00fcler*innen aus dem 5. Jahrgang an einem sozialen Kompetenztraining statt. Die Sch\u00fcler*innen des 5. und 6. Jahrgangs haben extra Essenszeiten und in den Pausen bieten die Sozialp\u00e4dagog*innen neben dem gro\u00dfz\u00fcgigen, gr\u00fcnen Gel\u00e4nde zum Toben und Spielen Betreuungsangebote mit R\u00fcckzugsm\u00f6glichkeiten an.<\/li>\n<li>Ein klarer <strong>organisatorischer Rahmen<\/strong> mit Tutorenstunden, Klassenrat und sozialem Lernen stehen im Vordergrund unserer p\u00e4dagogischen Arbeit.<\/li>\n<\/ul>\n<p>Mit dem \u00dcbergang in den 7. Jahrgang\u00a0 wachsen die individuellen Interessen und Gedanken um die Zukunft und die Zeit des Umbruchs beginnt. Die Kinder werden zu Jugendlichen und setzen sich viel st\u00e4rker mit ihrer eigenen\u00a0<strong>Pers\u00f6nlichkeit<\/strong> auseinander.\u00a0 Daher werden die erlernten Methoden, Arbeitsformen und Inhalte in der Mittelstufe vertieft und durch neue Impulse erweitert, die schrittweise zu mehr\u00a0<strong>Eigenverantwortung <\/strong>f\u00fcr den eigenen Lernprozess f\u00fchren.<\/p>\n<\/div>\n<\/div><\/div><\/div><\/div><div id=\"pg-171-1\"  class=\"panel-grid panel-no-style\" ><div id=\"pgc-171-1-0\"  class=\"panel-grid-cell\" ><div id=\"panel-171-1-0-0\" class=\"so-panel widget widget_sow-editor panel-first-child panel-last-child\" data-index=\"1\" ><div\n\t\t\t\n\t\t\tclass=\"so-widget-sow-editor so-widget-sow-editor-base\"\n\t\t\t\n\t\t><h3 class=\"widget-title\">Anmeldeunterlagen:\u00a0<\/h3>\n<div class=\"siteorigin-widget-tinymce textwidget\">\n\t<p>bekommen Sie von der Grundschule mit dem Halbjahreszeugnis<\/p>\n<ul>\n<li>Anmeldung f\u00fcr den \u00dcbergang in Jahrgang 5 (G96)<\/li>\n<li>Kopie des Halbjahreszeugnisses<\/li>\n<li>Einsch\u00e4tzung zur weiteren Schullaufbahn<\/li>\n<\/ul>\n<p>f\u00fcr die Anmeldung in Jahrgang 5 zum herunterladen oder in der STS Flottbek beim Anmeldetermin:<\/p>\n<ul>\n<li>Anmeldeformular <a href=\"https:\/\/www.sts-flottbek.de\/wp-content\/uploads\/2023\/01\/1.STS_Anmeldung_schulintern-2023-24.pdf\">1.STS_Anmeldung_schulintern 2023-24<\/a><\/li>\n<li>Freigaben und Abfrage digitale Endger\u00e4te<\/li>\n<li>SF 16 Antrag auf kostenloses Mittagessen f\u00fcr BuT-Kinder <a href=\"https:\/\/www.sts-flottbek.de\/wp-content\/uploads\/2023\/01\/SF16_Antrag_kostenlosesMittagessen.pdf\">SF16_Antrag_kostenlosesMittagessen<\/a><\/li>\n<li>Buchung\u00a0 <a href=\"https:\/\/www.sts-flottbek.de\/?page_id=916\">Ganztagsbetreuung<\/a><\/li>\n<\/ul>\n<p>Unterlagen von Ihnen mitzubringen zum Anmeldetermin<\/p>\n<ul>\n<li>Ausweiskopie der Erziehungsberechtigten oder Meldebescheinigung<\/li>\n<li>Ausweiskopie des Kindes oder Meldebescheinigung<\/li>\n<li>Nachweis \u00fcber Sorgerecht bei getrennt lebenden Eltern<\/li>\n<li>Schwimmausweis \u00fcber Bronze, Silber oder Gold<\/li>\n<li>Leistungsnachweis (SGB II, \u00a72 AsylblG, Wohngeld) f\u00fcr BuT<\/li>\n<li>Nachweis Masernimunit\u00e4t (Impfausweis) bei Kindern die nicht in HH zur Grundschule gingen<\/li>\n<\/ul>\n<p>Bitte bringen sie zur Anmeldung ihr Kind mit!<\/p>\n<\/div>\n<\/div><\/div><\/div><\/div><\/div>","protected":false},"excerpt":{"rendered":"<p>wir freuen uns, dass Sie sich f\u00fcr eine Anmeldung Ihres Kindes an der Stadtteilschule Flottbek entschieden haben. Bitte geben Sie die vollst\u00e4ndig ausgef\u00fcllten Anmelde-Unterlagen in der Anmeldewoche zeitgerecht im Schulb\u00fcro&hellip;&nbsp;<a href=\"https:\/\/www.sts-flottbek.de\/?page_id=171\" class=\"more-link\">&#8230; mehr<\/a><\/p>\n","protected":false},"author":1,"featured_media":0,"parent":907,"menu_order":51,"comment_status":"closed","ping_status":"closed","template":"","meta":{"footnotes":""},"class_list":["post-171","page","type-page","status-publish","hentry"],"_links":{"self":[{"href":"https:\/\/www.sts-flottbek.de\/index.php?rest_route=\/wp\/v2\/pages\/171","targetHints":{"allow":["GET"]}}],"collection":[{"href":"https:\/\/www.sts-flottbek.de\/index.php?rest_route=\/wp\/v2\/pages"}],"about":[{"href":"https:\/\/www.sts-flottbek.de\/index.php?rest_route=\/wp\/v2\/types\/page"}],"author":[{"embeddable":true,"href":"https:\/\/www.sts-flottbek.de\/index.php?rest_route=\/wp\/v2\/users\/1"}],"replies":[{"embeddable":true,"href":"https:\/\/www.sts-flottbek.de\/index.php?rest_route=%2Fwp%2Fv2%2Fcomments&post=171"}],"version-history":[{"count":20,"href":"https:\/\/www.sts-flottbek.de\/index.php?rest_route=\/wp\/v2\/pages\/171\/revisions"}],"predecessor-version":[{"id":8399,"href":"https:\/\/www.sts-flottbek.de\/index.php?rest_route=\/wp\/v2\/pages\/171\/revisions\/8399"}],"up":[{"embeddable":true,"href":"https:\/\/www.sts-flottbek.de\/index.php?rest_route=\/wp\/v2\/pages\/907"}],"wp:attachment":[{"href":"https:\/\/www.sts-flottbek.de\/index.php?rest_route=%2Fwp%2Fv2%2Fmedia&parent=171"}],"curies":[{"name":"wp","href":"https:\/\/api.w.org\/{rel}","templated":true}]}}