{"id":2234,"date":"2019-05-21T09:33:08","date_gmt":"2019-05-21T07:33:08","guid":{"rendered":"http:\/\/www.sts-flottbek.de\/?page_id=2234"},"modified":"2021-03-22T11:52:01","modified_gmt":"2021-03-22T10:52:01","slug":"franzoesisch","status":"publish","type":"page","link":"https:\/\/www.sts-flottbek.de\/?page_id=2234","title":{"rendered":"Franz\u00f6sisch"},"content":{"rendered":"<h2>Franz\u00f6sisch \u2013 zum Greifen nah!<\/h2>\n<p>&nbsp;<\/p>\n<p><strong>Die Welt entdecken . . .\u00a0<\/strong><br \/>\n<strong>\u00a0 \u00a0 \u00a0 \u00a0 \u00a0 \u00a0 \u00a0 \u00a0 \u00a0 \u00a0 \u00a0 \u00a0 \u00a0 \u00a0 . . . mit Franz\u00f6sisch!<\/strong><\/p>\n<p>Franz\u00f6sisch ist eine Weltsprache. Wusstest du, dass es neben Englisch die einzige Sprache ist, die\u00a0<strong>auf allen f\u00fcnf Kontinenten<\/strong><strong>\u00a0<\/strong>gesprochen wird? Wusstest du auch, dass in Europa mehr als\u00a0<strong>72 Millionen Menschen<\/strong>\u00a0Franz\u00f6sisch als Muttersprache sprechen? Damit steht Franzo\u0308sisch an zweiter Stelle hinter Deutsch.<\/p>\n<p>Wusstest Du dass, zu den 274 Millionen Menschen, die auf der ganzen Welt Franz\u00f6sisch sprechen, 125 Millionen kommen, die Franz\u00f6sisch lernen? Damit ist Franz\u00f6sisch nach Englisch die am meisten unterrichtete Sprache der Welt<\/p>\n<p>&nbsp;<\/p>\n<p><img loading=\"lazy\" decoding=\"async\" class=\"size-medium wp-image-2237 alignleft\" src=\"http:\/\/www.sts-flottbek.de\/wp-content\/uploads\/2019\/05\/IMG-20190517-WA0024-225x300.jpg\" alt=\"\" width=\"225\" height=\"300\" srcset=\"https:\/\/www.sts-flottbek.de\/wp-content\/uploads\/2019\/05\/IMG-20190517-WA0024-225x300.jpg 225w, https:\/\/www.sts-flottbek.de\/wp-content\/uploads\/2019\/05\/IMG-20190517-WA0024-768x1024.jpg 768w, https:\/\/www.sts-flottbek.de\/wp-content\/uploads\/2019\/05\/IMG-20190517-WA0024-203x270.jpg 203w, https:\/\/www.sts-flottbek.de\/wp-content\/uploads\/2019\/05\/IMG-20190517-WA0024.jpg 1200w\" sizes=\"auto, (max-width: 225px) 100vw, 225px\" \/><\/p>\n<p>Wer braucht Franz\u00f6sisch? Journalisten, Ingenieure, Studierende, Kaufleute, Manager, Soldaten, Lehrer, Politiker, Polizisten, Facharbeiter, Feinschmecker, Vertreter, Historiker, Naturwissenschaftler, \u00c4rzte, Missionare, Abenteurer, Gastronomen und K\u00f6che, B\u00e4cker, Wissenschaftler, Afrikainteressierte, Weltoffene, Theologen, Junge und Alte, Paristouristen, Weinliebhaber, Lebensk\u00fcnstler, Kunstinteressierte, Chansonliebhaber, die Modebranche&#8230;<\/p>\n<p>&nbsp;<\/p>\n<p>Also auf geht\u2019s! Wir lernen Franz\u00f6sisch mit viel Spa\u00df und\u00a0 Sc<a href=\"http:\/\/www.sts-flottbek.de\/wp-content\/uploads\/2019\/05\/IMG-20190517-WA0023.jpg\"><img loading=\"lazy\" decoding=\"async\" class=\"size-medium wp-image-2236 alignright\" src=\"http:\/\/www.sts-flottbek.de\/wp-content\/uploads\/2019\/05\/IMG-20190517-WA0023-225x300.jpg\" alt=\"\" width=\"225\" height=\"300\" srcset=\"https:\/\/www.sts-flottbek.de\/wp-content\/uploads\/2019\/05\/IMG-20190517-WA0023-225x300.jpg 225w, https:\/\/www.sts-flottbek.de\/wp-content\/uploads\/2019\/05\/IMG-20190517-WA0023-768x1024.jpg 768w, https:\/\/www.sts-flottbek.de\/wp-content\/uploads\/2019\/05\/IMG-20190517-WA0023-203x270.jpg 203w, https:\/\/www.sts-flottbek.de\/wp-content\/uploads\/2019\/05\/IMG-20190517-WA0023.jpg 1200w\" sizes=\"auto, (max-width: 225px) 100vw, 225px\" \/><\/a>hwung.<\/p>\n<p>Einmal im Jahr kommt das \u201eFrance Mobil\u201c und bietet unterschiedlichen Jahrg\u00e4ngen einen abwechslungsreichen Vormittag.<\/p>\n<p>Auch Ausfl\u00fcge stehen auf dem Programm, wenn es sich anbietet.<\/p>\n<p>In Zusammenarbeit mit dem Institut Francais in Hamburg besuchen wir z.B. franz\u00f6sische Kinofilme oder wie im letzten Jahr das Reeperbahn-Festival, wo wir zu einem meet-and-greet mit der franz\u00f6sischen Band L\u2019imp\u00e9ratrice eingeladen waren.<\/p>\n","protected":false},"excerpt":{"rendered":"<p>Franz\u00f6sisch \u2013 zum Greifen nah! &nbsp; Die Welt entdecken . . .\u00a0 \u00a0 \u00a0 \u00a0 \u00a0 \u00a0 \u00a0 \u00a0 \u00a0 \u00a0 \u00a0 \u00a0 \u00a0 \u00a0 \u00a0 . . . mit&hellip;&nbsp;<a href=\"https:\/\/www.sts-flottbek.de\/?page_id=2234\" class=\"more-link\">&#8230; mehr<\/a><\/p>\n","protected":false},"author":5,"featured_media":0,"parent":4276,"menu_order":0,"comment_status":"closed","ping_status":"closed","template":"","meta":{"footnotes":""},"class_list":["post-2234","page","type-page","status-publish","hentry"],"_links":{"self":[{"href":"https:\/\/www.sts-flottbek.de\/index.php?rest_route=\/wp\/v2\/pages\/2234","targetHints":{"allow":["GET"]}}],"collection":[{"href":"https:\/\/www.sts-flottbek.de\/index.php?rest_route=\/wp\/v2\/pages"}],"about":[{"href":"https:\/\/www.sts-flottbek.de\/index.php?rest_route=\/wp\/v2\/types\/page"}],"author":[{"embeddable":true,"href":"https:\/\/www.sts-flottbek.de\/index.php?rest_route=\/wp\/v2\/users\/5"}],"replies":[{"embeddable":true,"href":"https:\/\/www.sts-flottbek.de\/index.php?rest_route=%2Fwp%2Fv2%2Fcomments&post=2234"}],"version-history":[{"count":3,"href":"https:\/\/www.sts-flottbek.de\/index.php?rest_route=\/wp\/v2\/pages\/2234\/revisions"}],"predecessor-version":[{"id":2239,"href":"https:\/\/www.sts-flottbek.de\/index.php?rest_route=\/wp\/v2\/pages\/2234\/revisions\/2239"}],"up":[{"embeddable":true,"href":"https:\/\/www.sts-flottbek.de\/index.php?rest_route=\/wp\/v2\/pages\/4276"}],"wp:attachment":[{"href":"https:\/\/www.sts-flottbek.de\/index.php?rest_route=%2Fwp%2Fv2%2Fmedia&parent=2234"}],"curies":[{"name":"wp","href":"https:\/\/api.w.org\/{rel}","templated":true}]}}