{"id":3039,"date":"2020-11-12T11:16:56","date_gmt":"2020-11-12T10:16:56","guid":{"rendered":"http:\/\/www.sts-flottbek.de\/?page_id=3039"},"modified":"2026-04-17T08:30:19","modified_gmt":"2026-04-17T06:30:19","slug":"elternrat-2","status":"publish","type":"page","link":"https:\/\/www.sts-flottbek.de\/?page_id=3039","title":{"rendered":"Elternrat"},"content":{"rendered":"<div id=\"pl-3039\"  class=\"panel-layout\" ><div id=\"pg-3039-0\"  class=\"panel-grid panel-no-style\" ><div id=\"pgc-3039-0-0\"  class=\"panel-grid-cell\" ><div id=\"panel-3039-0-0-0\" class=\"so-panel widget widget_text panel-first-child panel-last-child\" data-index=\"0\" ><h3 class=\"widget-title\">Mitmachen und Mitgestalten<\/h3>\t\t\t<div class=\"textwidget\"><p>Der Elternrat spielt eine wesentliche Rolle in unserer Schulgemeinschaft. Er fungiert als Br\u00fccke zwischen Eltern, Sch\u00fcler*innen und der Schulleitung und f\u00f6rdert eine aktive und konstruktive Zusammenarbeit. Die Aufgaben und Ziele des Elternrats sind vielf\u00e4ltig und darauf ausgerichtet, das Schulleben positiv zu beeinflussen und die Interessen aller Beteiligten zu vertreten.<\/p>\n<p>F\u00fcr die schul\u00f6ffentlichen Sitzungen des Elternrats tr\u00e4gt der ER-Vorstand aktuelle Themen aus dem Schulleben zusammen. Hierzu eingeladen sind alle Eltern unserer Schule, im Besonderen die Klassenelternvertreter*innen und die Schulleitung. Die \u00f6ffentlichen Sitzungen bieten eine gute M\u00f6glichkeit des Austausches, der Information und auch um konstruktive Kritik zu \u00e4u\u00dfern und Probleme zu besprechen, die die gesamte Sch\u00fclerschaft betreffen. Anliegen einzelner Eltern, ihr Kind oder die Klasse betreffend, werden zun\u00e4chst direkt oder \u00fcber die Elternvertreter*innen mit den Lehrkr\u00e4ften besprochen.<\/p>\n<\/div>\n\t\t<\/div><\/div><div id=\"pgc-3039-0-1\"  class=\"panel-grid-cell\" ><div id=\"panel-3039-0-1-0\" class=\"so-panel widget widget_text panel-first-child panel-last-child\" data-index=\"1\" ><div class=\"so-rounded panel-widget-style panel-widget-style-for-3039-0-1-0\" ><h3 class=\"widget-title\">\u00d6ffentliche Sitzungen<\/h3>\t\t\t<div class=\"textwidget\"><ul>\n<li>Do. 05.2. 2026 &#8211; um 19:00 Uhr<\/li>\n<li>Di. 21.04.2026 &#8211; um 19:30 Uhr <a href=\"https:\/\/www.sts-flottbek.de\/?p=9254\">(Keine Elternratssitzung &#8211; Gemeinsamer Austausch zum Vorfall in Flottbek)<\/a><\/li>\n<li>Mi. 10.6. 2026 &#8211; um 19:00 Uhr<\/li>\n<\/ul>\n<p><strong>Wo:<\/strong>\u00a0Mensa der Stadtteilschule Flottbek<\/p>\n<p><strong>Hierzu eingeladen sind alle Eltern unserer Schule, im Besonderen die Klassenelternvertreter*innen und die Schulleitung<\/strong><\/p>\n<\/div>\n\t\t<\/div><\/div><\/div><\/div><div id=\"pg-3039-1\"  class=\"panel-grid panel-no-style\" ><div id=\"pgc-3039-1-0\"  class=\"panel-grid-cell\" ><div id=\"panel-3039-1-0-0\" class=\"so-panel widget widget_text panel-first-child\" data-index=\"2\" ><h3 class=\"widget-title\">Unsere Aufgaben und Ziele<\/h3>\t\t\t<div class=\"textwidget\"><ol>\n<li><strong>Vertretung der Elterninteressen:<\/strong> Der Elternrat setzt sich f\u00fcr die Anliegen und Interessen der Elternschaft ein. Er sorgt daf\u00fcr, dass die Stimmen der Eltern geh\u00f6rt werden und in Entscheidungen einflie\u00dfen, die das Schulleben betreffen.<\/li>\n<li><strong>F\u00f6rderung des Dialogs:<\/strong> Ein offener und regelm\u00e4\u00dfiger Dialog zwischen Eltern, Lehrkr\u00e4ften und der Schulleitung ist uns wichtig. Der Elternrat organisiert regelm\u00e4\u00dfige Treffen und Veranstaltungen, um den Austausch zu f\u00f6rdern und gemeinsam L\u00f6sungen f\u00fcr Herausforderungen zu finden.<\/li>\n<li><strong>Unterst\u00fctzung schulischer Aktivit\u00e4ten:<\/strong> Wir unterst\u00fctzen die Schule bei der Planung und Durchf\u00fchrung von Veranstaltungen, Projekten und Ausfl\u00fcgen. Durch unsere Mithilfe tragen wir dazu bei, dass diese Aktivit\u00e4ten erfolgreich und bereichernd f\u00fcr die Sch\u00fcler*innen sind.<\/li>\n<li><strong>Mitwirkung in Gremien:<\/strong> Der Elternrat entsendet Vertreter in verschiedene schulische Gremien und Aussch\u00fcsse (<a href=\"http:\/\/www. ker21.hamburg.de\" target=\"_blank\" rel=\"noopener\">KER<\/a>, <a href=\"http:\/\/www.gest-hamburg.de\" target=\"_blank\" rel=\"noopener\">GEST<\/a>). Dadurch stellen wir sicher, dass die Perspektiven der Eltern in wichtigen Entscheidungsprozessen ber\u00fccksichtigt werden.<\/li>\n<li><strong>F\u00f6rderung der Schulentwicklung:<\/strong> Gemeinsam mit der Schulleitung und den Lehrkr\u00e4ften arbeiten wir daran, die Qualit\u00e4t der schulischen Bildung stetig zu verbessern. Wir bringen Ideen und Anregungen ein und unterst\u00fctzen Projekte, die die Schule weiter voranbringen.<\/li>\n<li><strong>Vielf\u00e4ltige Themen:<\/strong> Wir besch\u00e4ftigen uns mit vielf\u00e4ltigen Themen, mit dem Ziel, die Schulleitung, die Lehrkr\u00e4fte und den Sch\u00fclerrat bei der Erf\u00fcllung des Bildungsauftrages der Schule zu unterst\u00fctzen. Informieren Sie sich hier \u00fcber die aktuellen Themen des Elternrats und unsere Arbeitsgruppen, st\u00f6bern Sie in unseren Materialien und abonnieren Sie unseren Kalender, um immer unsere Termine im Blick zu haben.<\/li>\n<\/ol>\n<\/div>\n\t\t<\/div><div id=\"panel-3039-1-0-1\" class=\"so-panel widget widget_text panel-last-child\" data-index=\"3\" ><h3 class=\"widget-title\">Wir sind der Elternrat, gew\u00e4hlt am 07.10.2025 in der Elternvollversammlung von den Elternvertreter*innen<\/h3>\t\t\t<div class=\"textwidget\"><p>Wir haben uns f\u00fcr die ehrenamtliche Arbeit im Elternrat entschieden, weil unsere Kinder eine sch\u00f6ne und erf\u00fcllende Schulzeit haben sollen und wir das Schulleben aktiv mitgestalten wollen.<\/p>\n<p><img loading=\"lazy\" decoding=\"async\" class=\"alignnone wp-image-8872 size-full\" src=\"https:\/\/www.sts-flottbek.de\/wp-content\/uploads\/2025\/10\/IMG_4732-scaled-e1760553110777.jpg\" alt=\"\" width=\"2014\" height=\"1924\" srcset=\"https:\/\/www.sts-flottbek.de\/wp-content\/uploads\/2025\/10\/IMG_4732-scaled-e1760553110777.jpg 2014w, https:\/\/www.sts-flottbek.de\/wp-content\/uploads\/2025\/10\/IMG_4732-scaled-e1760553110777-300x287.jpg 300w, https:\/\/www.sts-flottbek.de\/wp-content\/uploads\/2025\/10\/IMG_4732-scaled-e1760553110777-1024x978.jpg 1024w, https:\/\/www.sts-flottbek.de\/wp-content\/uploads\/2025\/10\/IMG_4732-scaled-e1760553110777-768x734.jpg 768w, https:\/\/www.sts-flottbek.de\/wp-content\/uploads\/2025\/10\/IMG_4732-scaled-e1760553110777-1536x1467.jpg 1536w, https:\/\/www.sts-flottbek.de\/wp-content\/uploads\/2025\/10\/IMG_4732-scaled-e1760553110777-283x270.jpg 283w\" sizes=\"auto, (max-width: 2014px) 100vw, 2014px\" \/><\/p>\n<\/div>\n\t\t<\/div><\/div><\/div><div id=\"pg-3039-2\"  class=\"panel-grid panel-no-style\" ><div id=\"pgc-3039-2-0\"  class=\"panel-grid-cell\" ><div id=\"panel-3039-2-0-0\" class=\"so-panel widget widget_text panel-first-child panel-last-child\" data-index=\"4\" ><h3 class=\"widget-title\">Kontakt<\/h3>\t\t\t<div class=\"textwidget\"><p>Haben Sie Fragen oder m\u00f6chten Sie mehr \u00fcber unsere Arbeit erfahren? Dann z\u00f6gern Sie nicht, uns zu kontaktieren. Wir freuen uns \u00fcber Ihr Interesse und Ihre Unterst\u00fctzung! <strong>elternrat[at]stsflott.de<\/strong><\/p>\n<\/div>\n\t\t<\/div><\/div><div id=\"pgc-3039-2-1\"  class=\"panel-grid-cell\" ><div id=\"panel-3039-2-1-0\" class=\"so-panel widget widget_text panel-first-child panel-last-child\" data-index=\"5\" ><div class=\"so-rounded panel-widget-style panel-widget-style-for-3039-2-1-0\" ><h3 class=\"widget-title\">Jahresberichte (PDF)<\/h3>\t\t\t<div class=\"textwidget\"><p><strong><a href=\"https:\/\/www.sts-flottbek.de\/wp-content\/uploads\/2022\/09\/JahresrueckblickER-2021-2022.pdf\" target=\"_blank\" rel=\"noopener\">Pr\u00e4sentation 2021\/2022<\/a><\/strong><\/p>\n<p><strong><a href=\"https:\/\/www.sts-flottbek.de\/wp-content\/uploads\/2023\/10\/JahresrueckblickER-2022-2023.pdf\" target=\"_blank\" rel=\"noopener\">Pr\u00e4sentation 2022\/2023<\/a><\/strong><\/p>\n<p><strong><a href=\"https:\/\/www.sts-flottbek.de\/wp-content\/uploads\/2024\/10\/JahresrueckblickER-2023-2024.pdf\" target=\"_blank\" rel=\"noopener\">Pr\u00e4sentation 2023\/2024<\/a><\/strong><\/p>\n<p><strong><a href=\"https:\/\/www.sts-flottbek.de\/wp-content\/uploads\/2025\/10\/JahresrueckblickER-2024-2025.pdf\" target=\"_blank\" rel=\"noopener\">Pr\u00e4sentation 2024\/2025<\/a><\/strong><\/p>\n<\/div>\n\t\t<\/div><\/div><\/div><\/div><\/div>","protected":false},"excerpt":{"rendered":"<p>Der Elternrat spielt eine wesentliche Rolle in unserer Schulgemeinschaft. Er fungiert als Br\u00fccke zwischen Eltern, Sch\u00fcler*innen und der Schulleitung und f\u00f6rdert eine aktive und konstruktive Zusammenarbeit. Die Aufgaben und Ziele&hellip;&nbsp;<a href=\"https:\/\/www.sts-flottbek.de\/?page_id=3039\" class=\"more-link\">&#8230; mehr<\/a><\/p>\n","protected":false},"author":5,"featured_media":0,"parent":4230,"menu_order":0,"comment_status":"closed","ping_status":"closed","template":"","meta":{"footnotes":""},"class_list":["post-3039","page","type-page","status-publish","hentry"],"_links":{"self":[{"href":"https:\/\/www.sts-flottbek.de\/index.php?rest_route=\/wp\/v2\/pages\/3039","targetHints":{"allow":["GET"]}}],"collection":[{"href":"https:\/\/www.sts-flottbek.de\/index.php?rest_route=\/wp\/v2\/pages"}],"about":[{"href":"https:\/\/www.sts-flottbek.de\/index.php?rest_route=\/wp\/v2\/types\/page"}],"author":[{"embeddable":true,"href":"https:\/\/www.sts-flottbek.de\/index.php?rest_route=\/wp\/v2\/users\/5"}],"replies":[{"embeddable":true,"href":"https:\/\/www.sts-flottbek.de\/index.php?rest_route=%2Fwp%2Fv2%2Fcomments&post=3039"}],"version-history":[{"count":152,"href":"https:\/\/www.sts-flottbek.de\/index.php?rest_route=\/wp\/v2\/pages\/3039\/revisions"}],"predecessor-version":[{"id":9262,"href":"https:\/\/www.sts-flottbek.de\/index.php?rest_route=\/wp\/v2\/pages\/3039\/revisions\/9262"}],"up":[{"embeddable":true,"href":"https:\/\/www.sts-flottbek.de\/index.php?rest_route=\/wp\/v2\/pages\/4230"}],"wp:attachment":[{"href":"https:\/\/www.sts-flottbek.de\/index.php?rest_route=%2Fwp%2Fv2%2Fmedia&parent=3039"}],"curies":[{"name":"wp","href":"https:\/\/api.w.org\/{rel}","templated":true}]}}