{"id":4230,"date":"2021-03-22T11:31:41","date_gmt":"2021-03-22T10:31:41","guid":{"rendered":"https:\/\/www.sts-flottbek.de\/?page_id=4230"},"modified":"2023-10-13T09:03:26","modified_gmt":"2023-10-13T07:03:26","slug":"schulgemeinschaft","status":"publish","type":"page","link":"https:\/\/www.sts-flottbek.de\/?page_id=4230","title":{"rendered":"Schulgemeinschaft"},"content":{"rendered":"<div id=\"pl-4230\"  class=\"panel-layout\" ><div id=\"pg-4230-0\"  class=\"panel-grid panel-no-style\" ><div id=\"pgc-4230-0-0\"  class=\"panel-grid-cell\" ><div id=\"panel-4230-0-0-0\" class=\"so-panel widget widget_sow-editor panel-first-child panel-last-child\" data-index=\"0\" ><div\n\t\t\t\n\t\t\tclass=\"so-widget-sow-editor so-widget-sow-editor-base\"\n\t\t\t\n\t\t><h3 class=\"widget-title\">Lernerfolge und soziale Kompetenz<\/h3>\n<div class=\"siteorigin-widget-tinymce textwidget\">\n\t<p>Eine erfolgreiche Schulzeit ist die Basis f\u00fcr junge Menschen. Wir unterst\u00fctzen und begleiten unsere Sch\u00fcler*innen auf ihrem Bildungsweg, f\u00f6rdern Kompetenzen, ihre Selbst\u00e4ndigkeit und freuen uns \u00fcber das Heranwachsen von jungen Erwachsenen, die ihr Leben aktiv in die Hand nehmen wollen. Die Vielfalt unserer Schulgemeinschaft bietet dabei viele, wertvolle Aspekte beim Lernen und Erfahren der Unterrichtsinhalte.<br \/>\nDer respektvolle Umgang miteinander ist uns wichtig. Wir begegnen allen Lehrer*innen, Eltern und unseren Sch\u00fcler*innen\u2013 unserer Schulgemeinschaft \u2013 gegen\u00fcber mit Respekt, Offenheit, Toleranz, Hilfsbereitschaft und H\u00f6flichkeit. Als Stadtteilschule in Flottbek bauen wir auf das Konzept der Inklusion und unterrichten Begabungen, Nationalit\u00e4ten, Neigungen und Interessen zusammen, um soziales Verhalten zu f\u00f6rdern, Lernerfolge zu erh\u00f6hen.<\/p>\n<p>&nbsp;<\/p>\n<\/div>\n<\/div><\/div><\/div><div id=\"pgc-4230-0-1\"  class=\"panel-grid-cell\" ><div id=\"panel-4230-0-1-0\" class=\"so-panel widget widget_sow-image panel-first-child panel-last-child\" data-index=\"1\" ><div\n\t\t\t\n\t\t\tclass=\"so-widget-sow-image so-widget-sow-image-default-8b5b6f678277-4230\"\n\t\t\t\n\t\t>\n<div class=\"sow-image-container\">\n\t\t<img \n\tsrc=\"https:\/\/www.sts-flottbek.de\/wp-content\/uploads\/2020\/11\/Federtasche-klein.jpg\" width=\"326\" height=\"245\" srcset=\"https:\/\/www.sts-flottbek.de\/wp-content\/uploads\/2020\/11\/Federtasche-klein.jpg 326w, https:\/\/www.sts-flottbek.de\/wp-content\/uploads\/2020\/11\/Federtasche-klein-300x225.jpg 300w\" sizes=\"(max-width: 326px) 100vw, 326px\" title=\"Federtasche klein\" alt=\"\" \t\tclass=\"so-widget-image\"\/>\n\t<\/div>\n\n<\/div><\/div><\/div><\/div><\/div>","protected":false},"excerpt":{"rendered":"<p>Eine erfolgreiche Schulzeit ist die Basis f\u00fcr junge Menschen. Wir unterst\u00fctzen und begleiten unsere Sch\u00fcler*innen auf ihrem Bildungsweg, f\u00f6rdern Kompetenzen, ihre Selbst\u00e4ndigkeit und freuen uns \u00fcber das Heranwachsen von jungen&hellip;&nbsp;<a href=\"https:\/\/www.sts-flottbek.de\/?page_id=4230\" class=\"more-link\">&#8230; mehr<\/a><\/p>\n","protected":false},"author":5,"featured_media":0,"parent":780,"menu_order":0,"comment_status":"closed","ping_status":"closed","template":"","meta":{"footnotes":""},"class_list":["post-4230","page","type-page","status-publish","hentry"],"_links":{"self":[{"href":"https:\/\/www.sts-flottbek.de\/index.php?rest_route=\/wp\/v2\/pages\/4230","targetHints":{"allow":["GET"]}}],"collection":[{"href":"https:\/\/www.sts-flottbek.de\/index.php?rest_route=\/wp\/v2\/pages"}],"about":[{"href":"https:\/\/www.sts-flottbek.de\/index.php?rest_route=\/wp\/v2\/types\/page"}],"author":[{"embeddable":true,"href":"https:\/\/www.sts-flottbek.de\/index.php?rest_route=\/wp\/v2\/users\/5"}],"replies":[{"embeddable":true,"href":"https:\/\/www.sts-flottbek.de\/index.php?rest_route=%2Fwp%2Fv2%2Fcomments&post=4230"}],"version-history":[{"count":8,"href":"https:\/\/www.sts-flottbek.de\/index.php?rest_route=\/wp\/v2\/pages\/4230\/revisions"}],"predecessor-version":[{"id":7151,"href":"https:\/\/www.sts-flottbek.de\/index.php?rest_route=\/wp\/v2\/pages\/4230\/revisions\/7151"}],"up":[{"embeddable":true,"href":"https:\/\/www.sts-flottbek.de\/index.php?rest_route=\/wp\/v2\/pages\/780"}],"wp:attachment":[{"href":"https:\/\/www.sts-flottbek.de\/index.php?rest_route=%2Fwp%2Fv2%2Fmedia&parent=4230"}],"curies":[{"name":"wp","href":"https:\/\/api.w.org\/{rel}","templated":true}]}}