{"id":4276,"date":"2021-03-21T19:55:35","date_gmt":"2021-03-21T18:55:35","guid":{"rendered":"https:\/\/www.sts-flottbek.de\/?page_id=4276"},"modified":"2023-06-28T10:29:11","modified_gmt":"2023-06-28T08:29:11","slug":"faecher-2","status":"publish","type":"page","link":"https:\/\/www.sts-flottbek.de\/?page_id=4276","title":{"rendered":"F\u00e4cher\u00fcbersicht"},"content":{"rendered":"<div id=\"pl-4276\"  class=\"panel-layout\" ><div id=\"pg-4276-0\"  class=\"panel-grid panel-no-style\" ><div id=\"pgc-4276-0-0\"  class=\"panel-grid-cell\" ><div id=\"panel-4276-0-0-0\" class=\"so-panel widget widget_sow-editor panel-first-child panel-last-child\" data-index=\"0\" ><div\n\t\t\t\n\t\t\tclass=\"so-widget-sow-editor so-widget-sow-editor-base\"\n\t\t\t\n\t\t>\n<div class=\"siteorigin-widget-tinymce textwidget\">\n\t<p>Hier k\u00f6nnen Sie sich einen \u00dcberblick \u00fcber die F\u00e4cher verschaffen:<\/p>\n<ul>\n<li><span style=\"color: #3366ff;\"><a style=\"color: #3366ff;\" href=\"http:\/\/www.sts-flottbek.de\/?page_id=1240\">Arbeit und Beruf<\/a><\/span><\/li>\n<li><span style=\"color: #3366ff;\"><a style=\"color: #3366ff;\" href=\"http:\/\/www.sts-flottbek.de\/?page_id=2242\">Biologie<\/a><\/span><\/li>\n<li><span style=\"color: #3366ff;\"><a style=\"color: #3366ff;\" href=\"http:\/\/www.sts-flottbek.de\/?page_id=1353\">Chemie<\/a><\/span><\/li>\n<li><span style=\"color: #3366ff;\"><a style=\"color: #3366ff;\" href=\"http:\/\/www.sts-flottbek.de\/?page_id=1203\">Deutsch<\/a><\/span><\/li>\n<li><span style=\"color: #3366ff;\"><a style=\"color: #3366ff;\" href=\"http:\/\/www.sts-flottbek.de\/?page_id=1137\">Englisch<\/a><\/span><\/li>\n<li><span style=\"color: #3366ff;\"><a style=\"color: #3366ff;\" href=\"http:\/\/www.sts-flottbek.de\/?page_id=2234\">Franz\u00f6sisch<\/a><\/span><\/li>\n<li><span style=\"color: #3366ff;\"><a style=\"color: #3366ff;\" href=\"http:\/\/www.sts-flottbek.de\/?page_id=1095\">Gesellschaft<\/a><\/span><\/li>\n<li><span style=\"color: #3366ff;\"><a style=\"color: #3366ff;\" href=\"http:\/\/www.sts-flottbek.de\/?page_id=1537\">Informatik und Medienerziehung<\/a><\/span><\/li>\n<li><span style=\"color: #3366ff;\"><a style=\"color: #3366ff;\" href=\"http:\/\/www.sts-flottbek.de\/?page_id=46\">Kunst &amp; Technik<\/a><\/span><\/li>\n<li><span style=\"color: #3366ff;\"><a style=\"color: #3366ff;\" href=\"https:\/\/www.sts-flottbek.de\/?page_id=6788\">Latein<\/a><\/span><\/li>\n<li><span style=\"color: #3366ff;\"><a style=\"color: #3366ff;\" href=\"http:\/\/www.sts-flottbek.de\/?page_id=1087\">Mathematik<\/a><\/span><\/li>\n<li><span style=\"color: #3366ff;\"><a style=\"color: #3366ff;\" href=\"https:\/\/www.sts-flottbek.de\/?page_id=1231\">Musik<\/a><\/span><\/li>\n<li><span style=\"color: #3366ff;\"><a style=\"color: #3366ff;\" href=\"http:\/\/www.sts-flottbek.de\/?page_id=44\">Natur und Technik<\/a><\/span><\/li>\n<li><span style=\"color: #3366ff;\"><a style=\"color: #3366ff;\" href=\"http:\/\/www.sts-flottbek.de\/?page_id=1108\">Physik<\/a><\/span><\/li>\n<li><span style=\"color: #3366ff;\"><a style=\"color: #3366ff;\" href=\"http:\/\/www.sts-flottbek.de\/?page_id=1639\">Soziales Lernen<\/a><\/span><\/li>\n<li><span style=\"color: #3366ff;\"><a style=\"color: #3366ff;\" href=\"http:\/\/www.sts-flottbek.de\/?page_id=1134\">Spanisch<\/a><\/span><\/li>\n<li><span style=\"color: #3366ff;\"><a style=\"color: #3366ff;\" href=\"http:\/\/www.sts-flottbek.de\/?page_id=1225\">Sport<\/a><\/span><\/li>\n<li><span style=\"color: #3366ff;\"><a style=\"color: #3366ff;\" href=\"http:\/\/www.sts-flottbek.de\/?page_id=1207\">Theater<\/a><\/span><\/li>\n<\/ul>\n<\/div>\n<\/div><\/div><\/div><div id=\"pgc-4276-0-1\"  class=\"panel-grid-cell\" ><div id=\"panel-4276-0-1-0\" class=\"so-panel widget widget_sow-image panel-first-child\" data-index=\"1\" ><div\n\t\t\t\n\t\t\tclass=\"so-widget-sow-image so-widget-sow-image-default-dbf295114b96-4276\"\n\t\t\t\n\t\t>\n<div class=\"sow-image-container\">\n\t\t<img \n\tsrc=\"https:\/\/www.sts-flottbek.de\/wp-content\/uploads\/2020\/12\/SI_Schreibtsich_small.jpg\" width=\"1210\" height=\"907\" srcset=\"https:\/\/www.sts-flottbek.de\/wp-content\/uploads\/2020\/12\/SI_Schreibtsich_small.jpg 1210w, https:\/\/www.sts-flottbek.de\/wp-content\/uploads\/2020\/12\/SI_Schreibtsich_small-300x225.jpg 300w, https:\/\/www.sts-flottbek.de\/wp-content\/uploads\/2020\/12\/SI_Schreibtsich_small-1024x768.jpg 1024w, https:\/\/www.sts-flottbek.de\/wp-content\/uploads\/2020\/12\/SI_Schreibtsich_small-768x576.jpg 768w, https:\/\/www.sts-flottbek.de\/wp-content\/uploads\/2020\/12\/SI_Schreibtsich_small-360x270.jpg 360w\" sizes=\"(max-width: 1210px) 100vw, 1210px\" alt=\"\" \t\tclass=\"so-widget-image\"\/>\n\t<\/div>\n\n<\/div><\/div><div id=\"panel-4276-0-1-1\" class=\"so-panel widget widget_sow-image panel-last-child\" data-index=\"2\" ><div\n\t\t\t\n\t\t\tclass=\"so-widget-sow-image so-widget-sow-image-default-dbf295114b96-4276\"\n\t\t\t\n\t\t>\n<div class=\"sow-image-container\">\n\t\t<img \n\tsrc=\"https:\/\/www.sts-flottbek.de\/wp-content\/uploads\/2021\/03\/FoerdernfF2.jpg\" width=\"806\" height=\"605\" srcset=\"https:\/\/www.sts-flottbek.de\/wp-content\/uploads\/2021\/03\/FoerdernfF2.jpg 806w, https:\/\/www.sts-flottbek.de\/wp-content\/uploads\/2021\/03\/FoerdernfF2-300x225.jpg 300w, https:\/\/www.sts-flottbek.de\/wp-content\/uploads\/2021\/03\/FoerdernfF2-768x576.jpg 768w, https:\/\/www.sts-flottbek.de\/wp-content\/uploads\/2021\/03\/FoerdernfF2-360x270.jpg 360w\" sizes=\"(max-width: 806px) 100vw, 806px\" alt=\"\" \t\tclass=\"so-widget-image\"\/>\n\t<\/div>\n\n<\/div><\/div><\/div><\/div><div id=\"pg-4276-1\"  class=\"panel-grid panel-no-style\" ><div id=\"pgc-4276-1-0\"  class=\"panel-grid-cell panel-grid-cell-empty\" ><\/div><\/div><\/div>","protected":false},"excerpt":{"rendered":"<p>Hier k\u00f6nnen Sie sich einen \u00dcberblick \u00fcber die F\u00e4cher verschaffen: Arbeit und Beruf Biologie Chemie Deutsch Englisch Franz\u00f6sisch Gesellschaft Informatik und Medienerziehung Kunst &amp; Technik Latein Mathematik Musik Natur und&hellip;&nbsp;<a href=\"https:\/\/www.sts-flottbek.de\/?page_id=4276\" class=\"more-link\">&#8230; mehr<\/a><\/p>\n","protected":false},"author":5,"featured_media":0,"parent":12,"menu_order":70,"comment_status":"closed","ping_status":"closed","template":"","meta":{"footnotes":""},"class_list":["post-4276","page","type-page","status-publish","hentry"],"_links":{"self":[{"href":"https:\/\/www.sts-flottbek.de\/index.php?rest_route=\/wp\/v2\/pages\/4276","targetHints":{"allow":["GET"]}}],"collection":[{"href":"https:\/\/www.sts-flottbek.de\/index.php?rest_route=\/wp\/v2\/pages"}],"about":[{"href":"https:\/\/www.sts-flottbek.de\/index.php?rest_route=\/wp\/v2\/types\/page"}],"author":[{"embeddable":true,"href":"https:\/\/www.sts-flottbek.de\/index.php?rest_route=\/wp\/v2\/users\/5"}],"replies":[{"embeddable":true,"href":"https:\/\/www.sts-flottbek.de\/index.php?rest_route=%2Fwp%2Fv2%2Fcomments&post=4276"}],"version-history":[{"count":18,"href":"https:\/\/www.sts-flottbek.de\/index.php?rest_route=\/wp\/v2\/pages\/4276\/revisions"}],"predecessor-version":[{"id":6796,"href":"https:\/\/www.sts-flottbek.de\/index.php?rest_route=\/wp\/v2\/pages\/4276\/revisions\/6796"}],"up":[{"embeddable":true,"href":"https:\/\/www.sts-flottbek.de\/index.php?rest_route=\/wp\/v2\/pages\/12"}],"wp:attachment":[{"href":"https:\/\/www.sts-flottbek.de\/index.php?rest_route=%2Fwp%2Fv2%2Fmedia&parent=4276"}],"curies":[{"name":"wp","href":"https:\/\/api.w.org\/{rel}","templated":true}]}}