{"id":4566,"date":"2021-06-09T21:00:56","date_gmt":"2021-06-09T19:00:56","guid":{"rendered":"https:\/\/www.sts-flottbek.de\/?page_id=4566"},"modified":"2025-09-24T14:27:15","modified_gmt":"2025-09-24T12:27:15","slug":"ganztaegiges-lernen-und-betreuung","status":"publish","type":"page","link":"https:\/\/www.sts-flottbek.de\/?page_id=4566","title":{"rendered":"Meet the Team &#8211; Unsere Kurse"},"content":{"rendered":"<div id=\"pl-4566\"  class=\"panel-layout\" ><div id=\"pg-4566-0\"  class=\"panel-grid panel-no-style\" ><div id=\"pgc-4566-0-0\"  class=\"panel-grid-cell\" ><div id=\"panel-4566-0-0-0\" class=\"so-panel widget widget_text panel-first-child panel-last-child\" data-index=\"0\" ><h3 class=\"widget-title\">Meet the Team &#8211; Einblick in die Kurse<\/h3>\t\t\t<div class=\"textwidget\"><p>Die Gestaltung des Nachmittagsangebots wird durch die Stadtteilschule Flottbek \u00fcbernommen und organisiert. Unterst\u00fctzend kommt es zur Zusammenarbeit mit weiteren schulischen Tr\u00e4gern, z.B. GS Gro\u00df Flottbek, GS Windm\u00fchlenweg. Die Qualit\u00e4t der Angebote wird durch gegenseitige Hospitationen, Befragungen und regelm\u00e4\u00dfige Austauschgespr\u00e4che evaluiert; Ver\u00e4nderungsm\u00f6glichkeiten werden so gemeinsam er\u00f6rtert. Wichtigste Taktgeber sind dabei aber die Sch\u00fcler*innen selbst: In kleinen Konferenzen wird mit ihnen gemeinsam geplant und gestaltet.<\/p>\n<\/div>\n\t\t<\/div><\/div><\/div><div id=\"pg-4566-1\"  class=\"panel-grid panel-no-style\" ><div id=\"pgc-4566-1-0\"  class=\"panel-grid-cell\" ><div id=\"panel-4566-1-0-0\" class=\"so-panel widget widget_text panel-first-child panel-last-child\" data-index=\"1\" ><div class=\"panel-widget-style panel-widget-style-for-4566-1-0-0\" ><h3 class=\"widget-title\">MONTAG<\/h3>\t\t\t<div class=\"textwidget\"><\/div>\n\t\t<\/div><\/div><\/div><\/div><div id=\"pg-4566-2\"  class=\"panel-grid panel-no-style\" ><div id=\"pgc-4566-2-0\"  class=\"panel-grid-cell\" ><div id=\"panel-4566-2-0-0\" class=\"so-panel widget widget_media_image panel-first-child panel-last-child\" data-index=\"2\" ><a href=\"https:\/\/www.sts-flottbek.de\/wp-content\/uploads\/2025\/09\/montag2526_01.jpg\" target=\"_blank\"><img loading=\"lazy\" decoding=\"async\" width=\"640\" height=\"909\" src=\"https:\/\/www.sts-flottbek.de\/wp-content\/uploads\/2025\/09\/montag2526_01-721x1024.jpg\" class=\"image wp-image-8827  attachment-large size-large\" alt=\"\" style=\"max-width: 100%; height: auto;\" srcset=\"https:\/\/www.sts-flottbek.de\/wp-content\/uploads\/2025\/09\/montag2526_01-721x1024.jpg 721w, https:\/\/www.sts-flottbek.de\/wp-content\/uploads\/2025\/09\/montag2526_01-211x300.jpg 211w, https:\/\/www.sts-flottbek.de\/wp-content\/uploads\/2025\/09\/montag2526_01-768x1091.jpg 768w, https:\/\/www.sts-flottbek.de\/wp-content\/uploads\/2025\/09\/montag2526_01-1081x1536.jpg 1081w, https:\/\/www.sts-flottbek.de\/wp-content\/uploads\/2025\/09\/montag2526_01-1441x2048.jpg 1441w, https:\/\/www.sts-flottbek.de\/wp-content\/uploads\/2025\/09\/montag2526_01-190x270.jpg 190w, https:\/\/www.sts-flottbek.de\/wp-content\/uploads\/2025\/09\/montag2526_01.jpg 1746w\" sizes=\"auto, (max-width: 640px) 100vw, 640px\" \/><\/a><\/div><\/div><div id=\"pgc-4566-2-1\"  class=\"panel-grid-cell\" ><div id=\"panel-4566-2-1-0\" class=\"so-panel widget widget_media_image panel-first-child panel-last-child\" data-index=\"3\" ><a href=\"https:\/\/www.sts-flottbek.de\/wp-content\/uploads\/2025\/09\/montag2526_02.jpg\" target=\"_blank\"><img loading=\"lazy\" decoding=\"async\" width=\"640\" height=\"909\" src=\"https:\/\/www.sts-flottbek.de\/wp-content\/uploads\/2025\/09\/montag2526_02-721x1024.jpg\" class=\"image wp-image-8828  attachment-large size-large\" alt=\"\" style=\"max-width: 100%; height: auto;\" srcset=\"https:\/\/www.sts-flottbek.de\/wp-content\/uploads\/2025\/09\/montag2526_02-721x1024.jpg 721w, https:\/\/www.sts-flottbek.de\/wp-content\/uploads\/2025\/09\/montag2526_02-211x300.jpg 211w, https:\/\/www.sts-flottbek.de\/wp-content\/uploads\/2025\/09\/montag2526_02-768x1091.jpg 768w, https:\/\/www.sts-flottbek.de\/wp-content\/uploads\/2025\/09\/montag2526_02-1081x1536.jpg 1081w, https:\/\/www.sts-flottbek.de\/wp-content\/uploads\/2025\/09\/montag2526_02-1441x2048.jpg 1441w, https:\/\/www.sts-flottbek.de\/wp-content\/uploads\/2025\/09\/montag2526_02-190x270.jpg 190w, https:\/\/www.sts-flottbek.de\/wp-content\/uploads\/2025\/09\/montag2526_02.jpg 1746w\" sizes=\"auto, (max-width: 640px) 100vw, 640px\" \/><\/a><\/div><\/div><div id=\"pgc-4566-2-2\"  class=\"panel-grid-cell\" ><div id=\"panel-4566-2-2-0\" class=\"so-panel widget widget_media_image panel-first-child panel-last-child\" data-index=\"4\" ><a href=\"https:\/\/www.sts-flottbek.de\/wp-content\/uploads\/2025\/09\/montag2526_03.jpg\" target=\"_blank\"><img loading=\"lazy\" decoding=\"async\" width=\"640\" height=\"909\" src=\"https:\/\/www.sts-flottbek.de\/wp-content\/uploads\/2025\/09\/montag2526_03-721x1024.jpg\" class=\"image wp-image-8829  attachment-large size-large\" alt=\"\" style=\"max-width: 100%; height: auto;\" srcset=\"https:\/\/www.sts-flottbek.de\/wp-content\/uploads\/2025\/09\/montag2526_03-721x1024.jpg 721w, https:\/\/www.sts-flottbek.de\/wp-content\/uploads\/2025\/09\/montag2526_03-211x300.jpg 211w, https:\/\/www.sts-flottbek.de\/wp-content\/uploads\/2025\/09\/montag2526_03-768x1091.jpg 768w, https:\/\/www.sts-flottbek.de\/wp-content\/uploads\/2025\/09\/montag2526_03-1081x1536.jpg 1081w, https:\/\/www.sts-flottbek.de\/wp-content\/uploads\/2025\/09\/montag2526_03-1441x2048.jpg 1441w, https:\/\/www.sts-flottbek.de\/wp-content\/uploads\/2025\/09\/montag2526_03-190x270.jpg 190w, https:\/\/www.sts-flottbek.de\/wp-content\/uploads\/2025\/09\/montag2526_03.jpg 1746w\" sizes=\"auto, (max-width: 640px) 100vw, 640px\" \/><\/a><\/div><\/div><\/div><div id=\"pg-4566-3\"  class=\"panel-grid panel-no-style\" ><div id=\"pgc-4566-3-0\"  class=\"panel-grid-cell\" ><div id=\"panel-4566-3-0-0\" class=\"so-panel widget widget_text panel-first-child panel-last-child\" data-index=\"5\" ><div class=\"panel-widget-style panel-widget-style-for-4566-3-0-0\" ><h3 class=\"widget-title\">MITTWOCH<\/h3>\t\t\t<div class=\"textwidget\"><\/div>\n\t\t<\/div><\/div><\/div><\/div><div id=\"pg-4566-4\"  class=\"panel-grid panel-no-style\" ><div id=\"pgc-4566-4-0\"  class=\"panel-grid-cell\" ><div id=\"panel-4566-4-0-0\" class=\"so-panel widget widget_media_image panel-first-child panel-last-child\" data-index=\"6\" ><a href=\"https:\/\/www.sts-flottbek.de\/wp-content\/uploads\/2025\/09\/Mittwoch2526_01.jpg\" target=\"_blank\"><img loading=\"lazy\" decoding=\"async\" width=\"640\" height=\"909\" src=\"https:\/\/www.sts-flottbek.de\/wp-content\/uploads\/2025\/09\/Mittwoch2526_01-721x1024.jpg\" class=\"image wp-image-8830  attachment-large size-large\" alt=\"\" style=\"max-width: 100%; height: auto;\" srcset=\"https:\/\/www.sts-flottbek.de\/wp-content\/uploads\/2025\/09\/Mittwoch2526_01-721x1024.jpg 721w, https:\/\/www.sts-flottbek.de\/wp-content\/uploads\/2025\/09\/Mittwoch2526_01-211x300.jpg 211w, https:\/\/www.sts-flottbek.de\/wp-content\/uploads\/2025\/09\/Mittwoch2526_01-768x1091.jpg 768w, https:\/\/www.sts-flottbek.de\/wp-content\/uploads\/2025\/09\/Mittwoch2526_01-1081x1536.jpg 1081w, https:\/\/www.sts-flottbek.de\/wp-content\/uploads\/2025\/09\/Mittwoch2526_01-1441x2048.jpg 1441w, https:\/\/www.sts-flottbek.de\/wp-content\/uploads\/2025\/09\/Mittwoch2526_01-190x270.jpg 190w, https:\/\/www.sts-flottbek.de\/wp-content\/uploads\/2025\/09\/Mittwoch2526_01.jpg 1746w\" sizes=\"auto, (max-width: 640px) 100vw, 640px\" \/><\/a><\/div><\/div><div id=\"pgc-4566-4-1\"  class=\"panel-grid-cell\" ><div id=\"panel-4566-4-1-0\" class=\"so-panel widget widget_media_image panel-first-child panel-last-child\" data-index=\"7\" ><a href=\"https:\/\/www.sts-flottbek.de\/wp-content\/uploads\/2025\/09\/Mittwoch2526_02.jpg\" target=\"_blank\"><img loading=\"lazy\" decoding=\"async\" width=\"640\" height=\"909\" src=\"https:\/\/www.sts-flottbek.de\/wp-content\/uploads\/2025\/09\/Mittwoch2526_02-721x1024.jpg\" class=\"image wp-image-8831  attachment-large size-large\" alt=\"\" style=\"max-width: 100%; height: auto;\" srcset=\"https:\/\/www.sts-flottbek.de\/wp-content\/uploads\/2025\/09\/Mittwoch2526_02-721x1024.jpg 721w, https:\/\/www.sts-flottbek.de\/wp-content\/uploads\/2025\/09\/Mittwoch2526_02-211x300.jpg 211w, https:\/\/www.sts-flottbek.de\/wp-content\/uploads\/2025\/09\/Mittwoch2526_02-768x1091.jpg 768w, https:\/\/www.sts-flottbek.de\/wp-content\/uploads\/2025\/09\/Mittwoch2526_02-1081x1536.jpg 1081w, https:\/\/www.sts-flottbek.de\/wp-content\/uploads\/2025\/09\/Mittwoch2526_02-1441x2048.jpg 1441w, https:\/\/www.sts-flottbek.de\/wp-content\/uploads\/2025\/09\/Mittwoch2526_02-190x270.jpg 190w, https:\/\/www.sts-flottbek.de\/wp-content\/uploads\/2025\/09\/Mittwoch2526_02.jpg 1746w\" sizes=\"auto, (max-width: 640px) 100vw, 640px\" \/><\/a><\/div><\/div><div id=\"pgc-4566-4-2\"  class=\"panel-grid-cell\" ><div id=\"panel-4566-4-2-0\" class=\"so-panel widget widget_media_image panel-first-child panel-last-child\" data-index=\"8\" ><a href=\"https:\/\/www.sts-flottbek.de\/wp-content\/uploads\/2025\/09\/Mittwoch2526_03.jpg\" target=\"_blank\"><img loading=\"lazy\" decoding=\"async\" width=\"640\" height=\"909\" src=\"https:\/\/www.sts-flottbek.de\/wp-content\/uploads\/2025\/09\/Mittwoch2526_03-721x1024.jpg\" class=\"image wp-image-8832  attachment-large size-large\" alt=\"\" style=\"max-width: 100%; height: auto;\" srcset=\"https:\/\/www.sts-flottbek.de\/wp-content\/uploads\/2025\/09\/Mittwoch2526_03-721x1024.jpg 721w, https:\/\/www.sts-flottbek.de\/wp-content\/uploads\/2025\/09\/Mittwoch2526_03-211x300.jpg 211w, https:\/\/www.sts-flottbek.de\/wp-content\/uploads\/2025\/09\/Mittwoch2526_03-768x1091.jpg 768w, https:\/\/www.sts-flottbek.de\/wp-content\/uploads\/2025\/09\/Mittwoch2526_03-1081x1536.jpg 1081w, https:\/\/www.sts-flottbek.de\/wp-content\/uploads\/2025\/09\/Mittwoch2526_03-1441x2048.jpg 1441w, https:\/\/www.sts-flottbek.de\/wp-content\/uploads\/2025\/09\/Mittwoch2526_03-190x270.jpg 190w, https:\/\/www.sts-flottbek.de\/wp-content\/uploads\/2025\/09\/Mittwoch2526_03.jpg 1746w\" sizes=\"auto, (max-width: 640px) 100vw, 640px\" \/><\/a><\/div><\/div><\/div><div id=\"pg-4566-5\"  class=\"panel-grid panel-no-style\" ><div id=\"pgc-4566-5-0\"  class=\"panel-grid-cell\" ><div id=\"panel-4566-5-0-0\" class=\"so-panel widget widget_text panel-first-child panel-last-child\" data-index=\"9\" ><div class=\"panel-widget-style panel-widget-style-for-4566-5-0-0\" ><h3 class=\"widget-title\">FREITAG<\/h3>\t\t\t<div class=\"textwidget\"><\/div>\n\t\t<\/div><\/div><\/div><\/div><div id=\"pg-4566-6\"  class=\"panel-grid panel-no-style\" ><div id=\"pgc-4566-6-0\"  class=\"panel-grid-cell\" ><div id=\"panel-4566-6-0-0\" class=\"so-panel widget widget_media_image panel-first-child panel-last-child\" data-index=\"10\" ><a href=\"https:\/\/www.sts-flottbek.de\/wp-content\/uploads\/2025\/09\/Freitag2526_01.jpg\" target=\"_blank\"><img loading=\"lazy\" decoding=\"async\" width=\"640\" height=\"909\" src=\"https:\/\/www.sts-flottbek.de\/wp-content\/uploads\/2025\/09\/Freitag2526_01-721x1024.jpg\" class=\"image wp-image-8833  attachment-large size-large\" alt=\"\" style=\"max-width: 100%; height: auto;\" srcset=\"https:\/\/www.sts-flottbek.de\/wp-content\/uploads\/2025\/09\/Freitag2526_01-721x1024.jpg 721w, https:\/\/www.sts-flottbek.de\/wp-content\/uploads\/2025\/09\/Freitag2526_01-211x300.jpg 211w, https:\/\/www.sts-flottbek.de\/wp-content\/uploads\/2025\/09\/Freitag2526_01-768x1091.jpg 768w, https:\/\/www.sts-flottbek.de\/wp-content\/uploads\/2025\/09\/Freitag2526_01-1081x1536.jpg 1081w, https:\/\/www.sts-flottbek.de\/wp-content\/uploads\/2025\/09\/Freitag2526_01-1441x2048.jpg 1441w, https:\/\/www.sts-flottbek.de\/wp-content\/uploads\/2025\/09\/Freitag2526_01-190x270.jpg 190w, https:\/\/www.sts-flottbek.de\/wp-content\/uploads\/2025\/09\/Freitag2526_01.jpg 1746w\" sizes=\"auto, (max-width: 640px) 100vw, 640px\" \/><\/a><\/div><\/div><div id=\"pgc-4566-6-1\"  class=\"panel-grid-cell panel-grid-cell-empty panel-grid-cell-mobile-last\" ><\/div><div id=\"pgc-4566-6-2\"  class=\"panel-grid-cell panel-grid-cell-empty\" ><\/div><\/div><div id=\"pg-4566-7\"  class=\"panel-grid panel-no-style\" ><div id=\"pgc-4566-7-0\"  class=\"panel-grid-cell\" ><div id=\"panel-4566-7-0-0\" class=\"so-panel widget widget_text panel-first-child panel-last-child\" data-index=\"11\" ><div class=\"panel-widget-style panel-widget-style-for-4566-7-0-0\" ><h3 class=\"widget-title\">WEITERES<\/h3>\t\t\t<div class=\"textwidget\"><\/div>\n\t\t<\/div><\/div><\/div><\/div><div id=\"pg-4566-8\"  class=\"panel-grid panel-no-style\" ><div id=\"pgc-4566-8-0\"  class=\"panel-grid-cell\" ><div id=\"panel-4566-8-0-0\" class=\"so-panel widget widget_media_image panel-first-child panel-last-child\" data-index=\"12\" ><a href=\"https:\/\/www.sts-flottbek.de\/wp-content\/uploads\/2025\/09\/offen.jpg\" target=\"_blank\"><img loading=\"lazy\" decoding=\"async\" width=\"640\" height=\"909\" src=\"https:\/\/www.sts-flottbek.de\/wp-content\/uploads\/2025\/09\/offen-721x1024.jpg\" class=\"image wp-image-8836  attachment-large size-large\" alt=\"\" style=\"max-width: 100%; height: auto;\" srcset=\"https:\/\/www.sts-flottbek.de\/wp-content\/uploads\/2025\/09\/offen-721x1024.jpg 721w, https:\/\/www.sts-flottbek.de\/wp-content\/uploads\/2025\/09\/offen-211x300.jpg 211w, https:\/\/www.sts-flottbek.de\/wp-content\/uploads\/2025\/09\/offen-768x1091.jpg 768w, https:\/\/www.sts-flottbek.de\/wp-content\/uploads\/2025\/09\/offen-1081x1536.jpg 1081w, https:\/\/www.sts-flottbek.de\/wp-content\/uploads\/2025\/09\/offen-1441x2048.jpg 1441w, https:\/\/www.sts-flottbek.de\/wp-content\/uploads\/2025\/09\/offen-190x270.jpg 190w, https:\/\/www.sts-flottbek.de\/wp-content\/uploads\/2025\/09\/offen.jpg 1746w\" sizes=\"auto, (max-width: 640px) 100vw, 640px\" \/><\/a><\/div><\/div><div id=\"pgc-4566-8-1\"  class=\"panel-grid-cell panel-grid-cell-mobile-last\" ><div id=\"panel-4566-8-1-0\" class=\"so-panel widget widget_media_image panel-first-child panel-last-child\" data-index=\"13\" ><a href=\"https:\/\/www.sts-flottbek.de\/wp-content\/uploads\/2025\/09\/hausaufgaben.jpg\" target=\"_blank\"><img loading=\"lazy\" decoding=\"async\" width=\"640\" height=\"909\" src=\"https:\/\/www.sts-flottbek.de\/wp-content\/uploads\/2025\/09\/hausaufgaben-721x1024.jpg\" class=\"image wp-image-8835  attachment-large size-large\" alt=\"\" style=\"max-width: 100%; height: auto;\" srcset=\"https:\/\/www.sts-flottbek.de\/wp-content\/uploads\/2025\/09\/hausaufgaben-721x1024.jpg 721w, https:\/\/www.sts-flottbek.de\/wp-content\/uploads\/2025\/09\/hausaufgaben-211x300.jpg 211w, https:\/\/www.sts-flottbek.de\/wp-content\/uploads\/2025\/09\/hausaufgaben-768x1091.jpg 768w, https:\/\/www.sts-flottbek.de\/wp-content\/uploads\/2025\/09\/hausaufgaben-1081x1536.jpg 1081w, https:\/\/www.sts-flottbek.de\/wp-content\/uploads\/2025\/09\/hausaufgaben-1441x2048.jpg 1441w, https:\/\/www.sts-flottbek.de\/wp-content\/uploads\/2025\/09\/hausaufgaben-190x270.jpg 190w, https:\/\/www.sts-flottbek.de\/wp-content\/uploads\/2025\/09\/hausaufgaben.jpg 1746w\" sizes=\"auto, (max-width: 640px) 100vw, 640px\" \/><\/a><\/div><\/div><div id=\"pgc-4566-8-2\"  class=\"panel-grid-cell panel-grid-cell-empty\" ><\/div><\/div><\/div>","protected":false},"excerpt":{"rendered":"<p>Die Gestaltung des Nachmittagsangebots wird durch die Stadtteilschule Flottbek \u00fcbernommen und organisiert. Unterst\u00fctzend kommt es zur Zusammenarbeit mit weiteren schulischen Tr\u00e4gern, z.B. GS Gro\u00df Flottbek, GS Windm\u00fchlenweg. Die Qualit\u00e4t der&hellip;&nbsp;<a href=\"https:\/\/www.sts-flottbek.de\/?page_id=4566\" class=\"more-link\">&#8230; mehr<\/a><\/p>\n","protected":false},"author":5,"featured_media":0,"parent":81,"menu_order":101,"comment_status":"closed","ping_status":"closed","template":"","meta":{"footnotes":""},"class_list":["post-4566","page","type-page","status-publish","hentry"],"_links":{"self":[{"href":"https:\/\/www.sts-flottbek.de\/index.php?rest_route=\/wp\/v2\/pages\/4566","targetHints":{"allow":["GET"]}}],"collection":[{"href":"https:\/\/www.sts-flottbek.de\/index.php?rest_route=\/wp\/v2\/pages"}],"about":[{"href":"https:\/\/www.sts-flottbek.de\/index.php?rest_route=\/wp\/v2\/types\/page"}],"author":[{"embeddable":true,"href":"https:\/\/www.sts-flottbek.de\/index.php?rest_route=\/wp\/v2\/users\/5"}],"replies":[{"embeddable":true,"href":"https:\/\/www.sts-flottbek.de\/index.php?rest_route=%2Fwp%2Fv2%2Fcomments&post=4566"}],"version-history":[{"count":63,"href":"https:\/\/www.sts-flottbek.de\/index.php?rest_route=\/wp\/v2\/pages\/4566\/revisions"}],"predecessor-version":[{"id":8840,"href":"https:\/\/www.sts-flottbek.de\/index.php?rest_route=\/wp\/v2\/pages\/4566\/revisions\/8840"}],"up":[{"embeddable":true,"href":"https:\/\/www.sts-flottbek.de\/index.php?rest_route=\/wp\/v2\/pages\/81"}],"wp:attachment":[{"href":"https:\/\/www.sts-flottbek.de\/index.php?rest_route=%2Fwp%2Fv2%2Fmedia&parent=4566"}],"curies":[{"name":"wp","href":"https:\/\/api.w.org\/{rel}","templated":true}]}}