{"id":4572,"date":"2021-06-09T15:15:17","date_gmt":"2021-06-09T13:15:17","guid":{"rendered":"https:\/\/www.sts-flottbek.de\/?page_id=4572"},"modified":"2023-10-13T09:42:43","modified_gmt":"2023-10-13T07:42:43","slug":"pausengestaltung","status":"publish","type":"page","link":"https:\/\/www.sts-flottbek.de\/?page_id=4572","title":{"rendered":"Pausengestaltung"},"content":{"rendered":"<div id=\"pl-4572\"  class=\"panel-layout\" ><div id=\"pg-4572-0\"  class=\"panel-grid panel-no-style\" ><div id=\"pgc-4572-0-0\"  class=\"panel-grid-cell\" ><div id=\"panel-4572-0-0-0\" class=\"so-panel widget widget_sow-editor panel-first-child panel-last-child\" data-index=\"0\" ><div\n\t\t\t\n\t\t\tclass=\"so-widget-sow-editor so-widget-sow-editor-base\"\n\t\t\t\n\t\t><h3 class=\"widget-title\">Pausengestaltung<\/h3>\n<div class=\"siteorigin-widget-tinymce textwidget\">\n\t<p>In den gro\u00dfen Pausen und in der Mittagszeit k\u00f6nnen die Sch\u00fcler*innen ihre Freizeit abwechslungsreich gestalten: Nutzung der vielen Spiel-, Sport- und Kletterm\u00f6glichkeiten, Spielausleihe \u201eL\u00fctt Flottbek\u201c, Schulbibliothek, Chill-Raum usw. Ein Ruhebereich (mit Teich) und viele Sitzm\u00f6glichkeiten bieten auch die Gelegenheit, sich vom Trubel zur\u00fcckzuziehen. Erg\u00e4nzend kommen aktive und entspannende Angebote durch unser Sozialp\u00e4dagogik-Team. Sch\u00f6ne Highlights sind immer wieder die Pausenaktionen des Schulsprecherteams.<\/p>\n<\/div>\n<\/div><\/div><\/div><div id=\"pgc-4572-0-1\"  class=\"panel-grid-cell\" ><div id=\"panel-4572-0-1-0\" class=\"so-panel widget widget_sow-image panel-first-child\" data-index=\"1\" ><div\n\t\t\t\n\t\t\tclass=\"so-widget-sow-image so-widget-sow-image-default-dbf295114b96-4572\"\n\t\t\t\n\t\t>\n<div class=\"sow-image-container\">\n\t\t<img \n\tsrc=\"https:\/\/www.sts-flottbek.de\/wp-content\/uploads\/2021\/02\/SpinneSchnee.jpg\" width=\"754\" height=\"565\" srcset=\"https:\/\/www.sts-flottbek.de\/wp-content\/uploads\/2021\/02\/SpinneSchnee.jpg 754w, https:\/\/www.sts-flottbek.de\/wp-content\/uploads\/2021\/02\/SpinneSchnee-300x225.jpg 300w, https:\/\/www.sts-flottbek.de\/wp-content\/uploads\/2021\/02\/SpinneSchnee-360x270.jpg 360w\" sizes=\"(max-width: 754px) 100vw, 754px\" alt=\"\" \t\tclass=\"so-widget-image\"\/>\n\t<\/div>\n\n<\/div><\/div><div id=\"panel-4572-0-1-1\" class=\"so-panel widget widget_sow-image\" data-index=\"2\" ><div\n\t\t\t\n\t\t\tclass=\"so-widget-sow-image so-widget-sow-image-default-dbf295114b96-4572\"\n\t\t\t\n\t\t>\n<div class=\"sow-image-container\">\n\t\t<img \n\tsrc=\"https:\/\/www.sts-flottbek.de\/wp-content\/uploads\/2021\/06\/basket1.jpg\" width=\"1600\" height=\"1200\" srcset=\"https:\/\/www.sts-flottbek.de\/wp-content\/uploads\/2021\/06\/basket1.jpg 1600w, https:\/\/www.sts-flottbek.de\/wp-content\/uploads\/2021\/06\/basket1-300x225.jpg 300w, https:\/\/www.sts-flottbek.de\/wp-content\/uploads\/2021\/06\/basket1-1024x768.jpg 1024w, https:\/\/www.sts-flottbek.de\/wp-content\/uploads\/2021\/06\/basket1-768x576.jpg 768w, https:\/\/www.sts-flottbek.de\/wp-content\/uploads\/2021\/06\/basket1-1536x1152.jpg 1536w, https:\/\/www.sts-flottbek.de\/wp-content\/uploads\/2021\/06\/basket1-360x270.jpg 360w\" sizes=\"(max-width: 1600px) 100vw, 1600px\" alt=\"\" \t\tclass=\"so-widget-image\"\/>\n\t<\/div>\n\n<\/div><\/div><div id=\"panel-4572-0-1-2\" class=\"so-panel widget widget_sow-image panel-last-child\" data-index=\"3\" ><div\n\t\t\t\n\t\t\tclass=\"so-widget-sow-image so-widget-sow-image-default-dbf295114b96-4572\"\n\t\t\t\n\t\t>\n<div class=\"sow-image-container\">\n\t\t<img \n\tsrc=\"https:\/\/www.sts-flottbek.de\/wp-content\/uploads\/2021\/06\/Teich.jpg\" width=\"1093\" height=\"1457\" srcset=\"https:\/\/www.sts-flottbek.de\/wp-content\/uploads\/2021\/06\/Teich.jpg 1093w, https:\/\/www.sts-flottbek.de\/wp-content\/uploads\/2021\/06\/Teich-225x300.jpg 225w, https:\/\/www.sts-flottbek.de\/wp-content\/uploads\/2021\/06\/Teich-768x1024.jpg 768w, https:\/\/www.sts-flottbek.de\/wp-content\/uploads\/2021\/06\/Teich-203x270.jpg 203w\" sizes=\"(max-width: 1093px) 100vw, 1093px\" alt=\"\" \t\tclass=\"so-widget-image\"\/>\n\t<\/div>\n\n<\/div><\/div><\/div><\/div><\/div>","protected":false},"excerpt":{"rendered":"<p>In den gro\u00dfen Pausen und in der Mittagszeit k\u00f6nnen die Sch\u00fcler*innen ihre Freizeit abwechslungsreich gestalten: Nutzung der vielen Spiel-, Sport- und Kletterm\u00f6glichkeiten, Spielausleihe \u201eL\u00fctt Flottbek\u201c, Schulbibliothek, Chill-Raum usw. Ein Ruhebereich&hellip;&nbsp;<a href=\"https:\/\/www.sts-flottbek.de\/?page_id=4572\" class=\"more-link\">&#8230; mehr<\/a><\/p>\n","protected":false},"author":5,"featured_media":0,"parent":81,"menu_order":101,"comment_status":"closed","ping_status":"closed","template":"","meta":{"footnotes":""},"class_list":["post-4572","page","type-page","status-publish","hentry"],"_links":{"self":[{"href":"https:\/\/www.sts-flottbek.de\/index.php?rest_route=\/wp\/v2\/pages\/4572","targetHints":{"allow":["GET"]}}],"collection":[{"href":"https:\/\/www.sts-flottbek.de\/index.php?rest_route=\/wp\/v2\/pages"}],"about":[{"href":"https:\/\/www.sts-flottbek.de\/index.php?rest_route=\/wp\/v2\/types\/page"}],"author":[{"embeddable":true,"href":"https:\/\/www.sts-flottbek.de\/index.php?rest_route=\/wp\/v2\/users\/5"}],"replies":[{"embeddable":true,"href":"https:\/\/www.sts-flottbek.de\/index.php?rest_route=%2Fwp%2Fv2%2Fcomments&post=4572"}],"version-history":[{"count":10,"href":"https:\/\/www.sts-flottbek.de\/index.php?rest_route=\/wp\/v2\/pages\/4572\/revisions"}],"predecessor-version":[{"id":8839,"href":"https:\/\/www.sts-flottbek.de\/index.php?rest_route=\/wp\/v2\/pages\/4572\/revisions\/8839"}],"up":[{"embeddable":true,"href":"https:\/\/www.sts-flottbek.de\/index.php?rest_route=\/wp\/v2\/pages\/81"}],"wp:attachment":[{"href":"https:\/\/www.sts-flottbek.de\/index.php?rest_route=%2Fwp%2Fv2%2Fmedia&parent=4572"}],"curies":[{"name":"wp","href":"https:\/\/api.w.org\/{rel}","templated":true}]}}