{"id":46,"date":"2015-05-01T16:04:45","date_gmt":"2015-05-01T14:04:45","guid":{"rendered":"http:\/\/www.sts-flottbek.de\/?page_id=46"},"modified":"2021-03-22T11:53:48","modified_gmt":"2021-03-22T10:53:48","slug":"bildende-kunst","status":"publish","type":"page","link":"https:\/\/www.sts-flottbek.de\/?page_id=46","title":{"rendered":"Kunst &#038; Technik"},"content":{"rendered":"<p><strong>\u00a0<\/strong><\/p>\n<p><strong>Jahrg\u00e4nge 5-10<\/strong><\/p>\n<p><strong>\u00a0<\/strong>An der Stadtteilschule Flottbek steht im Fach <em>Kunst und Technik<\/em>\u00a0 das fachpraktische Arbeiten im Vordergrund. Unsere Schule verf\u00fcgt \u00fcber modern ausgestattete Werkst\u00e4tten in Holz und Metall und \u00fcber einen gro\u00dfz\u00fcgigen Kunstraum. Alle R\u00e4ume sind medientechnisch auf dem neuesten Stand.<\/p>\n<p>Unseren Fachlehrern ist es sehr wichtig, dass unsere Sch\u00fclerinnen und Sch\u00fcler entsprechend ihrer Vorkenntnisse, F\u00e4higkeiten und Fertigkeiten individuell gef\u00f6rdert werden. Dazu passend ist das Konzept des Durchlaufens der verschiedenen Werkst\u00e4tten Holz, Metall und Textil neben dem Kunstunterricht als fester Bestandteil im Stundenplan des Jahrgangs 6.<\/p>\n<p>&nbsp;<\/p>\n<p>Neben praktischen Kompetenzen, Fantasieentwicklung und experimentieren mit unterschiedlichsten Materialien und Werkzeugen sollen die Sch\u00fclerinnen und Sch\u00fcler lernen \u00fcber ihre und andere Arbeiten nachzudenken, konstruktive Kritik respektvoll zu \u00e4u\u00dfern und anzunehmen.<\/p>\n<p>Ab Jahrgang 7 haben die Sch\u00fclerinnen und Sch\u00fcler die M\u00f6glichkeit Kurse im Bereich Holz, Metall, Kunst sowie Mode und Textil zu w\u00e4hlen.<\/p>\n<p>Teil der Unterrichts sind auch Werkbetrachtungen und das Kennenlernen verschiedener Kunststile bzw. Designepochen.<\/p>\n<p>&nbsp;<\/p>\n<p>&nbsp;<\/p>\n<p><strong>Pr\u00e4sentation der Sch\u00fclerarbeiten<\/strong><\/p>\n<p>Dauerpr\u00e4sentationen von aktuellen Kunstprojekten und -objekten aus allen Werkstattbereichen finden laufend in den R\u00e4umlichkeiten und Fluren unserer Schule statt.<\/p>\n<p>Zus\u00e4tzliche Ausstellungen sind am <em>Tag der offenen T\u00fcr<\/em>. Der j\u00e4hrliche <em>Adventsmarkt<\/em> bietet die M\u00f6glichkeit kleinere Sch\u00fclerprodukte in der \u00d6ffentlichkeit zu zeigen und zu verkaufen.<\/p>\n<p>Ein jahrgangs\u00fcbergreifendes Schulprojekt im letzten Schuljahr war die Gestaltung der Graffitiwand zum Thema <em>Hamburg.<\/em><\/p>\n<p><em>\u00a0<\/em><\/p>\n<p><em>\u00a0<\/em><strong>Praktische Sch\u00fclerarbeiten aus den klassischen Disziplinen<\/strong><\/p>\n<p><strong>\u00a0<\/strong><\/p>\n<ul>\n<li><strong>\u00a0<\/strong>\u00a0<b>Zeichnen<\/b>:<\/li>\n<\/ul>\n<p><a href=\"http:\/\/www.sts-flottbek.de\/wp-content\/uploads\/2018\/05\/Unbenannt.jpg\"><img loading=\"lazy\" decoding=\"async\" class=\"alignnone wp-image-1153\" src=\"http:\/\/www.sts-flottbek.de\/wp-content\/uploads\/2018\/05\/Unbenannt-225x300.jpg\" alt=\"\" width=\"323\" height=\"430\" srcset=\"https:\/\/www.sts-flottbek.de\/wp-content\/uploads\/2018\/05\/Unbenannt-225x300.jpg 225w, https:\/\/www.sts-flottbek.de\/wp-content\/uploads\/2018\/05\/Unbenannt-202x270.jpg 202w, https:\/\/www.sts-flottbek.de\/wp-content\/uploads\/2018\/05\/Unbenannt.jpg 521w\" sizes=\"auto, (max-width: 323px) 100vw, 323px\" \/><\/a><\/p>\n<ul>\n<li><strong>Mode und Textil<\/strong>:<\/li>\n<\/ul>\n<p><a href=\"http:\/\/www.sts-flottbek.de\/wp-content\/uploads\/2018\/06\/Unbenannt.jpg\"><img loading=\"lazy\" decoding=\"async\" class=\"alignnone size-medium wp-image-1267\" src=\"http:\/\/www.sts-flottbek.de\/wp-content\/uploads\/2018\/06\/Unbenannt-300x300.jpg\" alt=\"\" width=\"300\" height=\"300\" srcset=\"https:\/\/www.sts-flottbek.de\/wp-content\/uploads\/2018\/06\/Unbenannt-300x300.jpg 300w, https:\/\/www.sts-flottbek.de\/wp-content\/uploads\/2018\/06\/Unbenannt-150x150.jpg 150w, https:\/\/www.sts-flottbek.de\/wp-content\/uploads\/2018\/06\/Unbenannt-270x270.jpg 270w, https:\/\/www.sts-flottbek.de\/wp-content\/uploads\/2018\/06\/Unbenannt.jpg 546w\" sizes=\"auto, (max-width: 300px) 100vw, 300px\" \/><\/a><\/p>\n<p>&nbsp;<\/p>\n<ul>\n<li><strong>Malerei:<\/strong><\/li>\n<\/ul>\n<p><strong>\u00a0<a href=\"http:\/\/www.sts-flottbek.de\/wp-content\/uploads\/2018\/06\/malerei.jpg\"><img loading=\"lazy\" decoding=\"async\" class=\"alignnone size-medium wp-image-1281\" src=\"http:\/\/www.sts-flottbek.de\/wp-content\/uploads\/2018\/06\/malerei-300x220.jpg\" alt=\"\" width=\"300\" height=\"220\" srcset=\"https:\/\/www.sts-flottbek.de\/wp-content\/uploads\/2018\/06\/malerei-300x220.jpg 300w, https:\/\/www.sts-flottbek.de\/wp-content\/uploads\/2018\/06\/malerei-768x562.jpg 768w, https:\/\/www.sts-flottbek.de\/wp-content\/uploads\/2018\/06\/malerei-360x264.jpg 360w, https:\/\/www.sts-flottbek.de\/wp-content\/uploads\/2018\/06\/malerei.jpg 773w\" sizes=\"auto, (max-width: 300px) 100vw, 300px\" \/><\/a><\/strong><\/p>\n<ul>\n<li><b>Holz:<\/b><\/li>\n<\/ul>\n<p><a href=\"http:\/\/www.sts-flottbek.de\/wp-content\/uploads\/2018\/06\/Holz.jpg\"><img loading=\"lazy\" decoding=\"async\" class=\"alignnone size-medium wp-image-1280\" src=\"http:\/\/www.sts-flottbek.de\/wp-content\/uploads\/2018\/06\/Holz-298x300.jpg\" alt=\"\" width=\"298\" height=\"300\" srcset=\"https:\/\/www.sts-flottbek.de\/wp-content\/uploads\/2018\/06\/Holz-298x300.jpg 298w, https:\/\/www.sts-flottbek.de\/wp-content\/uploads\/2018\/06\/Holz-150x150.jpg 150w, https:\/\/www.sts-flottbek.de\/wp-content\/uploads\/2018\/06\/Holz-268x270.jpg 268w, https:\/\/www.sts-flottbek.de\/wp-content\/uploads\/2018\/06\/Holz.jpg 570w\" sizes=\"auto, (max-width: 298px) 100vw, 298px\" \/><\/a><\/p>\n","protected":false},"excerpt":{"rendered":"<p>\u00a0 Jahrg\u00e4nge 5-10 \u00a0An der Stadtteilschule Flottbek steht im Fach Kunst und Technik\u00a0 das fachpraktische Arbeiten im Vordergrund. Unsere Schule verf\u00fcgt \u00fcber modern ausgestattete Werkst\u00e4tten in Holz und Metall und&hellip;&nbsp;<a href=\"https:\/\/www.sts-flottbek.de\/?page_id=46\" class=\"more-link\">&#8230; mehr<\/a><\/p>\n","protected":false},"author":1,"featured_media":0,"parent":4276,"menu_order":80,"comment_status":"closed","ping_status":"closed","template":"","meta":{"footnotes":""},"class_list":["post-46","page","type-page","status-publish","hentry"],"_links":{"self":[{"href":"https:\/\/www.sts-flottbek.de\/index.php?rest_route=\/wp\/v2\/pages\/46","targetHints":{"allow":["GET"]}}],"collection":[{"href":"https:\/\/www.sts-flottbek.de\/index.php?rest_route=\/wp\/v2\/pages"}],"about":[{"href":"https:\/\/www.sts-flottbek.de\/index.php?rest_route=\/wp\/v2\/types\/page"}],"author":[{"embeddable":true,"href":"https:\/\/www.sts-flottbek.de\/index.php?rest_route=\/wp\/v2\/users\/1"}],"replies":[{"embeddable":true,"href":"https:\/\/www.sts-flottbek.de\/index.php?rest_route=%2Fwp%2Fv2%2Fcomments&post=46"}],"version-history":[{"count":10,"href":"https:\/\/www.sts-flottbek.de\/index.php?rest_route=\/wp\/v2\/pages\/46\/revisions"}],"predecessor-version":[{"id":1282,"href":"https:\/\/www.sts-flottbek.de\/index.php?rest_route=\/wp\/v2\/pages\/46\/revisions\/1282"}],"up":[{"embeddable":true,"href":"https:\/\/www.sts-flottbek.de\/index.php?rest_route=\/wp\/v2\/pages\/4276"}],"wp:attachment":[{"href":"https:\/\/www.sts-flottbek.de\/index.php?rest_route=%2Fwp%2Fv2%2Fmedia&parent=46"}],"curies":[{"name":"wp","href":"https:\/\/api.w.org\/{rel}","templated":true}]}}