{"id":4626,"date":"2021-06-09T16:58:40","date_gmt":"2021-06-09T14:58:40","guid":{"rendered":"https:\/\/www.sts-flottbek.de\/?page_id=4626"},"modified":"2023-10-13T09:49:34","modified_gmt":"2023-10-13T07:49:34","slug":"caterer-altonaer-kinder-kueche","status":"publish","type":"page","link":"https:\/\/www.sts-flottbek.de\/?page_id=4626","title":{"rendered":"Mittagessen: Alsterfood"},"content":{"rendered":"<div id=\"pl-4626\"  class=\"panel-layout\" ><div id=\"pg-4626-0\"  class=\"panel-grid panel-no-style\" ><div id=\"pgc-4626-0-0\"  class=\"panel-grid-cell\" ><div id=\"panel-4626-0-0-0\" class=\"so-panel widget widget_sow-editor panel-first-child panel-last-child\" data-index=\"0\" ><div\n\t\t\t\n\t\t\tclass=\"so-widget-sow-editor so-widget-sow-editor-base\"\n\t\t\t\n\t\t>\n<div class=\"siteorigin-widget-tinymce textwidget\">\n\t<p><img loading=\"lazy\" decoding=\"async\" class=\"alignright wp-image-5841 \" src=\"https:\/\/www.sts-flottbek.de\/wp-content\/uploads\/2022\/05\/Alsterfood-300x109-1.jpg\" alt=\"\" width=\"383\" height=\"139\" \/>AlsterFood \u2013 das bedeutet Spa\u00df am Kochen, Freude am Genuss und jahrelange Erfahrung darin, viele Menschen nicht nur satt, sondern auch gl\u00fccklich zu machen. Als Hamburger Betrieb versorgen wir unter anderem Schulkinder, Krankenh\u00e4user sowie Firmen und wissen, dass jede Gruppe ein individuelles Verpflegungskonzept braucht, das wir mit unseren Kunden gemeinsam ausarbeiten. Wir sind sowohl f\u00fcr die Mittagessenversorgung, als auch f\u00fcr\u00a0 die Zwischenverpflegung am Kiosk mit leckeren Backwaren, gesunden Snacks und verschiedenen Getr\u00e4nken f\u00fcr euch da. Nun hei\u00dft es nur noch schnell online registrieren, App downloaden, Guthaben auf buchen, eventuelle Vorbestellungen f\u00fcr das Mittagessen t\u00e4tigen und schon kann es losgehen.<\/p>\n<p>Achtung: Ohne Registrierung und Bestellung gibt es kein Mittagessen!<\/p>\n<p>&nbsp;<\/p>\n<p><strong>Nachfolgend erhalten Sie noch einmal alle Informationen zur kostenlosen Einrichtung eines Mensakontos. <\/strong><\/p>\n<p>Die Bestellung und Verwaltung des Essens wird \u00fcber das Online-Bestellsystem durchgef\u00fchrt. Detaillierte Informationen entnehmen Sie bitte dem Schreiben, welches Ihnen mit den Zugangsdaten f\u00fcr das Mensa-System nach der Online-Registrierung <strong>per E-Mail<\/strong> zugeschickt wird.<\/p>\n<p><strong>Online-Registrierung mit Mensa-Ausweis:<\/strong><\/p>\n<p>Zur Einrichtung eines Mensakontos m\u00fcssen Sie eine <strong>Online-Registrierung<\/strong> durchf\u00fchren.<\/p>\n<p>Bitte gehen Sie dabei wie folgt vor:<\/p>\n<ul>\n<li>Besuchen Sie die Internetseite des Bestellsystem unter: <a href=\"http:\/\/account.sams-on.de\" target=\"_blank\" rel=\"noopener\"><strong>account.sams-on.de<\/strong><\/a><\/li>\n<li>Klicken Sie unten auf das blaue-hinterlegte Registrieren<\/li>\n<li>W\u00e4hlen Sie unter Einrichtung\/Mensa folgendes aus: <strong>Sts-Flottbek \/ Stadtteilschule Flottbek<\/strong><\/li>\n<li>Geben Sie folgende Daten an und klicken Sie danach auf \u201eWeiter\u201c:<\/li>\n<li>Den Namen der Person, <strong>die am Essen teilnehmen wird<\/strong><\/li>\n<li>Eine gut erreichbare \/ zuverl\u00e4ssige Mailadresse<\/li>\n<li>Ein selbst gew\u00e4hltes Passwort (mindestens 8 Zeichen)<\/li>\n<li>Im n\u00e4chsten Schritt ist Folgendes zu tun:<\/li>\n<li>Geben Sie nun die siebenstellige Ausweisnummer des erhaltenen Mensa-Ausweises ein. Diese befindet sich unter dem Strichcode auf der R\u00fcckseite der Karte (beginnend mit 31\u2026..)<\/li>\n<li>Entscheiden Sie, ob Ihr Kind auch Kioskk\u00e4ufe mit dem Kartenguthaben t\u00e4tigen darf<\/li>\n<li>Legen Sie fest, welche Art des Nutzers die essende Person ist: Sch\u00fcler, Lehrer oder Sonstige<\/li>\n<li>Geben Sie das richtige Captcha ein und stimmen Sie den Datenschutzbestimmungen zu<\/li>\n<li>Bitte best\u00e4tigen Sie Ihre Eingaben mit einem Klick auf das Feld \u201eRegistrieren\u201c.<\/li>\n<\/ul>\n<p>Sie erhalten anschlie\u00dfend einen Best\u00e4tigungslink per Mail, der angeklickt werden muss. Nach Best\u00e4tigung Ihrerseits werden Ihnen die Zugangsdaten f\u00fcr das \u00a0Bestellsystem, sowie alle n\u00f6tigen Informationen rund um das Thema Mittagessen und Bezahlung per Mail zugesandt. Sollten Sie zeitnah keine E-Mail von uns erhalten, pr\u00fcfen Sie bitte Ihren Spam Ordner oder melden Sie sich gerne bei uns.<\/p>\n<p><strong>Ihre Ansprechpartner bei AlsterFood:<\/strong><\/p>\n<p>Team Kundenbetreuung (B\u00fcrozeiten: 08 -15 Uhr, Mo-Fr)<\/p>\n<p>Tel-Nr. 040 \u2013 6329 5005 oder E-Mail: kundenbetreuung@alsterfood.de<\/p>\n<p>&nbsp;<\/p>\n<\/div>\n<\/div><\/div><\/div><\/div><\/div>","protected":false},"excerpt":{"rendered":"<p>AlsterFood \u2013 das bedeutet Spa\u00df am Kochen, Freude am Genuss und jahrelange Erfahrung darin, viele Menschen nicht nur satt, sondern auch gl\u00fccklich zu machen. Als Hamburger Betrieb versorgen wir unter&hellip;&nbsp;<a href=\"https:\/\/www.sts-flottbek.de\/?page_id=4626\" class=\"more-link\">&#8230; mehr<\/a><\/p>\n","protected":false},"author":5,"featured_media":0,"parent":89,"menu_order":0,"comment_status":"closed","ping_status":"closed","template":"","meta":{"footnotes":""},"class_list":["post-4626","page","type-page","status-publish","hentry"],"_links":{"self":[{"href":"https:\/\/www.sts-flottbek.de\/index.php?rest_route=\/wp\/v2\/pages\/4626","targetHints":{"allow":["GET"]}}],"collection":[{"href":"https:\/\/www.sts-flottbek.de\/index.php?rest_route=\/wp\/v2\/pages"}],"about":[{"href":"https:\/\/www.sts-flottbek.de\/index.php?rest_route=\/wp\/v2\/types\/page"}],"author":[{"embeddable":true,"href":"https:\/\/www.sts-flottbek.de\/index.php?rest_route=\/wp\/v2\/users\/5"}],"replies":[{"embeddable":true,"href":"https:\/\/www.sts-flottbek.de\/index.php?rest_route=%2Fwp%2Fv2%2Fcomments&post=4626"}],"version-history":[{"count":9,"href":"https:\/\/www.sts-flottbek.de\/index.php?rest_route=\/wp\/v2\/pages\/4626\/revisions"}],"predecessor-version":[{"id":7165,"href":"https:\/\/www.sts-flottbek.de\/index.php?rest_route=\/wp\/v2\/pages\/4626\/revisions\/7165"}],"up":[{"embeddable":true,"href":"https:\/\/www.sts-flottbek.de\/index.php?rest_route=\/wp\/v2\/pages\/89"}],"wp:attachment":[{"href":"https:\/\/www.sts-flottbek.de\/index.php?rest_route=%2Fwp%2Fv2%2Fmedia&parent=4626"}],"curies":[{"name":"wp","href":"https:\/\/api.w.org\/{rel}","templated":true}]}}