{"id":4803,"date":"2021-08-31T22:06:38","date_gmt":"2021-08-31T20:06:38","guid":{"rendered":"https:\/\/www.sts-flottbek.de\/?page_id=4803"},"modified":"2026-01-21T08:51:08","modified_gmt":"2026-01-21T07:51:08","slug":"termine-schuljahr-2021-2022","status":"publish","type":"page","link":"https:\/\/www.sts-flottbek.de\/?page_id=4803","title":{"rendered":"Termine"},"content":{"rendered":"<div id=\"pl-4803\"  class=\"panel-layout\" ><div id=\"pg-4803-0\"  class=\"panel-grid panel-no-style\" ><div id=\"pgc-4803-0-0\"  class=\"panel-grid-cell\" ><div id=\"panel-4803-0-0-0\" class=\"so-panel widget widget_text panel-first-child panel-last-child\" data-index=\"0\" ><div class=\"panel-widget-style panel-widget-style-for-4803-0-0-0\" ><h3 class=\"widget-title\">Schuljahr 2025\/2026<\/h3>\t\t\t<div class=\"textwidget\"><p><strong>Januar 2026<\/strong><\/p>\n<p>09.01. Notenschluss 5 &#8211; 12<\/p>\n<p>14.01. 19h: Online-Elternabend f\u00fcr die neuen Abschlusspr\u00fcfungen ESA\/MSA sowie Infos zur Oberstufe<\/p>\n<p>16.01. Tag der offenen T\u00fcr von 15.00-18.00 Uhr<\/p>\n<p>22.01. Schule im Dialog<\/p>\n<p>28.01. Berufsmesse<\/p>\n<p>30.01. Halbjahrespause &#8211; kein Unterricht &#8211;<\/p>\n<p>&nbsp;<\/p>\n<p><strong>Februar 2026<\/strong><\/p>\n<p>02.02. &#8211; 06.02. Anmeldewoche neu Klasse 5<\/p>\n<p>11.02.\/12.02: Aufnahmegespr\u00e4che f\u00fcr externe Bewerber*innen f\u00fcr die Oberstufe<\/p>\n<p>19.02. Lesung, Ausstellung und Podiumsdiskussion &#8211; Ganz normale Tage &#8211;<\/p>\n<p>27.02. Anmeldeschluss neu Klasse 11<\/p>\n<p>&nbsp;<\/p>\n<p><strong>M\u00e4rz 2026<\/strong><\/p>\n<p>02.03. &#8211; 13.03. Osterferien<\/p>\n<p>16.03. &#8211; 27.03. Blockpraktikum Praxisklasse<\/p>\n<p>&nbsp;<\/p>\n<p><strong>April 2026<\/strong><\/p>\n<p>10.04. ESA Mathematik<\/p>\n<p>13.04. MSA Mathematik<\/p>\n<p>14.04. Optional: Sprachfeststellungspr\u00fcfung<\/p>\n<p>16.04. ESA Deutsch<\/p>\n<p>17. 04. MSA Deutsch<\/p>\n<p>21.04. Abitur bis 08.05.26<\/p>\n<p>23.04. Zukunftstag<\/p>\n<p>&nbsp;<\/p>\n<p><strong>Mai 2026<\/strong><\/p>\n<p>04.05. &#8211; 08.05. mdl. Pr\u00fcfungen ESA\/MSA<\/p>\n<p>11.05. &#8211; 15.05. Pfingstferien<\/p>\n<p>&nbsp;<\/p>\n<p><strong>Juni 2026<\/strong><\/p>\n<p>16.06. Projekt -und Wandertag<\/p>\n<p>19.06. Diversity-Day<\/p>\n<p>19.06. Zeugnis Jahrgang 10<\/p>\n<p>22.06. &#8211; 03.07. Praktikum Jg. 11<\/p>\n<p>25.06. Entlassung Jg. 10<\/p>\n<p>29.06. &#8211; 03.07. Projektwoche Klassenreise Jg. 6 und Jg. 8<\/p>\n<p>&nbsp;<\/p>\n<p><strong>Juli 2026<\/strong><\/p>\n<p>02.07. Abiturzeugnisse<\/p>\n<p>06.07. Sommerfest<\/p>\n<p>09.07. &#8211; 19.08.26 Sommerferien<\/p>\n<p>&nbsp;<\/p>\n<p>&nbsp;<\/p>\n<p>&nbsp;<\/p>\n<p>&nbsp;<\/p>\n<p>&nbsp;<\/p>\n<p>&nbsp;<\/p>\n<p>&nbsp;<\/p>\n<p>&nbsp;<\/p>\n<p>&nbsp;<\/p>\n<p>&nbsp;<\/p>\n<\/div>\n\t\t<\/div><\/div><\/div><\/div><\/div>","protected":false},"excerpt":{"rendered":"<p>Januar 2026 09.01. Notenschluss 5 &#8211; 12 14.01. 19h: Online-Elternabend f\u00fcr die neuen Abschlusspr\u00fcfungen ESA\/MSA sowie Infos zur Oberstufe 16.01. Tag der offenen T\u00fcr von 15.00-18.00 Uhr 22.01. Schule im&hellip;&nbsp;<a href=\"https:\/\/www.sts-flottbek.de\/?page_id=4803\" class=\"more-link\">&#8230; mehr<\/a><\/p>\n","protected":false},"author":5,"featured_media":0,"parent":72,"menu_order":13,"comment_status":"closed","ping_status":"closed","template":"","meta":{"footnotes":""},"class_list":["post-4803","page","type-page","status-publish","hentry"],"_links":{"self":[{"href":"https:\/\/www.sts-flottbek.de\/index.php?rest_route=\/wp\/v2\/pages\/4803","targetHints":{"allow":["GET"]}}],"collection":[{"href":"https:\/\/www.sts-flottbek.de\/index.php?rest_route=\/wp\/v2\/pages"}],"about":[{"href":"https:\/\/www.sts-flottbek.de\/index.php?rest_route=\/wp\/v2\/types\/page"}],"author":[{"embeddable":true,"href":"https:\/\/www.sts-flottbek.de\/index.php?rest_route=\/wp\/v2\/users\/5"}],"replies":[{"embeddable":true,"href":"https:\/\/www.sts-flottbek.de\/index.php?rest_route=%2Fwp%2Fv2%2Fcomments&post=4803"}],"version-history":[{"count":147,"href":"https:\/\/www.sts-flottbek.de\/index.php?rest_route=\/wp\/v2\/pages\/4803\/revisions"}],"predecessor-version":[{"id":9110,"href":"https:\/\/www.sts-flottbek.de\/index.php?rest_route=\/wp\/v2\/pages\/4803\/revisions\/9110"}],"up":[{"embeddable":true,"href":"https:\/\/www.sts-flottbek.de\/index.php?rest_route=\/wp\/v2\/pages\/72"}],"wp:attachment":[{"href":"https:\/\/www.sts-flottbek.de\/index.php?rest_route=%2Fwp%2Fv2%2Fmedia&parent=4803"}],"curies":[{"name":"wp","href":"https:\/\/api.w.org\/{rel}","templated":true}]}}