{"id":4857,"date":"2021-09-01T11:02:13","date_gmt":"2021-09-01T09:02:13","guid":{"rendered":"https:\/\/www.sts-flottbek.de\/?page_id=4857"},"modified":"2026-02-18T11:14:53","modified_gmt":"2026-02-18T10:14:53","slug":"sekretariat-2","status":"publish","type":"page","link":"https:\/\/www.sts-flottbek.de\/?page_id=4857","title":{"rendered":"Schulb\u00fcro"},"content":{"rendered":"<div id=\"pl-4857\"  class=\"panel-layout\" ><div id=\"pg-4857-0\"  class=\"panel-grid panel-no-style\" ><div id=\"pgc-4857-0-0\"  class=\"panel-grid-cell\" ><div id=\"panel-4857-0-0-0\" class=\"so-panel widget widget_sow-editor panel-first-child panel-last-child\" data-index=\"0\" ><div\n\t\t\t\n\t\t\tclass=\"so-widget-sow-editor so-widget-sow-editor-base\"\n\t\t\t\n\t\t>\n<div class=\"siteorigin-widget-tinymce textwidget\">\n\t<p>Mit viel herzlicher Freundlichkeit wird die Basis f\u00fcr eine sch\u00f6ne Schulzeit im Schulb\u00fcro gelegt. Sch\u00fcler*innen und Eltern sowie das multiprofessionelle P\u00e4dagog*innenteam f\u00fcr alle Klassen werden hier koordiniert.<\/p>\n<p><b>Atena Rezaie <\/b>(Leitung) und Frau Pavlovic<br \/>\nTel. 040 4289304-20<\/p>\n<p>stadtteilschule-flottbek[at]bsfb.hamburg.de<\/p>\n<\/div>\n<\/div><\/div><\/div><div id=\"pgc-4857-0-1\"  class=\"panel-grid-cell\" ><div id=\"panel-4857-0-1-0\" class=\"so-panel widget widget_text panel-first-child panel-last-child\" data-index=\"1\" ><div class=\"so-rounded panel-widget-style panel-widget-style-for-4857-0-1-0\" ><h3 class=\"widget-title\">\u00d6ffnungszeiten<\/h3>\t\t\t<div class=\"textwidget\"><p style=\"font-weight: 400;\">Mo, Mi, Fr:\u00a0 07:30 Uhr bis 13:00 Uhr<\/p>\n<p style=\"font-weight: 400;\">Di und Do: 07:30 Uhr bis 16:00 Uhr<\/p>\n<\/div>\n\t\t<\/div><\/div><\/div><\/div><\/div>","protected":false},"excerpt":{"rendered":"<p>Mit viel herzlicher Freundlichkeit wird die Basis f\u00fcr eine sch\u00f6ne Schulzeit im Schulb\u00fcro gelegt. Sch\u00fcler*innen und Eltern sowie das multiprofessionelle P\u00e4dagog*innenteam f\u00fcr alle Klassen werden hier koordiniert. Atena Rezaie (Leitung)&hellip;&nbsp;<a href=\"https:\/\/www.sts-flottbek.de\/?page_id=4857\" class=\"more-link\">&#8230; mehr<\/a><\/p>\n","protected":false},"author":5,"featured_media":0,"parent":0,"menu_order":0,"comment_status":"closed","ping_status":"closed","template":"","meta":{"footnotes":""},"class_list":["post-4857","page","type-page","status-publish","hentry"],"_links":{"self":[{"href":"https:\/\/www.sts-flottbek.de\/index.php?rest_route=\/wp\/v2\/pages\/4857","targetHints":{"allow":["GET"]}}],"collection":[{"href":"https:\/\/www.sts-flottbek.de\/index.php?rest_route=\/wp\/v2\/pages"}],"about":[{"href":"https:\/\/www.sts-flottbek.de\/index.php?rest_route=\/wp\/v2\/types\/page"}],"author":[{"embeddable":true,"href":"https:\/\/www.sts-flottbek.de\/index.php?rest_route=\/wp\/v2\/users\/5"}],"replies":[{"embeddable":true,"href":"https:\/\/www.sts-flottbek.de\/index.php?rest_route=%2Fwp%2Fv2%2Fcomments&post=4857"}],"version-history":[{"count":17,"href":"https:\/\/www.sts-flottbek.de\/index.php?rest_route=\/wp\/v2\/pages\/4857\/revisions"}],"predecessor-version":[{"id":8955,"href":"https:\/\/www.sts-flottbek.de\/index.php?rest_route=\/wp\/v2\/pages\/4857\/revisions\/8955"}],"wp:attachment":[{"href":"https:\/\/www.sts-flottbek.de\/index.php?rest_route=%2Fwp%2Fv2%2Fmedia&parent=4857"}],"curies":[{"name":"wp","href":"https:\/\/api.w.org\/{rel}","templated":true}]}}