{"id":7383,"date":"2023-11-30T08:21:02","date_gmt":"2023-11-30T07:21:02","guid":{"rendered":"https:\/\/www.sts-flottbek.de\/?page_id=7383"},"modified":"2023-12-01T10:16:02","modified_gmt":"2023-12-01T09:16:02","slug":"anmeldung","status":"publish","type":"page","link":"https:\/\/www.sts-flottbek.de\/?page_id=7383","title":{"rendered":"Anmeldung"},"content":{"rendered":"<div id=\"pl-7383\"  class=\"panel-layout\" ><div id=\"pg-7383-0\"  class=\"panel-grid panel-no-style\" ><div id=\"pgc-7383-0-0\"  class=\"panel-grid-cell\" ><div id=\"panel-7383-0-0-0\" class=\"so-panel widget widget_sow-editor panel-first-child panel-last-child\" data-index=\"0\" ><div\n\t\t\t\n\t\t\tclass=\"so-widget-sow-editor so-widget-sow-editor-base\"\n\t\t\t\n\t\t>\n<div class=\"siteorigin-widget-tinymce textwidget\">\n\t<p>Liebe Sch\u00fcler*innen, liebe Eltern,<\/p>\n<p>Hier findet Ihr bzw. finden Sie Informationen zu den von uns ben\u00f6tigten Unterlagen f\u00fcr die Anmeldung zur 5. und 11. Klasse an der Stadtteilschule Flottbek.<\/p>\n<p>Herzliche Gr\u00fc\u00dfe<\/p>\n<p>Maren Fronzek (Oberstufenkoordinatorin) und Joachim Stru\u00df (Unterstufenkoordinator)<\/p>\n<\/div>\n<\/div><\/div><\/div><\/div><\/div>","protected":false},"excerpt":{"rendered":"<p>Liebe Sch\u00fcler*innen, liebe Eltern, Hier findet Ihr bzw. finden Sie Informationen zu den von uns ben\u00f6tigten Unterlagen f\u00fcr die Anmeldung zur 5. und 11. Klasse an der Stadtteilschule Flottbek. Herzliche&hellip;&nbsp;<a href=\"https:\/\/www.sts-flottbek.de\/?page_id=7383\" class=\"more-link\">&#8230; mehr<\/a><\/p>\n","protected":false},"author":10,"featured_media":0,"parent":0,"menu_order":0,"comment_status":"closed","ping_status":"closed","template":"","meta":{"footnotes":""},"class_list":["post-7383","page","type-page","status-publish","hentry"],"_links":{"self":[{"href":"https:\/\/www.sts-flottbek.de\/index.php?rest_route=\/wp\/v2\/pages\/7383","targetHints":{"allow":["GET"]}}],"collection":[{"href":"https:\/\/www.sts-flottbek.de\/index.php?rest_route=\/wp\/v2\/pages"}],"about":[{"href":"https:\/\/www.sts-flottbek.de\/index.php?rest_route=\/wp\/v2\/types\/page"}],"author":[{"embeddable":true,"href":"https:\/\/www.sts-flottbek.de\/index.php?rest_route=\/wp\/v2\/users\/10"}],"replies":[{"embeddable":true,"href":"https:\/\/www.sts-flottbek.de\/index.php?rest_route=%2Fwp%2Fv2%2Fcomments&post=7383"}],"version-history":[{"count":3,"href":"https:\/\/www.sts-flottbek.de\/index.php?rest_route=\/wp\/v2\/pages\/7383\/revisions"}],"predecessor-version":[{"id":7398,"href":"https:\/\/www.sts-flottbek.de\/index.php?rest_route=\/wp\/v2\/pages\/7383\/revisions\/7398"}],"wp:attachment":[{"href":"https:\/\/www.sts-flottbek.de\/index.php?rest_route=%2Fwp%2Fv2%2Fmedia&parent=7383"}],"curies":[{"name":"wp","href":"https:\/\/api.w.org\/{rel}","templated":true}]}}