{"id":89,"date":"2015-06-28T13:56:13","date_gmt":"2015-06-28T11:56:13","guid":{"rendered":"http:\/\/www.sts-flottbek.de\/?page_id=89"},"modified":"2025-09-08T18:15:10","modified_gmt":"2025-09-08T16:15:10","slug":"ganztag","status":"publish","type":"page","link":"https:\/\/www.sts-flottbek.de\/?page_id=89","title":{"rendered":"Ganzt\u00e4giges Lernen + Betreuung"},"content":{"rendered":"<div id=\"pl-89\"  class=\"panel-layout\" ><div id=\"pg-89-0\"  class=\"panel-grid panel-no-style\" ><div id=\"pgc-89-0-0\"  class=\"panel-grid-cell\" ><div id=\"panel-89-0-0-0\" class=\"so-panel widget widget_sow-editor panel-first-child panel-last-child\" data-index=\"0\" ><div\n\t\t\t\n\t\t\tclass=\"so-widget-sow-editor so-widget-sow-editor-base\"\n\t\t\t\n\t\t><h3 class=\"widget-title\">Wochenstruktur<\/h3>\n<div class=\"siteorigin-widget-tinymce textwidget\">\n\t<p>Wir sind eine teilgebundene Ganztagsschule. Unsere Sch\u00fcler*innen haben am Dienstag und Donnerstag von 8:00 Uhr bis 15:15 Uhr Unterricht. Am Montag, Mittwoch und Freitag endet der Unterricht um 13:30 Uhr. In den h\u00f6heren Klassen kann es zu ver\u00e4nderten Unterrichtszeiten kommen.<\/p>\n<p>An allen Tagen besteht die M\u00f6glichkeit, nach dem Unterricht unser Ganztagsangebot in Anspruch zu nehmen. Dadurch ist eine verl\u00e4ssliche Betreuung bis 16:00 Uhr (freitags bis 15:15 Uhr) gew\u00e4hrleistet. \u00a0Die offizielle Anmeldung daf\u00fcr erfolgt \u00fcber unser Schulb\u00fcro <a href=\"https:\/\/www.sts-flottbek.de\/wp-content\/uploads\/2023\/10\/GT_1c_Anmeldung_GTS_5_8_Schule.pdf\" target=\"_blank\" rel=\"noopener\">(Antrag GT 1c: Anmeldung zur Teilnahme am Ganztagsangebot + \u00dcbersichtsblatt)<\/a>. Nach der Anmeldung \u00fcber den Antrag GT1c, kann ihr Kind einen Kurs aus unserem breiten <a href=\"https:\/\/www.sts-flottbek.de\/wp-content\/uploads\/2025\/09\/Booklet_Ganztagskurse_2526.pdf\">Ganztagkursangebot <\/a>w\u00e4hlen.<\/p>\n<\/div>\n<\/div><\/div><\/div><\/div><div id=\"pg-89-1\"  class=\"panel-grid panel-no-style\" ><div id=\"pgc-89-1-0\"  class=\"panel-grid-cell\" ><div id=\"panel-89-1-0-0\" class=\"so-panel widget widget_sow-editor panel-first-child panel-last-child\" data-index=\"1\" ><div\n\t\t\t\n\t\t\tclass=\"so-widget-sow-editor so-widget-sow-editor-base\"\n\t\t\t\n\t\t><h3 class=\"widget-title\">Ganztagskoordination:<\/h3>\n<div class=\"siteorigin-widget-tinymce textwidget\">\n\t<p>Charis Fliedner<br \/>\nganztag[at]stsflott.de<\/p>\n<\/div>\n<\/div><\/div><\/div><\/div><\/div>","protected":false},"excerpt":{"rendered":"<p>Wir sind eine teilgebundene Ganztagsschule. Unsere Sch\u00fcler*innen haben am Dienstag und Donnerstag von 8:00 Uhr bis 15:15 Uhr Unterricht. Am Montag, Mittwoch und Freitag endet der Unterricht um 13:30 Uhr.&hellip;&nbsp;<a href=\"https:\/\/www.sts-flottbek.de\/?page_id=89\" class=\"more-link\">&#8230; mehr<\/a><\/p>\n","protected":false},"author":1,"featured_media":0,"parent":81,"menu_order":101,"comment_status":"closed","ping_status":"closed","template":"","meta":{"footnotes":""},"class_list":["post-89","page","type-page","status-publish","hentry"],"_links":{"self":[{"href":"https:\/\/www.sts-flottbek.de\/index.php?rest_route=\/wp\/v2\/pages\/89","targetHints":{"allow":["GET"]}}],"collection":[{"href":"https:\/\/www.sts-flottbek.de\/index.php?rest_route=\/wp\/v2\/pages"}],"about":[{"href":"https:\/\/www.sts-flottbek.de\/index.php?rest_route=\/wp\/v2\/types\/page"}],"author":[{"embeddable":true,"href":"https:\/\/www.sts-flottbek.de\/index.php?rest_route=\/wp\/v2\/users\/1"}],"replies":[{"embeddable":true,"href":"https:\/\/www.sts-flottbek.de\/index.php?rest_route=%2Fwp%2Fv2%2Fcomments&post=89"}],"version-history":[{"count":52,"href":"https:\/\/www.sts-flottbek.de\/index.php?rest_route=\/wp\/v2\/pages\/89\/revisions"}],"predecessor-version":[{"id":6824,"href":"https:\/\/www.sts-flottbek.de\/index.php?rest_route=\/wp\/v2\/pages\/89\/revisions\/6824"}],"up":[{"embeddable":true,"href":"https:\/\/www.sts-flottbek.de\/index.php?rest_route=\/wp\/v2\/pages\/81"}],"wp:attachment":[{"href":"https:\/\/www.sts-flottbek.de\/index.php?rest_route=%2Fwp%2Fv2%2Fmedia&parent=89"}],"curies":[{"name":"wp","href":"https:\/\/api.w.org\/{rel}","templated":true}]}}