{"id":916,"date":"2018-04-21T19:48:32","date_gmt":"2018-04-21T17:48:32","guid":{"rendered":"http:\/\/www.sts-flottbek.de\/?page_id=916"},"modified":"2025-01-13T11:39:46","modified_gmt":"2025-01-13T10:39:46","slug":"formales","status":"publish","type":"page","link":"https:\/\/www.sts-flottbek.de\/?page_id=916","title":{"rendered":"Service"},"content":{"rendered":"<div id=\"pl-916\"  class=\"panel-layout\" ><div id=\"pg-916-0\"  class=\"panel-grid panel-no-style\" ><div id=\"pgc-916-0-0\"  class=\"panel-grid-cell\" ><div id=\"panel-916-0-0-0\" class=\"so-panel widget widget_text panel-first-child panel-last-child\" data-index=\"0\" ><h3 class=\"widget-title\">Anmeldung zum Ganztag an Hamburger Schulen jetzt online m\u00f6glich<\/h3>\t\t\t<div class=\"textwidget\"><div dir=\"auto\">Die Stadt Hamburg bietet Eltern ab dem Schuljahr 2023\/24 die M\u00f6glichkeit, ihre Kinder digital f\u00fcr das Ganztagsangebot an Schulen anzumelden.<\/div>\n<ul>\n<li dir=\"auto\"><strong>Online-Zugang:<\/strong> Der Anmeldedienst ist \u00fcber das Serviceportal Hamburg unter \u201eFamilie &amp; Kind\u201c oder durch die Suche nach \u201eGanztag\u201c verf\u00fcgbar (<a href=\"https:\/\/serviceportal.hamburg.de\/\" target=\"_blank\" rel=\"noopener\">https:\/\/serviceportal.hamburg.de<\/a>).<\/li>\n<li dir=\"auto\"><strong>Servicekonto erforderlich:<\/strong> F\u00fcr die Nutzung ist ein einfaches Servicekonto n\u00f6tig. Die Registrierung erfolgt unkompliziert mit Name und E-Mail-Adresse.<\/li>\n<li dir=\"auto\"><strong>Benutzerfreundliche Anmeldung:<\/strong> Der Antrag ist \u00fcbersichtlich gestaltet, enth\u00e4lt bekannte Angaben aus den Vorjahren und bietet Hilfetexte f\u00fcr eine intuitive Bedienung.<\/li>\n<li dir=\"auto\"><strong>Support:<\/strong> Bei Fragen unterst\u00fctzt der Hamburg Service unter Tel. +49 40 115.<\/li>\n<li dir=\"auto\"><strong>Best\u00e4tigung:<\/strong> Nach Absenden des Antrags erhalten Sie eine Benachrichtigung im Servicekonto-Postfach.<\/li>\n<li dir=\"auto\"><strong>Weitere Infos<\/strong>: Details zu Ganztagsangeboten finden Sie unter\u00a0<a href=\"https:\/\/www.hamburg.de\/ganztagsschule\/\" target=\"_blank\" rel=\"noopener\">https:\/\/www.hamburg.de\/ganztagsschule\/<\/a>.<\/li>\n<\/ul>\n<div dir=\"auto\"><\/div>\n<div dir=\"auto\"><strong>&#8211;&gt;<a href=\"https:\/\/serviceportal.hamburg.de\/HamburgGateway\/Service\/Entry?id=GANZTAG&amp;location=020000000000\" target=\"_blank\" rel=\"noopener\"> DIREKT ZUR ANMELDUNG<\/a><\/strong><\/div>\n<p><strong><a href=\"https:\/\/www.sts-flottbek.de\/wp-content\/uploads\/2025\/01\/GT_1c_Anmeldung_GTS_5_8_Schule.pdf\">&#8211;&gt; GT_1c_Anmeldung_GTS_5_8_Schule<\/a><\/strong><\/p>\n<\/div>\n\t\t<\/div><\/div><\/div><div id=\"pg-916-1\"  class=\"panel-grid panel-no-style\" ><div id=\"pgc-916-1-0\"  class=\"panel-grid-cell\" ><div id=\"panel-916-1-0-0\" class=\"so-panel widget widget_text panel-first-child\" data-index=\"1\" ><h3 class=\"widget-title\">Betreuung an der StS Flottbek (Nachmittags- und Ferienbetreuung)<\/h3>\t\t\t<div class=\"textwidget\"><p><a href=\"https:\/\/www.sts-flottbek.de\/wp-content\/uploads\/2022\/01\/GT_3b_Aenderung_Betreuung_GTS_1_8.pdf\">\u00c4nderung der Betreuung<\/a><br \/>\n<a href=\"https:\/\/www.sts-flottbek.de\/wp-content\/uploads\/2023\/01\/GT_4a_mit_Rechenfunktion.pdf\">Ermittlung des Familieneinkommens aus Nichtselbstst\u00e4ndiger Arbeit<\/a><br \/>\n<a href=\"https:\/\/www.sts-flottbek.de\/wp-content\/uploads\/2023\/01\/GT_4b_mit_Rechenfunktion.pdf\">Ermittlung des Familieneinkommens aus Selbstst\u00e4ndiger Arbeit<\/a><\/p>\n<\/div>\n\t\t<\/div><div id=\"panel-916-1-0-1\" class=\"so-panel widget widget_text\" data-index=\"2\" ><h3 class=\"widget-title\">Weitere Formulare:<\/h3>\t\t\t<div class=\"textwidget\"><p><a href=\"http:\/\/www.sts-flottbek.de\/wp-content\/uploads\/2019\/02\/STS_BUT_K\u00fcndigung.pdf\">BUT_K\u00fcndigung<\/a><br \/>\n<a href=\"http:\/\/www.sts-flottbek.de\/wp-content\/uploads\/2018\/12\/STS_Elternbrief_Kopfl\u00e4use_Kind2018-Home.pdf\">Kopfl\u00e4use \u2013 Erkl\u00e4rung des Erziehungsberechtigten<\/a><br \/>\n<a href=\"https:\/\/www.sts-flottbek.de\/wp-content\/uploads\/2022\/05\/SIZ-Hilfe_Frau_Karimi_Kontaktdaten.pdf\">Unterst\u00fctzung bei der Beantragung: Schulinformationszentrum &#8211; Unterst\u00fctzung<\/a><br \/>\n<a href=\"http:\/\/www.sts-flottbek.de\/wp-content\/uploads\/2020\/11\/gt-4c.pdf\">Ermittlung des Familieneinkommens aus selbst\u00e4ndiger Arbeit oder f\u00fcr Beamt*innen: Ausf\u00fcll- und Berechnungshilfe<\/a><\/p>\n<\/div>\n\t\t<\/div><div id=\"panel-916-1-0-2\" class=\"so-panel widget widget_text panel-last-child\" data-index=\"3\" ><h3 class=\"widget-title\">Verschiedene Links:<\/h3>\t\t\t<div class=\"textwidget\"><div class=\"default-style\">Schulmediathek:\u00a0<a href=\"https:\/\/hamburg.edupool.de\/\">https:\/\/hamburg.edupool.de\/<\/a><\/div>\n<div><a href=\"https:\/\/geschichtsbuch.hamburg.de\/\" target=\"_blank\" rel=\"noopener\">Geschichtsbuch Hamburg<\/a><\/div>\n<div><a href=\"https:\/\/stsflott.hamburg.de\/\" target=\"_blank\" rel=\"noopener\">EduPort Login<\/a><\/div>\n<div>\n<div class=\"default-style\">moodle login <a href=\"https:\/\/lms.lernen.hamburg\/login\/index.php\">https:\/\/lms.lernen.hamburg\/login\/index.php<\/a><\/div>\n<\/div>\n<\/div>\n\t\t<\/div><\/div><\/div><\/div>","protected":false},"excerpt":{"rendered":"<p>Die Stadt Hamburg bietet Eltern ab dem Schuljahr 2023\/24 die M\u00f6glichkeit, ihre Kinder digital f\u00fcr das Ganztagsangebot an Schulen anzumelden. Online-Zugang: Der Anmeldedienst ist \u00fcber das Serviceportal Hamburg unter \u201eFamilie&hellip;&nbsp;<a href=\"https:\/\/www.sts-flottbek.de\/?page_id=916\" class=\"more-link\">&#8230; mehr<\/a><\/p>\n","protected":false},"author":5,"featured_media":0,"parent":0,"menu_order":400,"comment_status":"closed","ping_status":"closed","template":"","meta":{"footnotes":""},"class_list":["post-916","page","type-page","status-publish","hentry"],"_links":{"self":[{"href":"https:\/\/www.sts-flottbek.de\/index.php?rest_route=\/wp\/v2\/pages\/916","targetHints":{"allow":["GET"]}}],"collection":[{"href":"https:\/\/www.sts-flottbek.de\/index.php?rest_route=\/wp\/v2\/pages"}],"about":[{"href":"https:\/\/www.sts-flottbek.de\/index.php?rest_route=\/wp\/v2\/types\/page"}],"author":[{"embeddable":true,"href":"https:\/\/www.sts-flottbek.de\/index.php?rest_route=\/wp\/v2\/users\/5"}],"replies":[{"embeddable":true,"href":"https:\/\/www.sts-flottbek.de\/index.php?rest_route=%2Fwp%2Fv2%2Fcomments&post=916"}],"version-history":[{"count":79,"href":"https:\/\/www.sts-flottbek.de\/index.php?rest_route=\/wp\/v2\/pages\/916\/revisions"}],"predecessor-version":[{"id":8255,"href":"https:\/\/www.sts-flottbek.de\/index.php?rest_route=\/wp\/v2\/pages\/916\/revisions\/8255"}],"wp:attachment":[{"href":"https:\/\/www.sts-flottbek.de\/index.php?rest_route=%2Fwp%2Fv2%2Fmedia&parent=916"}],"curies":[{"name":"wp","href":"https:\/\/api.w.org\/{rel}","templated":true}]}}