{"id":93,"date":"2015-06-28T13:56:48","date_gmt":"2015-06-28T11:56:48","guid":{"rendered":"http:\/\/www.sts-flottbek.de\/?page_id=93"},"modified":"2023-10-12T19:55:13","modified_gmt":"2023-10-12T17:55:13","slug":"br-team","status":"publish","type":"page","link":"https:\/\/www.sts-flottbek.de\/?page_id=93","title":{"rendered":"Beratungsteam"},"content":{"rendered":"<div id=\"pl-93\"  class=\"panel-layout\" ><div id=\"pg-93-0\"  class=\"panel-grid panel-no-style\" ><div id=\"pgc-93-0-0\"  class=\"panel-grid-cell\" ><div id=\"panel-93-0-0-0\" class=\"so-panel widget widget_sow-editor panel-first-child panel-last-child\" data-index=\"0\" ><div\n\t\t\t\n\t\t\tclass=\"so-widget-sow-editor so-widget-sow-editor-base\"\n\t\t\t\n\t\t>\n<div class=\"siteorigin-widget-tinymce textwidget\">\n\t<p><strong>B\u00fcrozeiten<\/strong><\/p>\n<p>Montag\u00a0 \u00a0 \u00a0 \u00a0 \u00a0 14.15-15.00 Uhr<\/p>\n<p>Dienstag\u00a0 \u00a0 \u00a0 \u00a0 15.00-16.00 Uhr<\/p>\n<p>Donnerstag\u00a0 \u00a008.00-08.45 Uhr<\/p>\n<p>Freitag\u00a0 \u00a0 \u00a0 \u00a0 \u00a0 \u00a015.00-16.00 Uhr<\/p>\n<p>&nbsp;<\/p>\n<p><strong>Offene Sprechstunde<\/strong><\/p>\n<p>Montag\u00a0 \u00a0 \u00a0 \u00a0 \u00a012.45-13.40 Uhr (Haus 10)<\/p>\n<p>Dienstag\u00a0 \u00a0 \u00a0 \u00a008.45-09.45 Uhr (Haus 3)<\/p>\n<p>&nbsp;<\/p>\n<p><strong>Kontakt:\u00a0<\/strong><\/p>\n<p>beratungsteam[at]stsflott.hamburg.de<\/p>\n<p>Tel.: 040 4289304-90<\/p>\n<p>Tel.: 040 4289304-91<\/p>\n<p>&nbsp;<\/p>\n<h3>Offene Worte. Vertraulicher Umgang. H\u00f6chste Diskretion von uns f\u00fcr Sie und Euch<\/h3>\n<p>Es wird an Schulen immer Themen geben, die l\u00e4ngerfristig begleitet werden m\u00fcssen oder auch Probleme, die weder mit dem*der Klassenlehrer*in oder Vertrauten aus dem famili\u00e4ren Umfeld besprochen werden k\u00f6nnen. Hier kommt unser Beratungsteam ins Spiel. Diskret, neutral, kompetent und verschwiegen k\u00f6nnt Ihr Euch und Sie sich an das Beratungsteam wenden:<\/p>\n<p>Frau Petridis-Buttmann, Frau Maur-Weiss, Frau Catic, Frau Schr\u00f6ter und Herr Trog sind das Beratungsteam der STS Flottbek und helfen bei der Kl\u00e4rung der Probleme, indem viel besprochen und gemeinsam L\u00f6sungen erarbeitet werden. Das Team steht zur Verf\u00fcgung bei: Streitereien, Lernproblemen, Ausgrenzung oder Mobbing, Schulangst, Fragen im Umgang miteinander, Gewalt oder auch Suchtproblemen, bei Trennung und Trauer und ganz generell: bei Problemen mit Lehrer*innen oder Mitsch\u00fcler*innen.<\/p>\n<p>Wir sind sehr gern f\u00fcr Euch und Sie da!<\/p>\n<p>Ihr \/ Euer Beratungsteam<\/p>\n<p>&nbsp;<\/p>\n<\/div>\n<\/div><\/div><\/div><\/div><\/div>","protected":false},"excerpt":{"rendered":"<p>B\u00fcrozeiten Montag\u00a0 \u00a0 \u00a0 \u00a0 \u00a0 14.15-15.00 Uhr Dienstag\u00a0 \u00a0 \u00a0 \u00a0 15.00-16.00 Uhr Donnerstag\u00a0 \u00a008.00-08.45 Uhr Freitag\u00a0 \u00a0 \u00a0 \u00a0 \u00a0 \u00a015.00-16.00 Uhr &nbsp; Offene Sprechstunde Montag\u00a0 \u00a0 \u00a0&hellip;&nbsp;<a href=\"https:\/\/www.sts-flottbek.de\/?page_id=93\" class=\"more-link\">&#8230; mehr<\/a><\/p>\n","protected":false},"author":1,"featured_media":0,"parent":780,"menu_order":28,"comment_status":"closed","ping_status":"closed","template":"","meta":{"footnotes":""},"class_list":["post-93","page","type-page","status-publish","hentry"],"_links":{"self":[{"href":"https:\/\/www.sts-flottbek.de\/index.php?rest_route=\/wp\/v2\/pages\/93","targetHints":{"allow":["GET"]}}],"collection":[{"href":"https:\/\/www.sts-flottbek.de\/index.php?rest_route=\/wp\/v2\/pages"}],"about":[{"href":"https:\/\/www.sts-flottbek.de\/index.php?rest_route=\/wp\/v2\/types\/page"}],"author":[{"embeddable":true,"href":"https:\/\/www.sts-flottbek.de\/index.php?rest_route=\/wp\/v2\/users\/1"}],"replies":[{"embeddable":true,"href":"https:\/\/www.sts-flottbek.de\/index.php?rest_route=%2Fwp%2Fv2%2Fcomments&post=93"}],"version-history":[{"count":27,"href":"https:\/\/www.sts-flottbek.de\/index.php?rest_route=\/wp\/v2\/pages\/93\/revisions"}],"predecessor-version":[{"id":7110,"href":"https:\/\/www.sts-flottbek.de\/index.php?rest_route=\/wp\/v2\/pages\/93\/revisions\/7110"}],"up":[{"embeddable":true,"href":"https:\/\/www.sts-flottbek.de\/index.php?rest_route=\/wp\/v2\/pages\/780"}],"wp:attachment":[{"href":"https:\/\/www.sts-flottbek.de\/index.php?rest_route=%2Fwp%2Fv2%2Fmedia&parent=93"}],"curies":[{"name":"wp","href":"https:\/\/api.w.org\/{rel}","templated":true}]}}