{"id":933,"date":"2018-04-21T21:34:11","date_gmt":"2018-04-21T19:34:11","guid":{"rendered":"http:\/\/www.sts-flottbek.de\/?page_id=933"},"modified":"2025-10-06T14:19:36","modified_gmt":"2025-10-06T12:19:36","slug":"schulverein","status":"publish","type":"page","link":"https:\/\/www.sts-flottbek.de\/?page_id=933","title":{"rendered":"Schulverein"},"content":{"rendered":"<div id=\"pl-933\"  class=\"panel-layout\" ><div id=\"pg-933-0\"  class=\"panel-grid panel-no-style\" ><div id=\"pgc-933-0-0\"  class=\"panel-grid-cell\" ><div id=\"panel-933-0-0-0\" class=\"so-panel widget widget_sow-editor panel-first-child panel-last-child\" data-index=\"0\" ><div\n\t\t\t\n\t\t\tclass=\"so-widget-sow-editor so-widget-sow-editor-base\"\n\t\t\t\n\t\t><h3 class=\"widget-title\">\u201aOhne\u2018 w\u00e4re vieles nicht m\u00f6glich!<\/h3>\n<div class=\"siteorigin-widget-tinymce textwidget\">\n\t<p>Die Stadtteilschule Flottbek hat einen Schulverein. Dieser bezuschusst Ausfl\u00fcge, Klassenfahrten, Schulfeste, Projektwochen und vieles mehr. Ein Viertel der Mitgliedsbeitr\u00e4ge kommt direkt den Klassen zugute. Ohne den Schulverein w\u00e4ren viele Aktivit\u00e4ten, die das Schulleben sehr bereichern, nicht m\u00f6glich. Um der Sch\u00fclerschaft diese vielf\u00e4ltige Unterst\u00fctzung bieten zu k\u00f6nnen, bezahlen alle Schulvereinsmitglieder einen Jahresbeitrag von 15,00 \u20ac.<\/p>\n<p>Wenn Sie den Schulverein als Mitglied oder durch eine Spende unterst\u00fctzen m\u00f6chten, freuen wir uns \u00fcber eine \u00dcberweisung auf das folgende Konto:<\/p>\n<p>Schulverein der Stadtteilschule Flottbek e.V.<br \/>\nIBAN: DE95 2005 0550 1051 2156 46<br \/>\nBIC: HASPDEHHXXX<\/p>\n<p>Spendenbescheinigungen werden auf Wunsch gern ab \u20ac 100,- ausgestellt.<\/p>\n<p><a href=\"http:\/\/ntent\/uploads\/2025\/01\/Beitrittserklaerung-Schulverein-20_08_25.pdf\" target=\"_blank\" rel=\"noopener\">Beitrittserklaerung-Schulverein-20_08_25.pdf<\/a><\/p>\n<\/div>\n<\/div><\/div><\/div><div id=\"pgc-933-0-1\"  class=\"panel-grid-cell\" ><div id=\"panel-933-0-1-0\" class=\"so-panel widget widget_text panel-first-child panel-last-child\" data-index=\"1\" ><div class=\"so-rounded panel-widget-style panel-widget-style-for-933-0-1-0\" ><h3 class=\"widget-title\">Schulverein Mitgliederversammlung<\/h3>\t\t\t<div class=\"textwidget\"><p>Dienstag, 07.10.2025 um 18:15 Uhr<\/p>\n<p><strong>Wo:<\/strong> Mensa der STS Flottbek<\/p>\n<p>PS: Im Anschluss erfolgt die Elternvollversammlung<\/p>\n<\/div>\n\t\t<\/div><\/div><\/div><\/div><\/div>","protected":false},"excerpt":{"rendered":"<p>Die Stadtteilschule Flottbek hat einen Schulverein. Dieser bezuschusst Ausfl\u00fcge, Klassenfahrten, Schulfeste, Projektwochen und vieles mehr. Ein Viertel der Mitgliedsbeitr\u00e4ge kommt direkt den Klassen zugute. Ohne den Schulverein w\u00e4ren viele Aktivit\u00e4ten,&hellip;&nbsp;<a href=\"https:\/\/www.sts-flottbek.de\/?page_id=933\" class=\"more-link\">&#8230; mehr<\/a><\/p>\n","protected":false},"author":5,"featured_media":0,"parent":4230,"menu_order":0,"comment_status":"closed","ping_status":"closed","template":"","meta":{"footnotes":""},"class_list":["post-933","page","type-page","status-publish","hentry"],"_links":{"self":[{"href":"https:\/\/www.sts-flottbek.de\/index.php?rest_route=\/wp\/v2\/pages\/933","targetHints":{"allow":["GET"]}}],"collection":[{"href":"https:\/\/www.sts-flottbek.de\/index.php?rest_route=\/wp\/v2\/pages"}],"about":[{"href":"https:\/\/www.sts-flottbek.de\/index.php?rest_route=\/wp\/v2\/types\/page"}],"author":[{"embeddable":true,"href":"https:\/\/www.sts-flottbek.de\/index.php?rest_route=\/wp\/v2\/users\/5"}],"replies":[{"embeddable":true,"href":"https:\/\/www.sts-flottbek.de\/index.php?rest_route=%2Fwp%2Fv2%2Fcomments&post=933"}],"version-history":[{"count":19,"href":"https:\/\/www.sts-flottbek.de\/index.php?rest_route=\/wp\/v2\/pages\/933\/revisions"}],"predecessor-version":[{"id":8863,"href":"https:\/\/www.sts-flottbek.de\/index.php?rest_route=\/wp\/v2\/pages\/933\/revisions\/8863"}],"up":[{"embeddable":true,"href":"https:\/\/www.sts-flottbek.de\/index.php?rest_route=\/wp\/v2\/pages\/4230"}],"wp:attachment":[{"href":"https:\/\/www.sts-flottbek.de\/index.php?rest_route=%2Fwp%2Fv2%2Fmedia&parent=933"}],"curies":[{"name":"wp","href":"https:\/\/api.w.org\/{rel}","templated":true}]}}